{"id":2294,"date":"2017-07-06T18:23:04","date_gmt":"2017-07-06T18:23:04","guid":{"rendered":"http:\/\/bandeiracoin.com.br\/?page_id=2294"},"modified":"2022-08-01T21:29:17","modified_gmt":"2022-08-01T21:29:17","slug":"grupos-de-whatsapp","status":"publish","type":"page","link":"https:\/\/registerforex.com\/bo\/grupos-de-whatsapp\/","title":{"rendered":"Grupos de WhatsApp"},"content":{"rendered":"[vc_row][vc_column width=\u00bb1\/6&#8243;][\/vc_column][vc_column width=\u00bb2\/3&#8243;][vc_custom_heading source=\u00bbpost_title\u00bb font_container=\u00bbtag:h1|font_size:40|text_align:center|color:%234c962e\u00bb google_fonts=\u00bbfont_family:Nunito%3A300%2Cregular%2C700|font_style:700%20bold%20regular%3A700%3Anormal\u00bb][vc_row_inner][vc_column_inner width=\u00bb1\/3&#8243;][\/vc_column_inner][vc_column_inner width=\u00bb1\/3&#8243;][vc_single_image image=\u00bb3411&#8243; alignment=\u00bbcenter\u00bb css_animation=\u00bbslideInUp\u00bb][\/vc_column_inner][vc_column_inner width=\u00bb1\/3&#8243;][\/vc_column_inner][\/vc_row_inner][vc_row_inner][vc_column_inner][vc_custom_heading text=\u00bbEncuentre un grupo de WhatsApp en su estado o regi\u00f3n\u00bb font_container=\u00bbtag:h1|font_size:30|text_align:center\u00bb google_fonts=\u00bbfont_family:Nunito%3A300%2Cregular%2C700|font_style:700%20bold%20regular%3A700%3Anormal\u00bb css_animation=\u00bbslideInRight\u00bb][\/vc_column_inner][\/vc_row_inner][vc_tta_tabs title_tag=\u00bbh3&#8243; style=\u00bboutline\u00bb shape=\u00bbround\u00bb color=\u00bbgreen\u00bb spacing=\u00bb\u00bb alignment=\u00bbcenter\u00bb active_section=\u00bb1&#8243;][vc_tta_section i_icon_fontawesome=\u00bbfas fa-globe-asia\u00bb add_icon=\u00bbtrue\u00bb title=\u00bbRegi\u00f3nes\u00bb tab_id=\u00bbNortheast\u00bb][vc_row_inner css=\u00bb.vc_custom_1658339094969{background-image: url(https:\/\/registerforex.com\/bo\/wp-content\/uploads\/2022\/07\/united-states-map-regions-whatsapp-register-omegapro-world.png?id=3672) !important;background-position: center !important;background-repeat: no-repeat !important;background-size: contain !important;}\u00bb][vc_column_inner css=\u00bb.vc_custom_1657110784089{background-color: rgba(0,0,0,0.75) !important;*background-color: rgb(0,0,0) !important;border-radius: 25px !important;}\u00bb][vc_column_text]<a href=\"https:\/\/registerforex.com\/bo\/whatsappregiones\">Beni <\/a><\/p>\n<p><a href=\"https:\/\/registerforex.com\/bo\/whatsappregiones\">Trinidad <\/a><\/p>\n<p><a href=\"https:\/\/registerforex.com\/bo\/whatsappregiones\">Chuquisaca <\/a><\/p>\n<p><a href=\"https:\/\/registerforex.com\/bo\/whatsappregiones\">Sucre <\/a><\/p>\n<p><a href=\"https:\/\/registerforex.com\/bo\/whatsappregiones\">Cochabamba <\/a><\/p>\n<p><a href=\"https:\/\/registerforex.com\/bo\/whatsappregiones\">La Paz <\/a><\/p>\n<p><a href=\"https:\/\/registerforex.com\/bo\/whatsappregiones\">Nuestra Se\u00f1ora de La Paz<\/a><\/p>\n<p><a href=\"https:\/\/registerforex.com\/bo\/whatsappregiones\"> Oruro <\/a><\/p>\n<p><a href=\"https:\/\/registerforex.com\/bo\/whatsappregiones\">Pando<\/a><\/p>\n<p><a href=\"https:\/\/registerforex.com\/bo\/whatsappregiones\"> Cobija <\/a><\/p>\n<p><a href=\"https:\/\/registerforex.com\/bo\/whatsappregiones\">Potos\u00ed <\/a><\/p>\n<p><a href=\"https:\/\/registerforex.com\/bo\/whatsappregiones\">Santa Cruz <\/a><\/p>\n<p><a href=\"https:\/\/registerforex.com\/bo\/whatsappregiones\">Santa Cruz de la Sierra<\/a><\/p>\n<p><a href=\"https:\/\/registerforex.com\/bo\/whatsappregiones\"> Tarija<\/a>[\/vc_column_text][\/vc_column_inner][\/vc_row_inner][\/vc_tta_section][\/vc_tta_tabs][\/vc_column][vc_column width=\u00bb1\/6&#8243;][\/vc_column][\/vc_row]\n","protected":false},"excerpt":{"rendered":"<p>[vc_row][vc_column width=\u00bb1\/6&#8243;][\/vc_column][vc_column width=\u00bb2\/3&#8243;][vc_custom_heading source=\u00bbpost_title\u00bb font_container=\u00bbtag:h1|font_size:40|text_align:center|color:%234c962e\u00bb google_fonts=\u00bbfont_family:Nunito%3A300%2Cregular%2C700|font_style:700%20bold%20regular%3A700%3Anormal\u00bb][vc_row_inner][vc_column_inner width=\u00bb1\/3&#8243;][\/vc_column_inner][vc_column_inner width=\u00bb1\/3&#8243;][vc_single_image image=\u00bb3411&#8243; alignment=\u00bbcenter\u00bb css_animation=\u00bbslideInUp\u00bb][\/vc_column_inner][vc_column_inner width=\u00bb1\/3&#8243;][\/vc_column_inner][\/vc_row_inner][vc_row_inner][vc_column_inner][vc_custom_heading text=\u00bbEncuentre un grupo de WhatsApp en su estado o regi\u00f3n\u00bb font_container=\u00bbtag:h1|font_size:30|text_align:center\u00bb google_fonts=\u00bbfont_family:Nunito%3A300%2Cregular%2C700|font_style:700%20bold%20regular%3A700%3Anormal\u00bb css_animation=\u00bbslideInRight\u00bb][\/vc_column_inner][\/vc_row_inner][vc_tta_tabs title_tag=\u00bbh3&#8243; style=\u00bboutline\u00bb shape=\u00bbround\u00bb color=\u00bbgreen\u00bb spacing=\u00bb\u00bb alignment=\u00bbcenter\u00bb active_section=\u00bb1&#8243;][vc_tta_section i_icon_fontawesome=\u00bbfas fa-globe-asia\u00bb add_icon=\u00bbtrue\u00bb title=\u00bbRegi\u00f3nes\u00bb tab_id=\u00bbNortheast\u00bb][vc_row_inner css=\u00bb.vc_custom_1658339094969{background-image: url(https:\/\/registerforex.com\/bo\/wp-content\/uploads\/2022\/07\/united-states-map-regions-whatsapp-register-omegapro-world.png?id=3672) !important;background-position: center !important;background-repeat: no-repeat !important;background-size: contain !important;}\u00bb][vc_column_inner css=\u00bb.vc_custom_1657110784089{background-color: rgba(0,0,0,0.75) !important;*background-color: rgb(0,0,0) !important;border-radius: 25px !important;}\u00bb][vc_column_text]Beni Trinidad Chuquisaca Sucre Cochabamba La Paz Nuestra Se\u00f1ora de La Paz Oruro Pando Cobija Potos\u00ed Santa Cruz Santa Cruz de la Sierra Tarija[\/vc_column_text][\/vc_column_inner][\/vc_row_inner][\/vc_tta_section][\/vc_tta_tabs][\/vc_column][vc_column width=\u00bb1\/6&#8243;][\/vc_column][\/vc_row]<\/p>\n","protected":false},"author":1,"featured_media":3874,"parent":0,"menu_order":0,"comment_status":"closed","ping_status":"closed","template":"elementor_header_footer","meta":[],"tags":[],"blocksy_meta":{"styles_descriptor":{"styles":{"desktop":"","tablet":"","mobile":""},"google_fonts":[],"version":5}},"yoast_head":"<!-- This site is optimized with the Yoast SEO plugin v21.8.1 - https:\/\/yoast.com\/wordpress\/plugins\/seo\/ -->\n<title>Grupos de WhatsApp - OmegaPRO | Registro | Omega PRO World | Bolivia<\/title>\n<meta name=\"description\" content=\"Grupos de WhatsApp - Registro OmegaPRO | \u00a1\u00danase a un grupo ahora mismo y sea atendido por un consultor cerca de usted en su regi\u00f3n!\" \/>\n<meta name=\"robots\" content=\"index, follow, max-snippet:-1, max-image-preview:large, max-video-preview:-1\" \/>\n<link rel=\"canonical\" href=\"https:\/\/registerforex.com\/bo\/grupos-de-whatsapp\/\" \/>\n<meta property=\"og:locale\" content=\"es_ES\" \/>\n<meta property=\"og:type\" content=\"article\" \/>\n<meta property=\"og:title\" content=\"Grupos de WhatsApp - OmegaPRO | Registro | Omega PRO World | Bolivia\" \/>\n<meta property=\"og:description\" content=\"Grupos de WhatsApp - Registro OmegaPRO | \u00a1\u00danase a un grupo ahora mismo y sea atendido por un consultor cerca de usted en su regi\u00f3n!\" \/>\n<meta property=\"og:url\" content=\"https:\/\/registerforex.com\/bo\/grupos-de-whatsapp\/\" \/>\n<meta property=\"og:site_name\" content=\"OmegaPRO | Registro | Omega PRO World | Bolivia\" \/>\n<meta property=\"article:modified_time\" content=\"2022-08-01T21:29:17+00:00\" \/>\n<meta property=\"og:image\" content=\"https:\/\/registerforex.com\/bo\/wp-content\/uploads\/2022\/07\/portada-de-pagina-grupos-de-whatsapp-Registro-OmegaPro-World.jpg\" \/>\n\t<meta property=\"og:image:width\" content=\"1124\" \/>\n\t<meta property=\"og:image:height\" content=\"1124\" \/>\n\t<meta property=\"og:image:type\" content=\"image\/jpeg\" \/>\n<meta name=\"twitter:card\" content=\"summary_large_image\" \/>\n<meta name=\"twitter:label1\" content=\"Tiempo de lectura\" \/>\n\t<meta name=\"twitter:data1\" content=\"1 minuto\" \/>\n<script type=\"application\/ld+json\" class=\"yoast-schema-graph\">{\"@context\":\"https:\/\/schema.org\",\"@graph\":[{\"@type\":\"WebPage\",\"@id\":\"https:\/\/registerforex.com\/bo\/grupos-de-whatsapp\/\",\"url\":\"https:\/\/registerforex.com\/bo\/grupos-de-whatsapp\/\",\"name\":\"Grupos de WhatsApp - OmegaPRO | Registro | Omega PRO World | Bolivia\",\"isPartOf\":{\"@id\":\"https:\/\/registerforex.com\/bo\/#website\"},\"datePublished\":\"2017-07-06T18:23:04+00:00\",\"dateModified\":\"2022-08-01T21:29:17+00:00\",\"description\":\"Grupos de WhatsApp - Registro OmegaPRO | \u00a1\u00danase a un grupo ahora mismo y sea atendido por un consultor cerca de usted en su regi\u00f3n!\",\"breadcrumb\":{\"@id\":\"https:\/\/registerforex.com\/bo\/grupos-de-whatsapp\/#breadcrumb\"},\"inLanguage\":\"es-BO\",\"potentialAction\":[{\"@type\":\"ReadAction\",\"target\":[\"https:\/\/registerforex.com\/bo\/grupos-de-whatsapp\/\"]}]},{\"@type\":\"BreadcrumbList\",\"@id\":\"https:\/\/registerforex.com\/bo\/grupos-de-whatsapp\/#breadcrumb\",\"itemListElement\":[{\"@type\":\"ListItem\",\"position\":1,\"name\":\"Home\",\"item\":\"https:\/\/registerforex.com\/bo\/\"},{\"@type\":\"ListItem\",\"position\":2,\"name\":\"Grupos de WhatsApp\"}]},{\"@type\":\"WebSite\",\"@id\":\"https:\/\/registerforex.com\/bo\/#website\",\"url\":\"https:\/\/registerforex.com\/bo\/\",\"name\":\"OmegaPRO | Registro | Omega PRO World | Bolivia\",\"description\":\"OmegaPRO | Registro | Bolivia | Aprende todo sobre c\u00f3mo funciona Omega Pro y reg\u00edstrate aqu\u00ed y obt\u00e9n ganancias de forma segura en el mercado de inversi\u00f3n.\",\"publisher\":{\"@id\":\"https:\/\/registerforex.com\/bo\/#organization\"},\"potentialAction\":[{\"@type\":\"SearchAction\",\"target\":{\"@type\":\"EntryPoint\",\"urlTemplate\":\"https:\/\/registerforex.com\/bo\/?s={search_term_string}\"},\"query-input\":\"required name=search_term_string\"}],\"inLanguage\":\"es-BO\"},{\"@type\":\"Organization\",\"@id\":\"https:\/\/registerforex.com\/bo\/#organization\",\"name\":\"OmegaPRO | Registro | Omega PRO World | Bolivia\",\"url\":\"https:\/\/registerforex.com\/bo\/\",\"logo\":{\"@type\":\"ImageObject\",\"inLanguage\":\"es-BO\",\"@id\":\"https:\/\/registerforex.com\/bo\/#\/schema\/logo\/image\/\",\"url\":\"https:\/\/registerforex.com\/bo\/wp-content\/uploads\/2022\/08\/logo-bolivia-registro-omegapro-world.png\",\"contentUrl\":\"https:\/\/registerforex.com\/bo\/wp-content\/uploads\/2022\/08\/logo-bolivia-registro-omegapro-world.png\",\"width\":390,\"height\":95,\"caption\":\"OmegaPRO | Registro | Omega PRO World | Bolivia\"},\"image\":{\"@id\":\"https:\/\/registerforex.com\/bo\/#\/schema\/logo\/image\/\"}}]}<\/script>\n<!-- \/ Yoast SEO plugin. -->","yoast_head_json":{"title":"Grupos de WhatsApp - OmegaPRO | Registro | Omega PRO World | Bolivia","description":"Grupos de WhatsApp - Registro OmegaPRO | \u00a1\u00danase a un grupo ahora mismo y sea atendido por un consultor cerca de usted en su regi\u00f3n!","robots":{"index":"index","follow":"follow","max-snippet":"max-snippet:-1","max-image-preview":"max-image-preview:large","max-video-preview":"max-video-preview:-1"},"canonical":"https:\/\/registerforex.com\/bo\/grupos-de-whatsapp\/","og_locale":"es_ES","og_type":"article","og_title":"Grupos de WhatsApp - OmegaPRO | Registro | Omega PRO World | Bolivia","og_description":"Grupos de WhatsApp - Registro OmegaPRO | \u00a1\u00danase a un grupo ahora mismo y sea atendido por un consultor cerca de usted en su regi\u00f3n!","og_url":"https:\/\/registerforex.com\/bo\/grupos-de-whatsapp\/","og_site_name":"OmegaPRO | Registro | Omega PRO World | Bolivia","article_modified_time":"2022-08-01T21:29:17+00:00","og_image":[{"width":1124,"height":1124,"url":"https:\/\/registerforex.com\/bo\/wp-content\/uploads\/2022\/07\/portada-de-pagina-grupos-de-whatsapp-Registro-OmegaPro-World.jpg","type":"image\/jpeg"}],"twitter_card":"summary_large_image","twitter_misc":{"Tiempo de lectura":"1 minuto"},"schema":{"@context":"https:\/\/schema.org","@graph":[{"@type":"WebPage","@id":"https:\/\/registerforex.com\/bo\/grupos-de-whatsapp\/","url":"https:\/\/registerforex.com\/bo\/grupos-de-whatsapp\/","name":"Grupos de WhatsApp - OmegaPRO | Registro | Omega PRO World | Bolivia","isPartOf":{"@id":"https:\/\/registerforex.com\/bo\/#website"},"datePublished":"2017-07-06T18:23:04+00:00","dateModified":"2022-08-01T21:29:17+00:00","description":"Grupos de WhatsApp - Registro OmegaPRO | \u00a1\u00danase a un grupo ahora mismo y sea atendido por un consultor cerca de usted en su regi\u00f3n!","breadcrumb":{"@id":"https:\/\/registerforex.com\/bo\/grupos-de-whatsapp\/#breadcrumb"},"inLanguage":"es-BO","potentialAction":[{"@type":"ReadAction","target":["https:\/\/registerforex.com\/bo\/grupos-de-whatsapp\/"]}]},{"@type":"BreadcrumbList","@id":"https:\/\/registerforex.com\/bo\/grupos-de-whatsapp\/#breadcrumb","itemListElement":[{"@type":"ListItem","position":1,"name":"Home","item":"https:\/\/registerforex.com\/bo\/"},{"@type":"ListItem","position":2,"name":"Grupos de WhatsApp"}]},{"@type":"WebSite","@id":"https:\/\/registerforex.com\/bo\/#website","url":"https:\/\/registerforex.com\/bo\/","name":"OmegaPRO | Registro | Omega PRO World | Bolivia","description":"OmegaPRO | Registro | Bolivia | Aprende todo sobre c\u00f3mo funciona Omega Pro y reg\u00edstrate aqu\u00ed y obt\u00e9n ganancias de forma segura en el mercado de inversi\u00f3n.","publisher":{"@id":"https:\/\/registerforex.com\/bo\/#organization"},"potentialAction":[{"@type":"SearchAction","target":{"@type":"EntryPoint","urlTemplate":"https:\/\/registerforex.com\/bo\/?s={search_term_string}"},"query-input":"required name=search_term_string"}],"inLanguage":"es-BO"},{"@type":"Organization","@id":"https:\/\/registerforex.com\/bo\/#organization","name":"OmegaPRO | Registro | Omega PRO World | Bolivia","url":"https:\/\/registerforex.com\/bo\/","logo":{"@type":"ImageObject","inLanguage":"es-BO","@id":"https:\/\/registerforex.com\/bo\/#\/schema\/logo\/image\/","url":"https:\/\/registerforex.com\/bo\/wp-content\/uploads\/2022\/08\/logo-bolivia-registro-omegapro-world.png","contentUrl":"https:\/\/registerforex.com\/bo\/wp-content\/uploads\/2022\/08\/logo-bolivia-registro-omegapro-world.png","width":390,"height":95,"caption":"OmegaPRO | Registro | Omega PRO World | Bolivia"},"image":{"@id":"https:\/\/registerforex.com\/bo\/#\/schema\/logo\/image\/"}}]}},"_links":{"self":[{"href":"https:\/\/registerforex.com\/bo\/wp-json\/wp\/v2\/pages\/2294"}],"collection":[{"href":"https:\/\/registerforex.com\/bo\/wp-json\/wp\/v2\/pages"}],"about":[{"href":"https:\/\/registerforex.com\/bo\/wp-json\/wp\/v2\/types\/page"}],"author":[{"embeddable":true,"href":"https:\/\/registerforex.com\/bo\/wp-json\/wp\/v2\/users\/1"}],"replies":[{"embeddable":true,"href":"https:\/\/registerforex.com\/bo\/wp-json\/wp\/v2\/comments?post=2294"}],"version-history":[{"count":19,"href":"https:\/\/registerforex.com\/bo\/wp-json\/wp\/v2\/pages\/2294\/revisions"}],"predecessor-version":[{"id":3924,"href":"https:\/\/registerforex.com\/bo\/wp-json\/wp\/v2\/pages\/2294\/revisions\/3924"}],"wp:featuredmedia":[{"embeddable":true,"href":"https:\/\/registerforex.com\/bo\/wp-json\/wp\/v2\/media\/3874"}],"wp:attachment":[{"href":"https:\/\/registerforex.com\/bo\/wp-json\/wp\/v2\/media?parent=2294"}],"wp:term":[{"taxonomy":"post_tag","embeddable":true,"href":"https:\/\/registerforex.com\/bo\/wp-json\/wp\/v2\/tags?post=2294"}],"curies":[{"name":"wp","href":"https:\/\/api.w.org\/{rel}","templated":true}]}}