{"id":2818,"date":"2022-06-06T15:06:55","date_gmt":"2022-06-06T15:06:55","guid":{"rendered":"https:\/\/registerforex.com\/bo\/?page_id=2818"},"modified":"2022-08-12T17:47:30","modified_gmt":"2022-08-12T17:47:30","slug":"omega-pro-en-la-region-de","status":"publish","type":"page","link":"https:\/\/registerforex.com\/bo\/omega-pro-en-la-region-de\/","title":{"rendered":"Omega Pro en la Region"},"content":{"rendered":"[vc_section full_width=\u00bbstretch_row\u00bb css=\u00bb.vc_custom_1571043686749{padding-top: 150px !important;padding-bottom: 150px !important;}\u00bb][vc_row content_placement=\u00bbmiddle\u00bb][vc_column width=\u00bb1\/2&#8243;][vc_custom_heading text=\u00bbDescubra nuestro servicio de registro por regi\u00f3n\u00bb font_container=\u00bbtag:h1|font_size:24px|text_align:left|color:%23ffffff|line_height:34px\u00bb google_fonts=\u00bbfont_family:Open%20Sans%3A300%2C300italic%2Cregular%2Citalic%2C600%2C600italic%2C700%2C700italic%2C800%2C800italic|font_style:400%20regular%3A400%3Anormal\u00bb][vc_row_inner content_placement=\u00bbmiddle\u00bb css=\u00bb.vc_custom_1571043628796{margin-top: 30px !important;}\u00bb][vc_column_inner width=\u00bb1\/4&#8243; css=\u00bb.vc_custom_1571043378100{padding-left: 0px !important;}\u00bb][\/vc_column_inner][vc_column_inner width=\u00bb3\/4&#8243;][vc_btn title=\u00bb\u00a1Vea!\u00bb style=\u00bbcustom\u00bb custom_background=\u00bb#5e47e0&#8243; custom_text=\u00bb#ffffff\u00bb link=\u00bburl:https%3A%2F%2Fregister-omegapro.world%2Fco%2Fomega-pro-en-la-region-de%2F%23saibamais\u00bb][\/vc_column_inner][\/vc_row_inner][\/vc_column][vc_column width=\u00bb1\/2&#8243;][vc_single_image image=\u00bb3750&#8243; img_size=\u00bblarge\u00bb alignment=\u00bbcenter\u00bb][\/vc_column][\/vc_row][\/vc_section][vc_section el_id=\u00bbsaibamais\u00bb][vc_row][vc_column][vc_custom_heading text=\u00bb\u00a1Una herramienta para que ganes m\u00e1s dinero!\u00bb font_container=\u00bbtag:h2|font_size:40px|text_align:center|color:%23ffffff|line_height:50px\u00bb google_fonts=\u00bbfont_family:Open%20Sans%3A300%2C300italic%2Cregular%2Citalic%2C600%2C600italic%2C700%2C700italic%2C800%2C800italic|font_style:400%20regular%3A400%3Anormal\u00bb][vc_column_text]\n<p style=\"text-align: center; color: rgba(0,0,0,0.75); font-family: Open Sans; font-size: 14px; line-height: 22px;\"><span style=\"color: #ffff99;\">\u00a1Las personas que se conviertan en clientes de OmegaPro a trav\u00e9s de este sitio podr\u00e1n ganar una p\u00e1gina en este sitio completamente gratis!<\/span><\/p>\n[\/vc_column_text][\/vc_column][\/vc_row][vc_row gap=\u00bb30&#8243;][vc_column width=\u00bb1\/3&#8243; css=\u00bb.vc_custom_1571044324528{border-top-width: 1px !important;border-right-width: 1px !important;border-bottom-width: 1px !important;border-left-width: 1px !important;padding-right: 30px !important;padding-left: 30px !important;border-left-color: #eeeeee !important;border-left-style: solid !important;border-right-color: #eeeeee !important;border-right-style: solid !important;border-top-color: #eeeeee !important;border-top-style: solid !important;border-bottom-color: #eeeeee !important;border-bottom-style: solid !important;}\u00bb][vc_single_image image=\u00bb3468&#8243; img_size=\u00bb50&#215;50&#8243; alignment=\u00bbcenter\u00bb][vc_custom_heading text=\u00bb\u00a1Resultados geolocalizados!\u00bb font_container=\u00bbtag:h3|font_size:20px|text_align:center|color:%23525286|line_height:30px\u00bb google_fonts=\u00bbfont_family:Open%20Sans%3A300%2C300italic%2Cregular%2Citalic%2C600%2C600italic%2C700%2C700italic%2C800%2C800italic|font_style:600%20bold%20regular%3A600%3Anormal\u00bb][vc_column_text]\n<p style=\"text-align: center; color: rgba(0,0,0,0.75); font-family: Open Sans; font-size: 14px; line-height: 24px;\"><span style=\"color: #ffff99;\">\u00a1Tu nombre aparece en los resultados de b\u00fasqueda para cada regi\u00f3n correspondiente a tu lugar de residencia!<\/span><\/p>\n[\/vc_column_text][\/vc_column][vc_column width=\u00bb1\/3&#8243; css=\u00bb.vc_custom_1571044480947{border-top-width: 1px !important;border-right-width: 1px !important;border-bottom-width: 1px !important;border-left-width: 1px !important;padding-right: 30px !important;padding-left: 30px !important;border-left-color: #eeeeee !important;border-left-style: solid !important;border-right-color: #eeeeee !important;border-right-style: solid !important;border-top-color: #eeeeee !important;border-top-style: solid !important;border-bottom-color: #eeeeee !important;border-bottom-style: solid !important;}\u00bb][vc_single_image image=\u00bb3469&#8243; img_size=\u00bb50&#215;50&#8243; alignment=\u00bbcenter\u00bb][vc_custom_heading text=\u00bb\u00a1Organizar!\u00bb font_container=\u00bbtag:h3|font_size:20px|text_align:center|color:%23525286|line_height:30px\u00bb google_fonts=\u00bbfont_family:Open%20Sans%3A300%2C300italic%2Cregular%2Citalic%2C600%2C600italic%2C700%2C700italic%2C800%2C800italic|font_style:600%20bold%20regular%3A600%3Anormal\u00bb][vc_column_text]\n<p style=\"text-align: center; color: rgba(0,0,0,0.75); font-family: Open Sans; font-size: 14px; line-height: 24px;\"><span style=\"color: #ffff99;\">\u00a1Podr\u00e1 organizar a sus nuevos clientes que ingresan a nuestro sitio para que ocupen regiones cercanas a la suya y obtenga un equipo que est\u00e9 en sinton\u00eda!<\/span><\/p>\n[\/vc_column_text][\/vc_column][vc_column width=\u00bb1\/3&#8243; css=\u00bb.vc_custom_1571044588779{border-top-width: 1px !important;border-right-width: 1px !important;border-bottom-width: 1px !important;border-left-width: 1px !important;padding-right: 30px !important;padding-left: 30px !important;border-left-color: #eeeeee !important;border-left-style: solid !important;border-right-color: #eeeeee !important;border-right-style: solid !important;border-top-color: #eeeeee !important;border-top-style: solid !important;border-bottom-color: #eeeeee !important;border-bottom-style: solid !important;}\u00bb][vc_single_image image=\u00bb3470&#8243; img_size=\u00bb50&#215;50&#8243; alignment=\u00bbcenter\u00bb][vc_custom_heading text=\u00bbAPP\u00bb font_container=\u00bbtag:h3|font_size:20px|text_align:center|color:%23525286|line_height:30px\u00bb google_fonts=\u00bbfont_family:Open%20Sans%3A300%2C300italic%2Cregular%2Citalic%2C600%2C600italic%2C700%2C700italic%2C800%2C800italic|font_style:600%20bold%20regular%3A600%3Anormal\u00bb][vc_column_text]\n<p style=\"text-align: center; color: rgba(0,0,0,0.75); font-family: Open Sans; font-size: 14px; line-height: 24px;\"><span style=\"color: #ffff99;\">\u00a1Ya estamos produciendo una aplicaci\u00f3n para que la descargues y puedas organizar a todos tus nuevos clientes de una manera incre\u00edble!<\/span><\/p>\n[\/vc_column_text][\/vc_column][\/vc_row][\/vc_section][vc_section full_width=\u00bbstretch_row\u00bb css=\u00bb.vc_custom_1571047539506{padding-top: 50px !important;padding-bottom: 50px !important;background-color: #5e47e0 !important;}\u00bb][vc_row][vc_column width=\u00bb2\/3&#8243;][vc_custom_heading text=\u00bb\u00bfListo para empezar?\u00bb font_container=\u00bbtag:h2|font_size:40px|text_align:left|color:%23ffffff|line_height:50px\u00bb google_fonts=\u00bbfont_family:Open%20Sans%3A300%2C300italic%2Cregular%2Citalic%2C600%2C600italic%2C700%2C700italic%2C800%2C800italic|font_style:400%20regular%3A400%3Anormal\u00bb css=\u00bb.vc_custom_1660323730232{margin-bottom: 0px !important;}\u00bb][\/vc_column][vc_column width=\u00bb1\/3&#8243;][vc_btn title=\u00bb\u00a1Mira c\u00f3mo funciona!\u00bb style=\u00bboutline-custom\u00bb outline_custom_color=\u00bb#ffffff\u00bb outline_custom_hover_background=\u00bb#ffffff\u00bb outline_custom_hover_text=\u00bb#5e47e0&#8243; align=\u00bbright\u00bb css=\u00bb.vc_custom_1660323756033{margin-top: 8px !important;margin-bottom: 0px !important;}\u00bb link=\u00bburl:https%3A%2F%2Fregister-omegapro.world%2Fco%2Finformative%2Fyour-name-here%2F|title:%C2%A1S%C3%A9%20el%20primer%20cliente%20en%20una%20regi%C3%B3n!\u00bb][\/vc_column][\/vc_row][\/vc_section]\n","protected":false},"excerpt":{"rendered":"<p>[vc_section full_width=\u00bbstretch_row\u00bb css=\u00bb.vc_custom_1571043686749{padding-top: 150px !important;padding-bottom: 150px !important;}\u00bb][vc_row content_placement=\u00bbmiddle\u00bb][vc_column width=\u00bb1\/2&#8243;][vc_custom_heading text=\u00bbDescubra nuestro servicio de registro por regi\u00f3n\u00bb font_container=\u00bbtag:h1|font_size:24px|text_align:left|color:%23ffffff|line_height:34px\u00bb google_fonts=\u00bbfont_family:Open%20Sans%3A300%2C300italic%2Cregular%2Citalic%2C600%2C600italic%2C700%2C700italic%2C800%2C800italic|font_style:400%20regular%3A400%3Anormal\u00bb][vc_row_inner content_placement=\u00bbmiddle\u00bb css=\u00bb.vc_custom_1571043628796{margin-top: 30px !important;}\u00bb][vc_column_inner width=\u00bb1\/4&#8243; css=\u00bb.vc_custom_1571043378100{padding-left: 0px !important;}\u00bb][\/vc_column_inner][vc_column_inner width=\u00bb3\/4&#8243;][vc_btn title=\u00bb\u00a1Vea!\u00bb style=\u00bbcustom\u00bb custom_background=\u00bb#5e47e0&#8243; custom_text=\u00bb#ffffff\u00bb link=\u00bburl:https%3A%2F%2Fregister-omegapro.world%2Fco%2Fomega-pro-en-la-region-de%2F%23saibamais\u00bb][\/vc_column_inner][\/vc_row_inner][\/vc_column][vc_column width=\u00bb1\/2&#8243;][vc_single_image image=\u00bb3750&#8243; img_size=\u00bblarge\u00bb alignment=\u00bbcenter\u00bb][\/vc_column][\/vc_row][\/vc_section][vc_section el_id=\u00bbsaibamais\u00bb][vc_row][vc_column][vc_custom_heading text=\u00bb\u00a1Una herramienta para que ganes m\u00e1s dinero!\u00bb font_container=\u00bbtag:h2|font_size:40px|text_align:center|color:%23ffffff|line_height:50px\u00bb google_fonts=\u00bbfont_family:Open%20Sans%3A300%2C300italic%2Cregular%2Citalic%2C600%2C600italic%2C700%2C700italic%2C800%2C800italic|font_style:400%20regular%3A400%3Anormal\u00bb][vc_column_text] \u00a1Las personas que se conviertan en clientes de OmegaPro a trav\u00e9s de este sitio podr\u00e1n ganar una p\u00e1gina en este sitio completamente gratis! [\/vc_column_text][\/vc_column][\/vc_row][vc_row gap=\u00bb30&#8243;][vc_column width=\u00bb1\/3&#8243; css=\u00bb.vc_custom_1571044324528{border-top-width: 1px !important;border-right-width: 1px !important;border-bottom-width: 1px !important;border-left-width: 1px !important;padding-right: 30px !important;padding-left: 30px !important;border-left-color: #eeeeee !important;border-left-style: solid !important;border-right-color: #eeeeee !important;border-right-style: solid !important;border-top-color: #eeeeee !important;border-top-style: solid !important;border-bottom-color: #eeeeee !important;border-bottom-style: solid\u2026<\/p>\n","protected":false},"author":1,"featured_media":3878,"parent":0,"menu_order":0,"comment_status":"closed","ping_status":"closed","template":"elementor_header_footer","meta":[],"tags":[],"blocksy_meta":{"styles_descriptor":{"styles":{"desktop":"","tablet":"","mobile":""},"google_fonts":[],"version":5}},"yoast_head":"<!-- This site is optimized with the Yoast SEO plugin v21.8.1 - https:\/\/yoast.com\/wordpress\/plugins\/seo\/ -->\n<title>Omega Pro en la Region - OmegaPRO | Registro | Omega PRO World | Bolivia<\/title>\n<meta name=\"robots\" content=\"index, follow, max-snippet:-1, max-image-preview:large, max-video-preview:-1\" \/>\n<link rel=\"canonical\" href=\"https:\/\/registerforex.com\/bo\/omega-pro-en-la-region-de\/\" \/>\n<meta property=\"og:locale\" content=\"es_ES\" \/>\n<meta property=\"og:type\" content=\"article\" \/>\n<meta property=\"og:title\" content=\"Omega Pro en la Region - OmegaPRO | Registro | Omega PRO World | Bolivia\" \/>\n<meta property=\"og:description\" content=\"[vc_section full_width=\u00bbstretch_row\u00bb css=\u00bb.vc_custom_1571043686749{padding-top: 150px !important;padding-bottom: 150px !important;}\u00bb][vc_row content_placement=\u00bbmiddle\u00bb][vc_column width=\u00bb1\/2&#8243;][vc_custom_heading text=\u00bbDescubra nuestro servicio de registro por regi\u00f3n\u00bb font_container=\u00bbtag:h1|font_size:24px|text_align:left|color:%23ffffff|line_height:34px\u00bb google_fonts=\u00bbfont_family:Open%20Sans%3A300%2C300italic%2Cregular%2Citalic%2C600%2C600italic%2C700%2C700italic%2C800%2C800italic|font_style:400%20regular%3A400%3Anormal\u00bb][vc_row_inner content_placement=\u00bbmiddle\u00bb css=\u00bb.vc_custom_1571043628796{margin-top: 30px !important;}\u00bb][vc_column_inner width=\u00bb1\/4&#8243; css=\u00bb.vc_custom_1571043378100{padding-left: 0px !important;}\u00bb][\/vc_column_inner][vc_column_inner width=\u00bb3\/4&#8243;][vc_btn title=\u00bb\u00a1Vea!\u00bb style=\u00bbcustom\u00bb custom_background=\u00bb#5e47e0&#8243; custom_text=\u00bb#ffffff\u00bb link=\u00bburl:https%3A%2F%2Fregister-omegapro.world%2Fco%2Fomega-pro-en-la-region-de%2F%23saibamais\u00bb][\/vc_column_inner][\/vc_row_inner][\/vc_column][vc_column width=\u00bb1\/2&#8243;][vc_single_image image=\u00bb3750&#8243; img_size=\u00bblarge\u00bb alignment=\u00bbcenter\u00bb][\/vc_column][\/vc_row][\/vc_section][vc_section el_id=\u00bbsaibamais\u00bb][vc_row][vc_column][vc_custom_heading text=\u00bb\u00a1Una herramienta para que ganes m\u00e1s dinero!\u00bb font_container=\u00bbtag:h2|font_size:40px|text_align:center|color:%23ffffff|line_height:50px\u00bb google_fonts=\u00bbfont_family:Open%20Sans%3A300%2C300italic%2Cregular%2Citalic%2C600%2C600italic%2C700%2C700italic%2C800%2C800italic|font_style:400%20regular%3A400%3Anormal\u00bb][vc_column_text] \u00a1Las personas que se conviertan en clientes de OmegaPro a trav\u00e9s de este sitio podr\u00e1n ganar una p\u00e1gina en este sitio completamente gratis! [\/vc_column_text][\/vc_column][\/vc_row][vc_row gap=\u00bb30&#8243;][vc_column width=\u00bb1\/3&#8243; css=\u00bb.vc_custom_1571044324528{border-top-width: 1px !important;border-right-width: 1px !important;border-bottom-width: 1px !important;border-left-width: 1px !important;padding-right: 30px !important;padding-left: 30px !important;border-left-color: #eeeeee !important;border-left-style: solid !important;border-right-color: #eeeeee !important;border-right-style: solid !important;border-top-color: #eeeeee !important;border-top-style: solid !important;border-bottom-color: #eeeeee !important;border-bottom-style: solid\u2026\" \/>\n<meta property=\"og:url\" content=\"https:\/\/registerforex.com\/bo\/omega-pro-en-la-region-de\/\" \/>\n<meta property=\"og:site_name\" content=\"OmegaPRO | Registro | Omega PRO World | Bolivia\" \/>\n<meta property=\"article:modified_time\" content=\"2022-08-12T17:47:30+00:00\" \/>\n<meta property=\"og:image\" content=\"https:\/\/registerforex.com\/bo\/wp-content\/uploads\/2022\/07\/portada-de-pagina-Regiones-Registro-OmegaPro-World.jpg\" \/>\n\t<meta property=\"og:image:width\" content=\"1124\" \/>\n\t<meta property=\"og:image:height\" content=\"1124\" \/>\n\t<meta property=\"og:image:type\" content=\"image\/jpeg\" \/>\n<meta name=\"twitter:card\" content=\"summary_large_image\" \/>\n<meta name=\"twitter:label1\" content=\"Tiempo de lectura\" \/>\n\t<meta name=\"twitter:data1\" content=\"2 minutos\" \/>\n<script type=\"application\/ld+json\" class=\"yoast-schema-graph\">{\"@context\":\"https:\/\/schema.org\",\"@graph\":[{\"@type\":\"WebPage\",\"@id\":\"https:\/\/registerforex.com\/bo\/omega-pro-en-la-region-de\/\",\"url\":\"https:\/\/registerforex.com\/bo\/omega-pro-en-la-region-de\/\",\"name\":\"Omega Pro en la Region - OmegaPRO | Registro | Omega PRO World | Bolivia\",\"isPartOf\":{\"@id\":\"https:\/\/registerforex.com\/bo\/#website\"},\"datePublished\":\"2022-06-06T15:06:55+00:00\",\"dateModified\":\"2022-08-12T17:47:30+00:00\",\"breadcrumb\":{\"@id\":\"https:\/\/registerforex.com\/bo\/omega-pro-en-la-region-de\/#breadcrumb\"},\"inLanguage\":\"es-BO\",\"potentialAction\":[{\"@type\":\"ReadAction\",\"target\":[\"https:\/\/registerforex.com\/bo\/omega-pro-en-la-region-de\/\"]}]},{\"@type\":\"BreadcrumbList\",\"@id\":\"https:\/\/registerforex.com\/bo\/omega-pro-en-la-region-de\/#breadcrumb\",\"itemListElement\":[{\"@type\":\"ListItem\",\"position\":1,\"name\":\"Home\",\"item\":\"https:\/\/registerforex.com\/bo\/\"},{\"@type\":\"ListItem\",\"position\":2,\"name\":\"Omega Pro en la Region\"}]},{\"@type\":\"WebSite\",\"@id\":\"https:\/\/registerforex.com\/bo\/#website\",\"url\":\"https:\/\/registerforex.com\/bo\/\",\"name\":\"OmegaPRO | Registro | Omega PRO World | Bolivia\",\"description\":\"OmegaPRO | Registro | Bolivia | Aprende todo sobre c\u00f3mo funciona Omega Pro y reg\u00edstrate aqu\u00ed y obt\u00e9n ganancias de forma segura en el mercado de inversi\u00f3n.\",\"publisher\":{\"@id\":\"https:\/\/registerforex.com\/bo\/#organization\"},\"potentialAction\":[{\"@type\":\"SearchAction\",\"target\":{\"@type\":\"EntryPoint\",\"urlTemplate\":\"https:\/\/registerforex.com\/bo\/?s={search_term_string}\"},\"query-input\":\"required name=search_term_string\"}],\"inLanguage\":\"es-BO\"},{\"@type\":\"Organization\",\"@id\":\"https:\/\/registerforex.com\/bo\/#organization\",\"name\":\"OmegaPRO | Registro | Omega PRO World | Bolivia\",\"url\":\"https:\/\/registerforex.com\/bo\/\",\"logo\":{\"@type\":\"ImageObject\",\"inLanguage\":\"es-BO\",\"@id\":\"https:\/\/registerforex.com\/bo\/#\/schema\/logo\/image\/\",\"url\":\"https:\/\/registerforex.com\/bo\/wp-content\/uploads\/2022\/08\/logo-bolivia-registro-omegapro-world.png\",\"contentUrl\":\"https:\/\/registerforex.com\/bo\/wp-content\/uploads\/2022\/08\/logo-bolivia-registro-omegapro-world.png\",\"width\":390,\"height\":95,\"caption\":\"OmegaPRO | Registro | Omega PRO World | Bolivia\"},\"image\":{\"@id\":\"https:\/\/registerforex.com\/bo\/#\/schema\/logo\/image\/\"}}]}<\/script>\n<!-- \/ Yoast SEO plugin. -->","yoast_head_json":{"title":"Omega Pro en la Region - OmegaPRO | Registro | Omega PRO World | Bolivia","robots":{"index":"index","follow":"follow","max-snippet":"max-snippet:-1","max-image-preview":"max-image-preview:large","max-video-preview":"max-video-preview:-1"},"canonical":"https:\/\/registerforex.com\/bo\/omega-pro-en-la-region-de\/","og_locale":"es_ES","og_type":"article","og_title":"Omega Pro en la Region - OmegaPRO | Registro | Omega PRO World | Bolivia","og_description":"[vc_section full_width=\u00bbstretch_row\u00bb css=\u00bb.vc_custom_1571043686749{padding-top: 150px !important;padding-bottom: 150px !important;}\u00bb][vc_row content_placement=\u00bbmiddle\u00bb][vc_column width=\u00bb1\/2&#8243;][vc_custom_heading text=\u00bbDescubra nuestro servicio de registro por regi\u00f3n\u00bb font_container=\u00bbtag:h1|font_size:24px|text_align:left|color:%23ffffff|line_height:34px\u00bb google_fonts=\u00bbfont_family:Open%20Sans%3A300%2C300italic%2Cregular%2Citalic%2C600%2C600italic%2C700%2C700italic%2C800%2C800italic|font_style:400%20regular%3A400%3Anormal\u00bb][vc_row_inner content_placement=\u00bbmiddle\u00bb css=\u00bb.vc_custom_1571043628796{margin-top: 30px !important;}\u00bb][vc_column_inner width=\u00bb1\/4&#8243; css=\u00bb.vc_custom_1571043378100{padding-left: 0px !important;}\u00bb][\/vc_column_inner][vc_column_inner width=\u00bb3\/4&#8243;][vc_btn title=\u00bb\u00a1Vea!\u00bb style=\u00bbcustom\u00bb custom_background=\u00bb#5e47e0&#8243; custom_text=\u00bb#ffffff\u00bb link=\u00bburl:https%3A%2F%2Fregister-omegapro.world%2Fco%2Fomega-pro-en-la-region-de%2F%23saibamais\u00bb][\/vc_column_inner][\/vc_row_inner][\/vc_column][vc_column width=\u00bb1\/2&#8243;][vc_single_image image=\u00bb3750&#8243; img_size=\u00bblarge\u00bb alignment=\u00bbcenter\u00bb][\/vc_column][\/vc_row][\/vc_section][vc_section el_id=\u00bbsaibamais\u00bb][vc_row][vc_column][vc_custom_heading text=\u00bb\u00a1Una herramienta para que ganes m\u00e1s dinero!\u00bb font_container=\u00bbtag:h2|font_size:40px|text_align:center|color:%23ffffff|line_height:50px\u00bb google_fonts=\u00bbfont_family:Open%20Sans%3A300%2C300italic%2Cregular%2Citalic%2C600%2C600italic%2C700%2C700italic%2C800%2C800italic|font_style:400%20regular%3A400%3Anormal\u00bb][vc_column_text] \u00a1Las personas que se conviertan en clientes de OmegaPro a trav\u00e9s de este sitio podr\u00e1n ganar una p\u00e1gina en este sitio completamente gratis! [\/vc_column_text][\/vc_column][\/vc_row][vc_row gap=\u00bb30&#8243;][vc_column width=\u00bb1\/3&#8243; css=\u00bb.vc_custom_1571044324528{border-top-width: 1px !important;border-right-width: 1px !important;border-bottom-width: 1px !important;border-left-width: 1px !important;padding-right: 30px !important;padding-left: 30px !important;border-left-color: #eeeeee !important;border-left-style: solid !important;border-right-color: #eeeeee !important;border-right-style: solid !important;border-top-color: #eeeeee !important;border-top-style: solid !important;border-bottom-color: #eeeeee !important;border-bottom-style: solid\u2026","og_url":"https:\/\/registerforex.com\/bo\/omega-pro-en-la-region-de\/","og_site_name":"OmegaPRO | Registro | Omega PRO World | Bolivia","article_modified_time":"2022-08-12T17:47:30+00:00","og_image":[{"width":1124,"height":1124,"url":"https:\/\/registerforex.com\/bo\/wp-content\/uploads\/2022\/07\/portada-de-pagina-Regiones-Registro-OmegaPro-World.jpg","type":"image\/jpeg"}],"twitter_card":"summary_large_image","twitter_misc":{"Tiempo de lectura":"2 minutos"},"schema":{"@context":"https:\/\/schema.org","@graph":[{"@type":"WebPage","@id":"https:\/\/registerforex.com\/bo\/omega-pro-en-la-region-de\/","url":"https:\/\/registerforex.com\/bo\/omega-pro-en-la-region-de\/","name":"Omega Pro en la Region - OmegaPRO | Registro | Omega PRO World | Bolivia","isPartOf":{"@id":"https:\/\/registerforex.com\/bo\/#website"},"datePublished":"2022-06-06T15:06:55+00:00","dateModified":"2022-08-12T17:47:30+00:00","breadcrumb":{"@id":"https:\/\/registerforex.com\/bo\/omega-pro-en-la-region-de\/#breadcrumb"},"inLanguage":"es-BO","potentialAction":[{"@type":"ReadAction","target":["https:\/\/registerforex.com\/bo\/omega-pro-en-la-region-de\/"]}]},{"@type":"BreadcrumbList","@id":"https:\/\/registerforex.com\/bo\/omega-pro-en-la-region-de\/#breadcrumb","itemListElement":[{"@type":"ListItem","position":1,"name":"Home","item":"https:\/\/registerforex.com\/bo\/"},{"@type":"ListItem","position":2,"name":"Omega Pro en la Region"}]},{"@type":"WebSite","@id":"https:\/\/registerforex.com\/bo\/#website","url":"https:\/\/registerforex.com\/bo\/","name":"OmegaPRO | Registro | Omega PRO World | Bolivia","description":"OmegaPRO | Registro | Bolivia | Aprende todo sobre c\u00f3mo funciona Omega Pro y reg\u00edstrate aqu\u00ed y obt\u00e9n ganancias de forma segura en el mercado de inversi\u00f3n.","publisher":{"@id":"https:\/\/registerforex.com\/bo\/#organization"},"potentialAction":[{"@type":"SearchAction","target":{"@type":"EntryPoint","urlTemplate":"https:\/\/registerforex.com\/bo\/?s={search_term_string}"},"query-input":"required name=search_term_string"}],"inLanguage":"es-BO"},{"@type":"Organization","@id":"https:\/\/registerforex.com\/bo\/#organization","name":"OmegaPRO | Registro | Omega PRO World | Bolivia","url":"https:\/\/registerforex.com\/bo\/","logo":{"@type":"ImageObject","inLanguage":"es-BO","@id":"https:\/\/registerforex.com\/bo\/#\/schema\/logo\/image\/","url":"https:\/\/registerforex.com\/bo\/wp-content\/uploads\/2022\/08\/logo-bolivia-registro-omegapro-world.png","contentUrl":"https:\/\/registerforex.com\/bo\/wp-content\/uploads\/2022\/08\/logo-bolivia-registro-omegapro-world.png","width":390,"height":95,"caption":"OmegaPRO | Registro | Omega PRO World | Bolivia"},"image":{"@id":"https:\/\/registerforex.com\/bo\/#\/schema\/logo\/image\/"}}]}},"_links":{"self":[{"href":"https:\/\/registerforex.com\/bo\/wp-json\/wp\/v2\/pages\/2818"}],"collection":[{"href":"https:\/\/registerforex.com\/bo\/wp-json\/wp\/v2\/pages"}],"about":[{"href":"https:\/\/registerforex.com\/bo\/wp-json\/wp\/v2\/types\/page"}],"author":[{"embeddable":true,"href":"https:\/\/registerforex.com\/bo\/wp-json\/wp\/v2\/users\/1"}],"replies":[{"embeddable":true,"href":"https:\/\/registerforex.com\/bo\/wp-json\/wp\/v2\/comments?post=2818"}],"version-history":[{"count":8,"href":"https:\/\/registerforex.com\/bo\/wp-json\/wp\/v2\/pages\/2818\/revisions"}],"predecessor-version":[{"id":3930,"href":"https:\/\/registerforex.com\/bo\/wp-json\/wp\/v2\/pages\/2818\/revisions\/3930"}],"wp:featuredmedia":[{"embeddable":true,"href":"https:\/\/registerforex.com\/bo\/wp-json\/wp\/v2\/media\/3878"}],"wp:attachment":[{"href":"https:\/\/registerforex.com\/bo\/wp-json\/wp\/v2\/media?parent=2818"}],"wp:term":[{"taxonomy":"post_tag","embeddable":true,"href":"https:\/\/registerforex.com\/bo\/wp-json\/wp\/v2\/tags?post=2818"}],"curies":[{"name":"wp","href":"https:\/\/api.w.org\/{rel}","templated":true}]}}