{"id":3048,"date":"2022-07-19T08:48:31","date_gmt":"2022-07-19T08:48:31","guid":{"rendered":"https:\/\/registerforex.com\/bo\/?page_id=3048"},"modified":"2022-07-27T12:22:23","modified_gmt":"2022-07-27T12:22:23","slug":"omegapro-como-funciona","status":"publish","type":"page","link":"https:\/\/registerforex.com\/bo\/omegapro-como-funciona\/","title":{"rendered":"OmegaPRO \u00bfc\u00f3mo funciona?"},"content":{"rendered":"[vc_row][vc_column][\/vc_column][\/vc_row][vc_row fullwidth=\u00bbtrue\u00bb fullwidth_content=\u00bbfalse\u00bb][vc_column][vc_row_inner][vc_column_inner width=\u00bb1\/6&#8243;][\/vc_column_inner][vc_column_inner width=\u00bb2\/3&#8243;][vc_custom_heading source=\u00bbpost_title\u00bb font_container=\u00bbtag:h1|font_size:50|text_align:center|color:%23ffffff\u00bb google_fonts=\u00bbfont_family:Nunito%3A300%2Cregular%2C700|font_style:700%20bold%20regular%3A700%3Anormal\u00bb css_animation=\u00bbbounceInUp\u00bb][vc_single_image image=\u00bb3692&#8243; img_size=\u00bbfull\u00bb alignment=\u00bbcenter\u00bb][vc_custom_heading text=\u00bbVea el PDF oficial a continuaci\u00f3n\u00bb font_container=\u00bbtag:h2|font_size:40|text_align:center|color:%230fdcfc\u00bb google_fonts=\u00bbfont_family:Nunito%3A300%2Cregular%2C700|font_style:700%20bold%20regular%3A700%3Anormal\u00bb css_animation=\u00bbbounceInUp\u00bb][\/vc_column_inner][vc_column_inner width=\u00bb1\/6&#8243;][\/vc_column_inner][\/vc_row_inner][vc_row_inner equal_height=\u00bbyes\u00bb content_placement=\u00bbmiddle\u00bb css=\u00bb.vc_custom_1657133564189{background-image: url(https:\/\/registerforex.com\/bo\/wp-content\/uploads\/2022\/07\/Especialista-marketing-digital-primeiros-resultados-dos-buscadores-cadastro-omega-pro-world.png?id=3362) !important;background-position: center !important;background-repeat: no-repeat !important;background-size: contain !important;}\u00bb][vc_column_inner width=\u00bb1\/6&#8243;][\/vc_column_inner][vc_column_inner width=\u00bb2\/3&#8243; css=\u00bb.vc_custom_1657133589086{background-position: center !important;background-repeat: no-repeat !important;background-size: cover !important;}\u00bb][vc_gallery interval=\u00bb0&#8243; images=\u00bb3839,3840,3841,3842,3843,3844,3845,3846,3847,3848,3849,3850,3851,3852,3853,3854,3855,3856,3857,3858,3859,3860,3861,3862,3863,3864,3865,3866,3867&#8243; img_size=\u00bbfull\u00bb title=\u00bbPDF ESPA\u00d1OL\u00bb][\/vc_column_inner][vc_column_inner width=\u00bb1\/6&#8243;][\/vc_column_inner][\/vc_row_inner][\/vc_column][\/vc_row]\n","protected":false},"excerpt":{"rendered":"<p>[vc_row][vc_column][\/vc_column][\/vc_row][vc_row fullwidth=\u00bbtrue\u00bb fullwidth_content=\u00bbfalse\u00bb][vc_column][vc_row_inner][vc_column_inner width=\u00bb1\/6&#8243;][\/vc_column_inner][vc_column_inner width=\u00bb2\/3&#8243;][vc_custom_heading source=\u00bbpost_title\u00bb font_container=\u00bbtag:h1|font_size:50|text_align:center|color:%23ffffff\u00bb google_fonts=\u00bbfont_family:Nunito%3A300%2Cregular%2C700|font_style:700%20bold%20regular%3A700%3Anormal\u00bb css_animation=\u00bbbounceInUp\u00bb][vc_single_image image=\u00bb3692&#8243; img_size=\u00bbfull\u00bb alignment=\u00bbcenter\u00bb][vc_custom_heading text=\u00bbVea el PDF oficial a continuaci\u00f3n\u00bb font_container=\u00bbtag:h2|font_size:40|text_align:center|color:%230fdcfc\u00bb google_fonts=\u00bbfont_family:Nunito%3A300%2Cregular%2C700|font_style:700%20bold%20regular%3A700%3Anormal\u00bb css_animation=\u00bbbounceInUp\u00bb][\/vc_column_inner][vc_column_inner width=\u00bb1\/6&#8243;][\/vc_column_inner][\/vc_row_inner][vc_row_inner equal_height=\u00bbyes\u00bb content_placement=\u00bbmiddle\u00bb css=\u00bb.vc_custom_1657133564189{background-image: url(https:\/\/registerforex.com\/bo\/wp-content\/uploads\/2022\/07\/Especialista-marketing-digital-primeiros-resultados-dos-buscadores-cadastro-omega-pro-world.png?id=3362) !important;background-position: center !important;background-repeat: no-repeat !important;background-size: contain !important;}\u00bb][vc_column_inner width=\u00bb1\/6&#8243;][\/vc_column_inner][vc_column_inner width=\u00bb2\/3&#8243; css=\u00bb.vc_custom_1657133589086{background-position: center !important;background-repeat: no-repeat !important;background-size: cover !important;}\u00bb][vc_gallery interval=\u00bb0&#8243; images=\u00bb3839,3840,3841,3842,3843,3844,3845,3846,3847,3848,3849,3850,3851,3852,3853,3854,3855,3856,3857,3858,3859,3860,3861,3862,3863,3864,3865,3866,3867&#8243; img_size=\u00bbfull\u00bb title=\u00bbPDF ESPA\u00d1OL\u00bb][\/vc_column_inner][vc_column_inner width=\u00bb1\/6&#8243;][\/vc_column_inner][\/vc_row_inner][\/vc_column][\/vc_row]<\/p>\n","protected":false},"author":1,"featured_media":3884,"parent":0,"menu_order":0,"comment_status":"closed","ping_status":"closed","template":"elementor_header_footer","meta":[],"tags":[],"blocksy_meta":{"styles_descriptor":{"styles":{"desktop":"","tablet":"","mobile":""},"google_fonts":[],"version":5}},"yoast_head":"<!-- This site is optimized with the Yoast SEO plugin v21.8.1 - https:\/\/yoast.com\/wordpress\/plugins\/seo\/ -->\n<title>OmegaPRO \u00bfc\u00f3mo funciona?<\/title>\n<meta name=\"description\" content=\"OmegaPRO \u00bfc\u00f3mo funciona? | PDF Oficial | Obtenga acceso a todos los aspectos para ayudar a comprender mejor Omega Pro World\" \/>\n<meta name=\"robots\" content=\"index, follow, max-snippet:-1, max-image-preview:large, max-video-preview:-1\" \/>\n<link rel=\"canonical\" href=\"https:\/\/registerforex.com\/bo\/omegapro-como-funciona\/\" \/>\n<meta property=\"og:locale\" content=\"es_ES\" \/>\n<meta property=\"og:type\" content=\"article\" \/>\n<meta property=\"og:title\" content=\"OmegaPRO \u00bfc\u00f3mo funciona?\" \/>\n<meta property=\"og:description\" content=\"OmegaPRO \u00bfc\u00f3mo funciona? | PDF Oficial | Obtenga acceso a todos los aspectos para ayudar a comprender mejor Omega Pro World\" \/>\n<meta property=\"og:url\" content=\"https:\/\/registerforex.com\/bo\/omegapro-como-funciona\/\" \/>\n<meta property=\"og:site_name\" content=\"OmegaPRO | Registro | Omega PRO World | Bolivia\" \/>\n<meta property=\"article:modified_time\" content=\"2022-07-27T12:22:23+00:00\" \/>\n<meta property=\"og:image\" content=\"https:\/\/registerforex.com\/bo\/wp-content\/uploads\/2022\/07\/portada-de-pagina-como-funciona-Registro-OmegaPro-World.jpg\" \/>\n\t<meta property=\"og:image:width\" content=\"1124\" \/>\n\t<meta property=\"og:image:height\" content=\"1124\" \/>\n\t<meta property=\"og:image:type\" content=\"image\/jpeg\" \/>\n<meta name=\"twitter:card\" content=\"summary_large_image\" \/>\n<meta name=\"twitter:label1\" content=\"Tiempo de lectura\" \/>\n\t<meta name=\"twitter:data1\" content=\"1 minuto\" \/>\n<script type=\"application\/ld+json\" class=\"yoast-schema-graph\">{\"@context\":\"https:\/\/schema.org\",\"@graph\":[{\"@type\":\"WebPage\",\"@id\":\"https:\/\/registerforex.com\/bo\/omegapro-como-funciona\/\",\"url\":\"https:\/\/registerforex.com\/bo\/omegapro-como-funciona\/\",\"name\":\"OmegaPRO \u00bfc\u00f3mo funciona?\",\"isPartOf\":{\"@id\":\"https:\/\/registerforex.com\/bo\/#website\"},\"datePublished\":\"2022-07-19T08:48:31+00:00\",\"dateModified\":\"2022-07-27T12:22:23+00:00\",\"description\":\"OmegaPRO \u00bfc\u00f3mo funciona? | PDF Oficial | Obtenga acceso a todos los aspectos para ayudar a comprender mejor Omega Pro World\",\"breadcrumb\":{\"@id\":\"https:\/\/registerforex.com\/bo\/omegapro-como-funciona\/#breadcrumb\"},\"inLanguage\":\"es-BO\",\"potentialAction\":[{\"@type\":\"ReadAction\",\"target\":[\"https:\/\/registerforex.com\/bo\/omegapro-como-funciona\/\"]}]},{\"@type\":\"BreadcrumbList\",\"@id\":\"https:\/\/registerforex.com\/bo\/omegapro-como-funciona\/#breadcrumb\",\"itemListElement\":[{\"@type\":\"ListItem\",\"position\":1,\"name\":\"Home\",\"item\":\"https:\/\/registerforex.com\/bo\/\"},{\"@type\":\"ListItem\",\"position\":2,\"name\":\"OmegaPRO \u00bfc\u00f3mo funciona?\"}]},{\"@type\":\"WebSite\",\"@id\":\"https:\/\/registerforex.com\/bo\/#website\",\"url\":\"https:\/\/registerforex.com\/bo\/\",\"name\":\"OmegaPRO | Registro | Omega PRO World | Bolivia\",\"description\":\"OmegaPRO | Registro | Bolivia | Aprende todo sobre c\u00f3mo funciona Omega Pro y reg\u00edstrate aqu\u00ed y obt\u00e9n ganancias de forma segura en el mercado de inversi\u00f3n.\",\"publisher\":{\"@id\":\"https:\/\/registerforex.com\/bo\/#organization\"},\"potentialAction\":[{\"@type\":\"SearchAction\",\"target\":{\"@type\":\"EntryPoint\",\"urlTemplate\":\"https:\/\/registerforex.com\/bo\/?s={search_term_string}\"},\"query-input\":\"required name=search_term_string\"}],\"inLanguage\":\"es-BO\"},{\"@type\":\"Organization\",\"@id\":\"https:\/\/registerforex.com\/bo\/#organization\",\"name\":\"OmegaPRO | Registro | Omega PRO World | Bolivia\",\"url\":\"https:\/\/registerforex.com\/bo\/\",\"logo\":{\"@type\":\"ImageObject\",\"inLanguage\":\"es-BO\",\"@id\":\"https:\/\/registerforex.com\/bo\/#\/schema\/logo\/image\/\",\"url\":\"https:\/\/registerforex.com\/bo\/wp-content\/uploads\/2022\/08\/logo-bolivia-registro-omegapro-world.png\",\"contentUrl\":\"https:\/\/registerforex.com\/bo\/wp-content\/uploads\/2022\/08\/logo-bolivia-registro-omegapro-world.png\",\"width\":390,\"height\":95,\"caption\":\"OmegaPRO | Registro | Omega PRO World | Bolivia\"},\"image\":{\"@id\":\"https:\/\/registerforex.com\/bo\/#\/schema\/logo\/image\/\"}}]}<\/script>\n<!-- \/ Yoast SEO plugin. -->","yoast_head_json":{"title":"OmegaPRO \u00bfc\u00f3mo funciona?","description":"OmegaPRO \u00bfc\u00f3mo funciona? | PDF Oficial | Obtenga acceso a todos los aspectos para ayudar a comprender mejor Omega Pro World","robots":{"index":"index","follow":"follow","max-snippet":"max-snippet:-1","max-image-preview":"max-image-preview:large","max-video-preview":"max-video-preview:-1"},"canonical":"https:\/\/registerforex.com\/bo\/omegapro-como-funciona\/","og_locale":"es_ES","og_type":"article","og_title":"OmegaPRO \u00bfc\u00f3mo funciona?","og_description":"OmegaPRO \u00bfc\u00f3mo funciona? | PDF Oficial | Obtenga acceso a todos los aspectos para ayudar a comprender mejor Omega Pro World","og_url":"https:\/\/registerforex.com\/bo\/omegapro-como-funciona\/","og_site_name":"OmegaPRO | Registro | Omega PRO World | Bolivia","article_modified_time":"2022-07-27T12:22:23+00:00","og_image":[{"width":1124,"height":1124,"url":"https:\/\/registerforex.com\/bo\/wp-content\/uploads\/2022\/07\/portada-de-pagina-como-funciona-Registro-OmegaPro-World.jpg","type":"image\/jpeg"}],"twitter_card":"summary_large_image","twitter_misc":{"Tiempo de lectura":"1 minuto"},"schema":{"@context":"https:\/\/schema.org","@graph":[{"@type":"WebPage","@id":"https:\/\/registerforex.com\/bo\/omegapro-como-funciona\/","url":"https:\/\/registerforex.com\/bo\/omegapro-como-funciona\/","name":"OmegaPRO \u00bfc\u00f3mo funciona?","isPartOf":{"@id":"https:\/\/registerforex.com\/bo\/#website"},"datePublished":"2022-07-19T08:48:31+00:00","dateModified":"2022-07-27T12:22:23+00:00","description":"OmegaPRO \u00bfc\u00f3mo funciona? | PDF Oficial | Obtenga acceso a todos los aspectos para ayudar a comprender mejor Omega Pro World","breadcrumb":{"@id":"https:\/\/registerforex.com\/bo\/omegapro-como-funciona\/#breadcrumb"},"inLanguage":"es-BO","potentialAction":[{"@type":"ReadAction","target":["https:\/\/registerforex.com\/bo\/omegapro-como-funciona\/"]}]},{"@type":"BreadcrumbList","@id":"https:\/\/registerforex.com\/bo\/omegapro-como-funciona\/#breadcrumb","itemListElement":[{"@type":"ListItem","position":1,"name":"Home","item":"https:\/\/registerforex.com\/bo\/"},{"@type":"ListItem","position":2,"name":"OmegaPRO \u00bfc\u00f3mo funciona?"}]},{"@type":"WebSite","@id":"https:\/\/registerforex.com\/bo\/#website","url":"https:\/\/registerforex.com\/bo\/","name":"OmegaPRO | Registro | Omega PRO World | Bolivia","description":"OmegaPRO | Registro | Bolivia | Aprende todo sobre c\u00f3mo funciona Omega Pro y reg\u00edstrate aqu\u00ed y obt\u00e9n ganancias de forma segura en el mercado de inversi\u00f3n.","publisher":{"@id":"https:\/\/registerforex.com\/bo\/#organization"},"potentialAction":[{"@type":"SearchAction","target":{"@type":"EntryPoint","urlTemplate":"https:\/\/registerforex.com\/bo\/?s={search_term_string}"},"query-input":"required name=search_term_string"}],"inLanguage":"es-BO"},{"@type":"Organization","@id":"https:\/\/registerforex.com\/bo\/#organization","name":"OmegaPRO | Registro | Omega PRO World | Bolivia","url":"https:\/\/registerforex.com\/bo\/","logo":{"@type":"ImageObject","inLanguage":"es-BO","@id":"https:\/\/registerforex.com\/bo\/#\/schema\/logo\/image\/","url":"https:\/\/registerforex.com\/bo\/wp-content\/uploads\/2022\/08\/logo-bolivia-registro-omegapro-world.png","contentUrl":"https:\/\/registerforex.com\/bo\/wp-content\/uploads\/2022\/08\/logo-bolivia-registro-omegapro-world.png","width":390,"height":95,"caption":"OmegaPRO | Registro | Omega PRO World | Bolivia"},"image":{"@id":"https:\/\/registerforex.com\/bo\/#\/schema\/logo\/image\/"}}]}},"_links":{"self":[{"href":"https:\/\/registerforex.com\/bo\/wp-json\/wp\/v2\/pages\/3048"}],"collection":[{"href":"https:\/\/registerforex.com\/bo\/wp-json\/wp\/v2\/pages"}],"about":[{"href":"https:\/\/registerforex.com\/bo\/wp-json\/wp\/v2\/types\/page"}],"author":[{"embeddable":true,"href":"https:\/\/registerforex.com\/bo\/wp-json\/wp\/v2\/users\/1"}],"replies":[{"embeddable":true,"href":"https:\/\/registerforex.com\/bo\/wp-json\/wp\/v2\/comments?post=3048"}],"version-history":[{"count":9,"href":"https:\/\/registerforex.com\/bo\/wp-json\/wp\/v2\/pages\/3048\/revisions"}],"predecessor-version":[{"id":3869,"href":"https:\/\/registerforex.com\/bo\/wp-json\/wp\/v2\/pages\/3048\/revisions\/3869"}],"wp:featuredmedia":[{"embeddable":true,"href":"https:\/\/registerforex.com\/bo\/wp-json\/wp\/v2\/media\/3884"}],"wp:attachment":[{"href":"https:\/\/registerforex.com\/bo\/wp-json\/wp\/v2\/media?parent=3048"}],"wp:term":[{"taxonomy":"post_tag","embeddable":true,"href":"https:\/\/registerforex.com\/bo\/wp-json\/wp\/v2\/tags?post=3048"}],"curies":[{"name":"wp","href":"https:\/\/api.w.org\/{rel}","templated":true}]}}