{"id":3482,"date":"2022-07-19T16:43:13","date_gmt":"2022-07-19T16:43:13","guid":{"rendered":"https:\/\/registerforex.com\/bo\/?page_id=3"},"modified":"2022-07-27T12:23:41","modified_gmt":"2022-07-27T12:23:41","slug":"politica-de-privacidad","status":"publish","type":"page","link":"https:\/\/registerforex.com\/bo\/politica-de-privacidad\/","title":{"rendered":"Pol\u00edtica de Privacidad"},"content":{"rendered":"[vc_row][vc_column][vc_row_inner][vc_column_inner width=\u00bb1\/3&#8243;][\/vc_column_inner][vc_column_inner width=\u00bb1\/3&#8243;][vc_single_image image=\u00bb3701&#8243; img_size=\u00bbmedium\u00bb][\/vc_column_inner][vc_column_inner width=\u00bb1\/3&#8243;][\/vc_column_inner][\/vc_row_inner][vc_column_text]\n<div class=\"hero-section\" data-type=\"type-1\">\n<header class=\"entry-header\">Pol\u00edtica de privacidad<br \/>\nQui\u00e9nes somos<\/p>\n<p>La direcci\u00f3n de nuestra p\u00e1gina web es: https:\/\/registerforex.com\/bo. Somos un equipo de representantes que le guiamos para que se convierta en cliente de OmegaPro a trav\u00e9s de esta p\u00e1gina. Nuestro medio de contacto es a trav\u00e9s de este enlace CAS | Contacto donde tendr\u00e1 todos los medios accesibles para ponerse en contacto con nosotros.<\/p>\n<p>Qu\u00e9 datos personales recogemos y por qu\u00e9<\/p>\n<p>Los datos personales que recopilamos, tales como: Nombre Completo, Nacionalidad, Estado Civil, Profesi\u00f3n, N\u00famero de RG, CPF, Fecha de Nacimiento, Direcci\u00f3n Residencial Completa, N\u00famero de Casa, C\u00f3digo Postal, Tel\u00e9fono Celular, Su Ciudad, Su Estado, Su correo electr\u00f3nico, Cu\u00e1l es el ID de la persona que lo invit\u00f3 a OmegaPro, Foto para su perfil aqu\u00ed en el sitio web, Enlace de perfil de Facebook o Instagram si lo tiene, Cu\u00e1l es la mejor hora para contactarlo.<\/p>\n<p>Sus datos ser\u00e1n ofrecidos por nosotros en la empresa representada aqu\u00ed para llevar a cabo su registro con el fin de hacer que un cliente de la misma.\u00a0Por lo tanto, no se utilizar\u00e1 de ninguna otra manera que no sea \u00e9sta.<\/p>\n<p>Comentarios<\/p>\n<p>Cuando los visitantes dejan comentarios en el sitio, recogemos los datos que aparecen en el formulario de comentarios, adem\u00e1s de la direcci\u00f3n IP del visitante y los datos del navegador, para ayudar a la detecci\u00f3n de spam.<\/p>\n<p>Una cadena an\u00f3nima creada a partir de su correo electr\u00f3nico (tambi\u00e9n llamada hash) puede ser enviada a Gravatar para verificar que usted utiliza el servicio.\u00a0La pol\u00edtica de privacidad de Gravatar est\u00e1 disponible aqu\u00ed: https:\/\/automattic.com\/privacy\/.\u00a0Una vez aprobado tu comentario, tu foto de perfil es visible p\u00fablicamente junto a tu comentario.<\/p>\n<p>Medios de comunicaci\u00f3n<\/p>\n<p>Si subes im\u00e1genes al sitio, evita subir im\u00e1genes que contengan datos de localizaci\u00f3n incrustados (EXIF GPS).\u00a0Los visitantes pueden descargar estas im\u00e1genes del sitio y extraer de ellas sus datos de localizaci\u00f3n.<\/p>\n<p>formularios de contacto<\/p>\n<p>Por defecto, nuestro sitio web incluye un formulario de contacto.\u00a0Para que pueda enviar un mensaje y que podamos responder a usted, por lo que los datos personales recogidos cuando usted env\u00eda su informaci\u00f3n el tiempo que mantenemos esta informaci\u00f3n var\u00eda hasta el punto de que el servicio se completa, pero que no utilizamos esta informaci\u00f3n para De marketing.<\/p>\n<p>Cookies<\/p>\n<p>Al dejar un comentario en el sitio, puede optar por guardar su nombre, correo electr\u00f3nico y sitio web en las cookies.\u00a0Esto es para su comodidad, para que no tenga que volver a rellenar sus datos cuando haga otro comentario.\u00a0Estas cookies duran un a\u00f1o.<\/p>\n<p>Si tiene una cuenta y accede a este sitio, se crear\u00e1 una cookie temporal para determinar si su navegador acepta cookies.\u00a0No contiene ning\u00fan dato personal y se descartar\u00e1 cuando cierre su navegador.<\/p>\n<p>Cuando se conecta a su cuenta en el sitio web, tambi\u00e9n creamos varias cookies para guardar los datos de su cuenta y sus opciones de visualizaci\u00f3n en pantalla.\u00a0Las cookies de inicio de sesi\u00f3n se conservan durante dos d\u00edas y las de opciones de pantalla durante un a\u00f1o.\u00a0Si selecciona \u00abRecordarme\u00bb, su acceso se mantendr\u00e1 durante dos semanas.\u00a0Si cierra la sesi\u00f3n de su cuenta, se eliminar\u00e1n las cookies de inicio de sesi\u00f3n.<\/p>\n<p>Si edita o publica un art\u00edculo, se guardar\u00e1 una cookie adicional en su navegador.\u00a0Esta cookie no incluye ning\u00fan dato personal y se limita a indicar el ID del art\u00edculo que acaba de editar.\u00a0Caduca al cabo de 1 d\u00eda.<\/p>\n<p>Medios incrustados de otros sitios<\/p>\n<p>Los art\u00edculos de este sitio pueden incluir contenido incrustado, como v\u00eddeos, im\u00e1genes, art\u00edculos, etc.\u00a0El contenido incrustado de otros sitios web se comporta exactamente igual que si el visitante estuviera visitando el otro sitio web.<\/p>\n<p>Estos sitios web pueden recopilar datos sobre usted, utilizar cookies, incorporar un seguimiento adicional de terceros y supervisar su interacci\u00f3n con este contenido incrustado, incluida su interacci\u00f3n con el contenido incrustado si tiene una cuenta y ha iniciado sesi\u00f3n en el sitio web.<\/p>\n<p>an\u00e1lisis<\/p>\n<p>No utilizamos un servicio de an\u00e1lisis en nuestro sitio web.<\/p>\n<p>Con qui\u00e9n compartimos sus datos<\/p>\n<p>Sus datos ser\u00e1n ofrecidos por nosotros en la empresa aqu\u00ed representada para llevar a cabo su registro con el fin de convertirle en cliente de la misma.\u00a0Por lo tanto, no se utilizar\u00e1n de ninguna otra forma que no sea \u00e9sta.<\/p>\n<p>Cu\u00e1nto tiempo conservamos sus datos<\/p>\n<p>Si dejas un comentario, el comentario y sus metadatos se conservan indefinidamente.\u00a0Lo hacemos para poder reconocer y aprobar autom\u00e1ticamente cualquier comentario posterior en lugar de retenerlo para su moderaci\u00f3n.<\/p>\n<p>En el caso de los usuarios que se registran en nuestro sitio (si los hay), tambi\u00e9n conservamos la informaci\u00f3n personal que nos proporciona en su perfil de usuario.\u00a0Todos los usuarios pueden ver, editar o eliminar su informaci\u00f3n personal en cualquier momento (s\u00f3lo no es posible cambiar su nombre de usuario).\u00a0Los administradores del sitio tambi\u00e9n pueden ver y editar esta informaci\u00f3n.<\/p>\n<\/header>\n<\/div>\n<div class=\"entry-content\">\n<div class=\"vc_row wpb_row vc_row-fluid\">\n<div class=\"wpb_column vc_column_container vc_col-sm-12\">\n<div class=\"vc_column-inner\">\n<div class=\"wpb_wrapper\">\n<div class=\"wpb_text_column wpb_content_element \">\n<div class=\"wpb_wrapper\">\n<p>Cu\u00e1les son sus derechos sobre sus datos<\/p>\n<p>Si tiene una cuenta en este sitio o si ha dejado comentarios, puede solicitar un archivo exportado de los datos personales que tenemos sobre usted, incluidos los que nos haya proporcionado.\u00a0Tambi\u00e9n puede solicitar que eliminemos cualquier dato personal que tengamos sobre usted.\u00a0Esto no incluye ning\u00fan dato que debamos conservar por motivos administrativos, legales o de seguridad.<\/p>\n<p>\u00bfD\u00f3nde enviamos sus datos?<\/p>\n<p>Los comentarios de los visitantes pueden ser marcados por un servicio autom\u00e1tico de detecci\u00f3n de spam.<\/p>\n<p>Sus datos de contacto<\/p>\n<p>Si necesita revisar sus datos introducidos en este sitio, p\u00f3ngase en contacto con nosotros en help@register-omegapro.world<\/p>\n<p>Informaci\u00f3n adicional<\/p>\n<p>Eventualmente, puede recibir correos electr\u00f3nicos informativos sobre el negocio en cuesti\u00f3n por parte del equipo de este sitio.<\/p>\n<p>C\u00f3mo protegemos sus datos<\/p>\n<p>Tomamos medidas para proteger los datos de los usuarios.\u00a0Esto puede incluir medidas t\u00e9cnicas como la codificaci\u00f3n; medidas de seguridad como la autenticaci\u00f3n en dos pasos; y medidas como la formaci\u00f3n del personal en materia de protecci\u00f3n de datos.\u00a0Donde ya hemos sido evaluados.<\/p>\n<p>aspectos positivos<\/p>\n<p>&nbsp;<\/p>\n<p>&nbsp;<\/p>\n<p>Cu\u00e1les son nuestros procedimientos para la violaci\u00f3n de datos<\/p>\n<p>En caso de que se produzca alg\u00fan error en los datos que se nos facilitan, tomaremos medidas razonables para corregirlos.\u00a0Porque toda la informaci\u00f3n introducida aqu\u00ed por el usuario, pasa por procesos de encriptaci\u00f3n de extremo a extremo, haciendo que la posibilidad de violaci\u00f3n de datos sea pr\u00e1cticamente ultra segura.<\/p>\n<p>De qu\u00e9 terceros recibimos datos<\/p>\n<p>Podemos recibir datos de la empresa aqu\u00ed representada para mejorar los datos proporcionados por el usuario para acciones correctivas o informativas.<\/p>\n<p>Qu\u00e9 toma de decisiones automatizadas o elaboraci\u00f3n de perfiles hacemos con los datos del usuario<\/p>\n<p>Al enviar sus datos para el registro, el usuario puede ser redirigido autom\u00e1ticamente a una aplicaci\u00f3n de mensajer\u00eda instant\u00e1nea con el fin de mejorar su servicio con la empresa y nuestros representantes.<\/p>\n<p>Requisitos de divulgaci\u00f3n obligatorios para la categor\u00eda profesional<\/p>\n<p>Este sitio web s\u00f3lo representa a la empresa OmegaPro Ltd, cuya direcci\u00f3n principal es PO Box 1510 Beachmont Kingstown St. Vincent And The Grenadines<\/p>\n<p>Usted puede, en cualquier momento, solicitar datos a la empresa representada para aclarar cualquier duda sobre su funcionamiento e informaci\u00f3n comercial.<\/p>\n<\/div>\n<\/div>\n<\/div>\n<\/div>\n<\/div>\n<\/div>\n<\/div>\n[\/vc_column_text][\/vc_column][\/vc_row]\n","protected":false},"excerpt":{"rendered":"<p>[vc_row][vc_column][vc_row_inner][vc_column_inner width=\u00bb1\/3&#8243;][\/vc_column_inner][vc_column_inner width=\u00bb1\/3&#8243;][vc_single_image image=\u00bb3701&#8243; img_size=\u00bbmedium\u00bb][\/vc_column_inner][vc_column_inner width=\u00bb1\/3&#8243;][\/vc_column_inner][\/vc_row_inner][vc_column_text] Pol\u00edtica de privacidad Qui\u00e9nes somos La direcci\u00f3n de nuestra p\u00e1gina web es: https:\/\/registerforex.com\/bo. Somos un equipo de representantes que le guiamos para que se convierta en cliente de OmegaPro a trav\u00e9s de esta p\u00e1gina. Nuestro medio de contacto es a trav\u00e9s de este enlace CAS | Contacto donde tendr\u00e1 todos los medios accesibles para ponerse en contacto con nosotros. Qu\u00e9 datos personales recogemos y por qu\u00e9 Los datos personales que recopilamos, tales como: Nombre Completo, Nacionalidad, Estado Civil, Profesi\u00f3n, N\u00famero de RG, CPF, Fecha de Nacimiento, Direcci\u00f3n Residencial Completa, N\u00famero de Casa, C\u00f3digo Postal,\u2026<\/p>\n","protected":false},"author":1,"featured_media":3875,"parent":0,"menu_order":0,"comment_status":"closed","ping_status":"closed","template":"elementor_theme","meta":[],"tags":[],"blocksy_meta":{"styles_descriptor":{"styles":{"desktop":"","tablet":"","mobile":""},"google_fonts":[],"version":5}},"yoast_head":"<!-- This site is optimized with the Yoast SEO plugin v21.8.1 - https:\/\/yoast.com\/wordpress\/plugins\/seo\/ -->\n<title>Pol\u00edtica de Privacidad - OmegaPRO | Registro | Omega PRO World | Bolivia<\/title>\n<meta name=\"robots\" content=\"index, follow, max-snippet:-1, max-image-preview:large, max-video-preview:-1\" \/>\n<link rel=\"canonical\" href=\"https:\/\/registerforex.com\/bo\/politica-de-privacidad\/\" \/>\n<meta property=\"og:locale\" content=\"es_ES\" \/>\n<meta property=\"og:type\" content=\"article\" \/>\n<meta property=\"og:title\" content=\"Pol\u00edtica de Privacidad - OmegaPRO | Registro | Omega PRO World | Bolivia\" \/>\n<meta property=\"og:description\" content=\"[vc_row][vc_column][vc_row_inner][vc_column_inner width=\u00bb1\/3&#8243;][\/vc_column_inner][vc_column_inner width=\u00bb1\/3&#8243;][vc_single_image image=\u00bb3701&#8243; img_size=\u00bbmedium\u00bb][\/vc_column_inner][vc_column_inner width=\u00bb1\/3&#8243;][\/vc_column_inner][\/vc_row_inner][vc_column_text] Pol\u00edtica de privacidad Qui\u00e9nes somos La direcci\u00f3n de nuestra p\u00e1gina web es: https:\/\/registerforex.com\/bo. Somos un equipo de representantes que le guiamos para que se convierta en cliente de OmegaPro a trav\u00e9s de esta p\u00e1gina. Nuestro medio de contacto es a trav\u00e9s de este enlace CAS | Contacto donde tendr\u00e1 todos los medios accesibles para ponerse en contacto con nosotros. Qu\u00e9 datos personales recogemos y por qu\u00e9 Los datos personales que recopilamos, tales como: Nombre Completo, Nacionalidad, Estado Civil, Profesi\u00f3n, N\u00famero de RG, CPF, Fecha de Nacimiento, Direcci\u00f3n Residencial Completa, N\u00famero de Casa, C\u00f3digo Postal,\u2026\" \/>\n<meta property=\"og:url\" content=\"https:\/\/registerforex.com\/bo\/politica-de-privacidad\/\" \/>\n<meta property=\"og:site_name\" content=\"OmegaPRO | Registro | Omega PRO World | Bolivia\" \/>\n<meta property=\"article:modified_time\" content=\"2022-07-27T12:23:41+00:00\" \/>\n<meta property=\"og:image\" content=\"https:\/\/registerforex.com\/bo\/wp-content\/uploads\/2022\/07\/portada-de-pagina-Politica-de-privacidad-Registro-OmegaPro-World.jpg\" \/>\n\t<meta property=\"og:image:width\" content=\"1124\" \/>\n\t<meta property=\"og:image:height\" content=\"1124\" \/>\n\t<meta property=\"og:image:type\" content=\"image\/jpeg\" \/>\n<meta name=\"twitter:card\" content=\"summary_large_image\" \/>\n<meta name=\"twitter:label1\" content=\"Tiempo de lectura\" \/>\n\t<meta name=\"twitter:data1\" content=\"6 minutos\" \/>\n<script type=\"application\/ld+json\" class=\"yoast-schema-graph\">{\"@context\":\"https:\/\/schema.org\",\"@graph\":[{\"@type\":\"WebPage\",\"@id\":\"https:\/\/registerforex.com\/bo\/politica-de-privacidad\/\",\"url\":\"https:\/\/registerforex.com\/bo\/politica-de-privacidad\/\",\"name\":\"Pol\u00edtica de Privacidad - OmegaPRO | Registro | Omega PRO World | Bolivia\",\"isPartOf\":{\"@id\":\"https:\/\/registerforex.com\/bo\/#website\"},\"datePublished\":\"2022-07-19T16:43:13+00:00\",\"dateModified\":\"2022-07-27T12:23:41+00:00\",\"breadcrumb\":{\"@id\":\"https:\/\/registerforex.com\/bo\/politica-de-privacidad\/#breadcrumb\"},\"inLanguage\":\"es-BO\",\"potentialAction\":[{\"@type\":\"ReadAction\",\"target\":[\"https:\/\/registerforex.com\/bo\/politica-de-privacidad\/\"]}]},{\"@type\":\"BreadcrumbList\",\"@id\":\"https:\/\/registerforex.com\/bo\/politica-de-privacidad\/#breadcrumb\",\"itemListElement\":[{\"@type\":\"ListItem\",\"position\":1,\"name\":\"Home\",\"item\":\"https:\/\/registerforex.com\/bo\/\"},{\"@type\":\"ListItem\",\"position\":2,\"name\":\"Pol\u00edtica de Privacidad\"}]},{\"@type\":\"WebSite\",\"@id\":\"https:\/\/registerforex.com\/bo\/#website\",\"url\":\"https:\/\/registerforex.com\/bo\/\",\"name\":\"OmegaPRO | Registro | Omega PRO World | Bolivia\",\"description\":\"OmegaPRO | Registro | Bolivia | Aprende todo sobre c\u00f3mo funciona Omega Pro y reg\u00edstrate aqu\u00ed y obt\u00e9n ganancias de forma segura en el mercado de inversi\u00f3n.\",\"publisher\":{\"@id\":\"https:\/\/registerforex.com\/bo\/#organization\"},\"potentialAction\":[{\"@type\":\"SearchAction\",\"target\":{\"@type\":\"EntryPoint\",\"urlTemplate\":\"https:\/\/registerforex.com\/bo\/?s={search_term_string}\"},\"query-input\":\"required name=search_term_string\"}],\"inLanguage\":\"es-BO\"},{\"@type\":\"Organization\",\"@id\":\"https:\/\/registerforex.com\/bo\/#organization\",\"name\":\"OmegaPRO | Registro | Omega PRO World | Bolivia\",\"url\":\"https:\/\/registerforex.com\/bo\/\",\"logo\":{\"@type\":\"ImageObject\",\"inLanguage\":\"es-BO\",\"@id\":\"https:\/\/registerforex.com\/bo\/#\/schema\/logo\/image\/\",\"url\":\"https:\/\/registerforex.com\/bo\/wp-content\/uploads\/2022\/08\/logo-bolivia-registro-omegapro-world.png\",\"contentUrl\":\"https:\/\/registerforex.com\/bo\/wp-content\/uploads\/2022\/08\/logo-bolivia-registro-omegapro-world.png\",\"width\":390,\"height\":95,\"caption\":\"OmegaPRO | Registro | Omega PRO World | Bolivia\"},\"image\":{\"@id\":\"https:\/\/registerforex.com\/bo\/#\/schema\/logo\/image\/\"}}]}<\/script>\n<!-- \/ Yoast SEO plugin. -->","yoast_head_json":{"title":"Pol\u00edtica de Privacidad - OmegaPRO | Registro | Omega PRO World | Bolivia","robots":{"index":"index","follow":"follow","max-snippet":"max-snippet:-1","max-image-preview":"max-image-preview:large","max-video-preview":"max-video-preview:-1"},"canonical":"https:\/\/registerforex.com\/bo\/politica-de-privacidad\/","og_locale":"es_ES","og_type":"article","og_title":"Pol\u00edtica de Privacidad - OmegaPRO | Registro | Omega PRO World | Bolivia","og_description":"[vc_row][vc_column][vc_row_inner][vc_column_inner width=\u00bb1\/3&#8243;][\/vc_column_inner][vc_column_inner width=\u00bb1\/3&#8243;][vc_single_image image=\u00bb3701&#8243; img_size=\u00bbmedium\u00bb][\/vc_column_inner][vc_column_inner width=\u00bb1\/3&#8243;][\/vc_column_inner][\/vc_row_inner][vc_column_text] Pol\u00edtica de privacidad Qui\u00e9nes somos La direcci\u00f3n de nuestra p\u00e1gina web es: https:\/\/registerforex.com\/bo. Somos un equipo de representantes que le guiamos para que se convierta en cliente de OmegaPro a trav\u00e9s de esta p\u00e1gina. Nuestro medio de contacto es a trav\u00e9s de este enlace CAS | Contacto donde tendr\u00e1 todos los medios accesibles para ponerse en contacto con nosotros. Qu\u00e9 datos personales recogemos y por qu\u00e9 Los datos personales que recopilamos, tales como: Nombre Completo, Nacionalidad, Estado Civil, Profesi\u00f3n, N\u00famero de RG, CPF, Fecha de Nacimiento, Direcci\u00f3n Residencial Completa, N\u00famero de Casa, C\u00f3digo Postal,\u2026","og_url":"https:\/\/registerforex.com\/bo\/politica-de-privacidad\/","og_site_name":"OmegaPRO | Registro | Omega PRO World | Bolivia","article_modified_time":"2022-07-27T12:23:41+00:00","og_image":[{"width":1124,"height":1124,"url":"https:\/\/registerforex.com\/bo\/wp-content\/uploads\/2022\/07\/portada-de-pagina-Politica-de-privacidad-Registro-OmegaPro-World.jpg","type":"image\/jpeg"}],"twitter_card":"summary_large_image","twitter_misc":{"Tiempo de lectura":"6 minutos"},"schema":{"@context":"https:\/\/schema.org","@graph":[{"@type":"WebPage","@id":"https:\/\/registerforex.com\/bo\/politica-de-privacidad\/","url":"https:\/\/registerforex.com\/bo\/politica-de-privacidad\/","name":"Pol\u00edtica de Privacidad - OmegaPRO | Registro | Omega PRO World | Bolivia","isPartOf":{"@id":"https:\/\/registerforex.com\/bo\/#website"},"datePublished":"2022-07-19T16:43:13+00:00","dateModified":"2022-07-27T12:23:41+00:00","breadcrumb":{"@id":"https:\/\/registerforex.com\/bo\/politica-de-privacidad\/#breadcrumb"},"inLanguage":"es-BO","potentialAction":[{"@type":"ReadAction","target":["https:\/\/registerforex.com\/bo\/politica-de-privacidad\/"]}]},{"@type":"BreadcrumbList","@id":"https:\/\/registerforex.com\/bo\/politica-de-privacidad\/#breadcrumb","itemListElement":[{"@type":"ListItem","position":1,"name":"Home","item":"https:\/\/registerforex.com\/bo\/"},{"@type":"ListItem","position":2,"name":"Pol\u00edtica de Privacidad"}]},{"@type":"WebSite","@id":"https:\/\/registerforex.com\/bo\/#website","url":"https:\/\/registerforex.com\/bo\/","name":"OmegaPRO | Registro | Omega PRO World | Bolivia","description":"OmegaPRO | Registro | Bolivia | Aprende todo sobre c\u00f3mo funciona Omega Pro y reg\u00edstrate aqu\u00ed y obt\u00e9n ganancias de forma segura en el mercado de inversi\u00f3n.","publisher":{"@id":"https:\/\/registerforex.com\/bo\/#organization"},"potentialAction":[{"@type":"SearchAction","target":{"@type":"EntryPoint","urlTemplate":"https:\/\/registerforex.com\/bo\/?s={search_term_string}"},"query-input":"required name=search_term_string"}],"inLanguage":"es-BO"},{"@type":"Organization","@id":"https:\/\/registerforex.com\/bo\/#organization","name":"OmegaPRO | Registro | Omega PRO World | Bolivia","url":"https:\/\/registerforex.com\/bo\/","logo":{"@type":"ImageObject","inLanguage":"es-BO","@id":"https:\/\/registerforex.com\/bo\/#\/schema\/logo\/image\/","url":"https:\/\/registerforex.com\/bo\/wp-content\/uploads\/2022\/08\/logo-bolivia-registro-omegapro-world.png","contentUrl":"https:\/\/registerforex.com\/bo\/wp-content\/uploads\/2022\/08\/logo-bolivia-registro-omegapro-world.png","width":390,"height":95,"caption":"OmegaPRO | Registro | Omega PRO World | Bolivia"},"image":{"@id":"https:\/\/registerforex.com\/bo\/#\/schema\/logo\/image\/"}}]}},"_links":{"self":[{"href":"https:\/\/registerforex.com\/bo\/wp-json\/wp\/v2\/pages\/3482"}],"collection":[{"href":"https:\/\/registerforex.com\/bo\/wp-json\/wp\/v2\/pages"}],"about":[{"href":"https:\/\/registerforex.com\/bo\/wp-json\/wp\/v2\/types\/page"}],"author":[{"embeddable":true,"href":"https:\/\/registerforex.com\/bo\/wp-json\/wp\/v2\/users\/1"}],"replies":[{"embeddable":true,"href":"https:\/\/registerforex.com\/bo\/wp-json\/wp\/v2\/comments?post=3482"}],"version-history":[{"count":9,"href":"https:\/\/registerforex.com\/bo\/wp-json\/wp\/v2\/pages\/3482\/revisions"}],"predecessor-version":[{"id":3821,"href":"https:\/\/registerforex.com\/bo\/wp-json\/wp\/v2\/pages\/3482\/revisions\/3821"}],"wp:featuredmedia":[{"embeddable":true,"href":"https:\/\/registerforex.com\/bo\/wp-json\/wp\/v2\/media\/3875"}],"wp:attachment":[{"href":"https:\/\/registerforex.com\/bo\/wp-json\/wp\/v2\/media?parent=3482"}],"wp:term":[{"taxonomy":"post_tag","embeddable":true,"href":"https:\/\/registerforex.com\/bo\/wp-json\/wp\/v2\/tags?post=3482"}],"curies":[{"name":"wp","href":"https:\/\/api.w.org\/{rel}","templated":true}]}}