{"id":2262,"date":"2022-07-13T02:13:59","date_gmt":"2022-07-13T02:13:59","guid":{"rendered":"http:\/\/bandeiracoin.com.br\/?page_id=2262"},"modified":"2022-07-27T18:51:49","modified_gmt":"2022-07-27T18:51:49","slug":"centro-de-apoyo","status":"publish","type":"page","link":"https:\/\/registerforex.com\/co\/centro-de-apoyo\/","title":{"rendered":"Centro de Apoyo"},"content":{"rendered":"[vc_row][vc_column][\/vc_column][\/vc_row][vc_row fullwidth=\u00bbtrue\u00bb fullwidth_content=\u00bbfalse\u00bb][vc_column][vc_row_inner][vc_column_inner width=\u00bb1\/4&#8243;][\/vc_column_inner][vc_column_inner width=\u00bb1\/2&#8243;][vc_custom_heading text=\u00bbCentro de Apoyo\u00bb font_container=\u00bbtag:h1|font_size:50|text_align:center|color:%23ffffff\u00bb google_fonts=\u00bbfont_family:Nunito%3A300%2Cregular%2C700|font_style:700%20bold%20regular%3A700%3Anormal\u00bb css_animation=\u00bbbounceInUp\u00bb][vc_single_image image=\u00bb3479&#8243; img_size=\u00bbfull\u00bb alignment=\u00bbcenter\u00bb][vc_custom_heading text=\u00bbElija el tipo de Soporte a continuaci\u00f3n | Asistencia\u00bb font_container=\u00bbtag:h2|font_size:40|text_align:center|color:%230fdcfc\u00bb google_fonts=\u00bbfont_family:Nunito%3A300%2Cregular%2C700|font_style:700%20bold%20regular%3A700%3Anormal\u00bb css_animation=\u00bbbounceInUp\u00bb][\/vc_column_inner][vc_column_inner width=\u00bb1\/4&#8243;][\/vc_column_inner][\/vc_row_inner][vc_row_inner][vc_column_inner width=\u00bb1\/4&#8243;][\/vc_column_inner][vc_column_inner width=\u00bb1\/2&#8243;][vc_column_text]\n<ul>\n<li><strong><a href=\"https:\/\/registerforex.com\/co\/servicio-de-atencion-al-cliente-contactenos\/\">Servicio de Atenci\u00f3n al Cliente | Cont\u00e1ctenos<\/a><\/strong><br \/>\n<hr \/>\n<\/li>\n<li><strong><a href=\"https:\/\/registerforex.com\/co\/faq-preguntas-frecuentes\/\">FAQ | Preguntas frecuentes<\/a><\/strong><br \/>\n<hr \/>\n<\/li>\n<li><strong><a href=\"https:\/\/registerforex.com\/co\/omegapro-como-funciona\/\">OmegaPro \u00bfc\u00f3mo funciona?<\/a><\/strong><br \/>\n<hr \/>\n<\/li>\n<li><strong><a href=\"https:\/\/registerforex.com\/co\/encuentre-un-consultor-omegapro\/\">Encontrar un consultor OmegaPRO<\/a><\/strong><br \/>\n<hr \/>\n<\/li>\n<li><strong><a href=\"https:\/\/registerforex.com\/co\/grupos-de-whatsapp\/\">Grupo de WhatsApp por regi\u00f3n<\/a><\/strong><br \/>\n<hr \/>\n<\/li>\n<\/ul>\n<ul>\n<li><em><strong><a href=\"https:\/\/registerforex.com\/co\/soy-lider\/\">\u00bfEres un L\u00cdDER? \u00bfTienes experiencia en Marketing? \u00a1Haz clic aqu\u00ed!<\/a><\/strong><\/em><br \/>\n<hr \/>\n<\/li>\n<\/ul>\n<p><strong><a href=\"https:\/\/registerforex.com\/co\/\">Volver a la p\u00e1gina de inicio<\/a><\/strong>[\/vc_column_text][\/vc_column_inner][vc_column_inner width=\u00bb1\/4&#8243;][\/vc_column_inner][\/vc_row_inner][\/vc_column][\/vc_row][vc_row][vc_column][vc_separator][\/vc_column][\/vc_row]\n","protected":false},"excerpt":{"rendered":"<p>[vc_row][vc_column][\/vc_column][\/vc_row][vc_row fullwidth=\u00bbtrue\u00bb fullwidth_content=\u00bbfalse\u00bb][vc_column][vc_row_inner][vc_column_inner width=\u00bb1\/4&#8243;][\/vc_column_inner][vc_column_inner width=\u00bb1\/2&#8243;][vc_custom_heading text=\u00bbCentro de Apoyo\u00bb font_container=\u00bbtag:h1|font_size:50|text_align:center|color:%23ffffff\u00bb google_fonts=\u00bbfont_family:Nunito%3A300%2Cregular%2C700|font_style:700%20bold%20regular%3A700%3Anormal\u00bb css_animation=\u00bbbounceInUp\u00bb][vc_single_image image=\u00bb3479&#8243; img_size=\u00bbfull\u00bb alignment=\u00bbcenter\u00bb][vc_custom_heading text=\u00bbElija el tipo de Soporte a continuaci\u00f3n | Asistencia\u00bb font_container=\u00bbtag:h2|font_size:40|text_align:center|color:%230fdcfc\u00bb google_fonts=\u00bbfont_family:Nunito%3A300%2Cregular%2C700|font_style:700%20bold%20regular%3A700%3Anormal\u00bb css_animation=\u00bbbounceInUp\u00bb][\/vc_column_inner][vc_column_inner width=\u00bb1\/4&#8243;][\/vc_column_inner][\/vc_row_inner][vc_row_inner][vc_column_inner width=\u00bb1\/4&#8243;][\/vc_column_inner][vc_column_inner width=\u00bb1\/2&#8243;][vc_column_text] Servicio de Atenci\u00f3n al Cliente | Cont\u00e1ctenos FAQ | Preguntas frecuentes OmegaPro \u00bfc\u00f3mo funciona? Encontrar un consultor OmegaPRO Grupo de WhatsApp por regi\u00f3n \u00bfEres un L\u00cdDER? \u00bfTienes experiencia en Marketing? \u00a1Haz clic aqu\u00ed! Volver a la p\u00e1gina de inicio[\/vc_column_text][\/vc_column_inner][vc_column_inner width=\u00bb1\/4&#8243;][\/vc_column_inner][\/vc_row_inner][\/vc_column][\/vc_row][vc_row][vc_column][vc_separator][\/vc_column][\/vc_row]<\/p>\n","protected":false},"author":1,"featured_media":3880,"parent":0,"menu_order":0,"comment_status":"closed","ping_status":"closed","template":"elementor_header_footer","meta":[],"tags":[],"blocksy_meta":{"styles_descriptor":{"styles":{"desktop":"","tablet":"","mobile":""},"google_fonts":[],"version":5}},"yoast_head":"<!-- This site is optimized with the Yoast SEO plugin v21.1 - https:\/\/yoast.com\/wordpress\/plugins\/seo\/ -->\n<title>Centro de Apoyo - OmegaPRO | Registro | Omega PRO World | Colombia<\/title>\n<meta name=\"description\" content=\"Centro de soporte de OmegaPRO | Atenci\u00f3n al cliente | Obtenga acceso a todos los temas de ayuda para comprender mejor el Omega Pro\" \/>\n<meta name=\"robots\" content=\"index, follow, max-snippet:-1, max-image-preview:large, max-video-preview:-1\" \/>\n<link rel=\"canonical\" href=\"https:\/\/registerforex.com\/co\/centro-de-apoyo\/\" \/>\n<meta property=\"og:locale\" content=\"es_ES\" \/>\n<meta property=\"og:type\" content=\"article\" \/>\n<meta property=\"og:title\" content=\"Centro de Apoyo - OmegaPRO | Registro | Omega PRO World | Colombia\" \/>\n<meta property=\"og:description\" content=\"Centro de soporte de OmegaPRO | Atenci\u00f3n al cliente | Obtenga acceso a todos los temas de ayuda para comprender mejor el Omega Pro\" \/>\n<meta property=\"og:url\" content=\"https:\/\/registerforex.com\/co\/centro-de-apoyo\/\" \/>\n<meta property=\"og:site_name\" content=\"OmegaPRO | Registro | Omega PRO World | Colombia\" \/>\n<meta property=\"article:modified_time\" content=\"2022-07-27T18:51:49+00:00\" \/>\n<meta property=\"og:image\" content=\"https:\/\/registerforex.com\/co\/wp-content\/uploads\/2022\/07\/portada-de-pagina-Soporte-Registro-OmegaPro-World.jpg\" \/>\n\t<meta property=\"og:image:width\" content=\"1124\" \/>\n\t<meta property=\"og:image:height\" content=\"1124\" \/>\n\t<meta property=\"og:image:type\" content=\"image\/jpeg\" \/>\n<meta name=\"twitter:card\" content=\"summary_large_image\" \/>\n<meta name=\"twitter:label1\" content=\"Tiempo de lectura\" \/>\n\t<meta name=\"twitter:data1\" content=\"1 minuto\" \/>\n<script type=\"application\/ld+json\" class=\"yoast-schema-graph\">{\"@context\":\"https:\/\/schema.org\",\"@graph\":[{\"@type\":\"WebPage\",\"@id\":\"https:\/\/registerforex.com\/co\/centro-de-apoyo\/\",\"url\":\"https:\/\/registerforex.com\/co\/centro-de-apoyo\/\",\"name\":\"Centro de Apoyo - OmegaPRO | Registro | Omega PRO World | Colombia\",\"isPartOf\":{\"@id\":\"https:\/\/registerforex.com\/co\/#website\"},\"datePublished\":\"2022-07-13T02:13:59+00:00\",\"dateModified\":\"2022-07-27T18:51:49+00:00\",\"description\":\"Centro de soporte de OmegaPRO | Atenci\u00f3n al cliente | Obtenga acceso a todos los temas de ayuda para comprender mejor el Omega Pro\",\"breadcrumb\":{\"@id\":\"https:\/\/registerforex.com\/co\/centro-de-apoyo\/#breadcrumb\"},\"inLanguage\":\"es-CO\",\"potentialAction\":[{\"@type\":\"ReadAction\",\"target\":[\"https:\/\/registerforex.com\/co\/centro-de-apoyo\/\"]}]},{\"@type\":\"BreadcrumbList\",\"@id\":\"https:\/\/registerforex.com\/co\/centro-de-apoyo\/#breadcrumb\",\"itemListElement\":[{\"@type\":\"ListItem\",\"position\":1,\"name\":\"Home\",\"item\":\"https:\/\/registerforex.com\/co\/\"},{\"@type\":\"ListItem\",\"position\":2,\"name\":\"Centro de Apoyo\"}]},{\"@type\":\"WebSite\",\"@id\":\"https:\/\/registerforex.com\/co\/#website\",\"url\":\"https:\/\/registerforex.com\/co\/\",\"name\":\"OmegaPRO | Registro | Omega PRO World | Colombia\",\"description\":\"OmegaPRO | Registro | Colombia | Aprende todo sobre c\u00f3mo funciona Omega Pro y reg\u00edstrate aqu\u00ed y obt\u00e9n ganancias de forma segura en el mercado de inversi\u00f3n.\",\"publisher\":{\"@id\":\"https:\/\/registerforex.com\/co\/#organization\"},\"potentialAction\":[{\"@type\":\"SearchAction\",\"target\":{\"@type\":\"EntryPoint\",\"urlTemplate\":\"https:\/\/registerforex.com\/co\/?s={search_term_string}\"},\"query-input\":\"required name=search_term_string\"}],\"inLanguage\":\"es-CO\"},{\"@type\":\"Organization\",\"@id\":\"https:\/\/registerforex.com\/co\/#organization\",\"name\":\"OmegaPRO | Registro | Omega PRO World | Colombia\",\"url\":\"https:\/\/registerforex.com\/co\/\",\"logo\":{\"@type\":\"ImageObject\",\"inLanguage\":\"es-CO\",\"@id\":\"https:\/\/registerforex.com\/co\/#\/schema\/logo\/image\/\",\"url\":\"https:\/\/registerforex.com\/co\/wp-content\/uploads\/2022\/08\/logo-colombia-registro-omegapro-world.png\",\"contentUrl\":\"https:\/\/registerforex.com\/co\/wp-content\/uploads\/2022\/08\/logo-colombia-registro-omegapro-world.png\",\"width\":390,\"height\":95,\"caption\":\"OmegaPRO | Registro | Omega PRO World | Colombia\"},\"image\":{\"@id\":\"https:\/\/registerforex.com\/co\/#\/schema\/logo\/image\/\"}}]}<\/script>\n<!-- \/ Yoast SEO plugin. -->","yoast_head_json":{"title":"Centro de Apoyo - OmegaPRO | Registro | Omega PRO World | Colombia","description":"Centro de soporte de OmegaPRO | Atenci\u00f3n al cliente | Obtenga acceso a todos los temas de ayuda para comprender mejor el Omega Pro","robots":{"index":"index","follow":"follow","max-snippet":"max-snippet:-1","max-image-preview":"max-image-preview:large","max-video-preview":"max-video-preview:-1"},"canonical":"https:\/\/registerforex.com\/co\/centro-de-apoyo\/","og_locale":"es_ES","og_type":"article","og_title":"Centro de Apoyo - OmegaPRO | Registro | Omega PRO World | Colombia","og_description":"Centro de soporte de OmegaPRO | Atenci\u00f3n al cliente | Obtenga acceso a todos los temas de ayuda para comprender mejor el Omega Pro","og_url":"https:\/\/registerforex.com\/co\/centro-de-apoyo\/","og_site_name":"OmegaPRO | Registro | Omega PRO World | Colombia","article_modified_time":"2022-07-27T18:51:49+00:00","og_image":[{"width":1124,"height":1124,"url":"https:\/\/registerforex.com\/co\/wp-content\/uploads\/2022\/07\/portada-de-pagina-Soporte-Registro-OmegaPro-World.jpg","type":"image\/jpeg"}],"twitter_card":"summary_large_image","twitter_misc":{"Tiempo de lectura":"1 minuto"},"schema":{"@context":"https:\/\/schema.org","@graph":[{"@type":"WebPage","@id":"https:\/\/registerforex.com\/co\/centro-de-apoyo\/","url":"https:\/\/registerforex.com\/co\/centro-de-apoyo\/","name":"Centro de Apoyo - OmegaPRO | Registro | Omega PRO World | Colombia","isPartOf":{"@id":"https:\/\/registerforex.com\/co\/#website"},"datePublished":"2022-07-13T02:13:59+00:00","dateModified":"2022-07-27T18:51:49+00:00","description":"Centro de soporte de OmegaPRO | Atenci\u00f3n al cliente | Obtenga acceso a todos los temas de ayuda para comprender mejor el Omega Pro","breadcrumb":{"@id":"https:\/\/registerforex.com\/co\/centro-de-apoyo\/#breadcrumb"},"inLanguage":"es-CO","potentialAction":[{"@type":"ReadAction","target":["https:\/\/registerforex.com\/co\/centro-de-apoyo\/"]}]},{"@type":"BreadcrumbList","@id":"https:\/\/registerforex.com\/co\/centro-de-apoyo\/#breadcrumb","itemListElement":[{"@type":"ListItem","position":1,"name":"Home","item":"https:\/\/registerforex.com\/co\/"},{"@type":"ListItem","position":2,"name":"Centro de Apoyo"}]},{"@type":"WebSite","@id":"https:\/\/registerforex.com\/co\/#website","url":"https:\/\/registerforex.com\/co\/","name":"OmegaPRO | Registro | Omega PRO World | Colombia","description":"OmegaPRO | Registro | Colombia | Aprende todo sobre c\u00f3mo funciona Omega Pro y reg\u00edstrate aqu\u00ed y obt\u00e9n ganancias de forma segura en el mercado de inversi\u00f3n.","publisher":{"@id":"https:\/\/registerforex.com\/co\/#organization"},"potentialAction":[{"@type":"SearchAction","target":{"@type":"EntryPoint","urlTemplate":"https:\/\/registerforex.com\/co\/?s={search_term_string}"},"query-input":"required name=search_term_string"}],"inLanguage":"es-CO"},{"@type":"Organization","@id":"https:\/\/registerforex.com\/co\/#organization","name":"OmegaPRO | Registro | Omega PRO World | Colombia","url":"https:\/\/registerforex.com\/co\/","logo":{"@type":"ImageObject","inLanguage":"es-CO","@id":"https:\/\/registerforex.com\/co\/#\/schema\/logo\/image\/","url":"https:\/\/registerforex.com\/co\/wp-content\/uploads\/2022\/08\/logo-colombia-registro-omegapro-world.png","contentUrl":"https:\/\/registerforex.com\/co\/wp-content\/uploads\/2022\/08\/logo-colombia-registro-omegapro-world.png","width":390,"height":95,"caption":"OmegaPRO | Registro | Omega PRO World | Colombia"},"image":{"@id":"https:\/\/registerforex.com\/co\/#\/schema\/logo\/image\/"}}]}},"_links":{"self":[{"href":"https:\/\/registerforex.com\/co\/wp-json\/wp\/v2\/pages\/2262"}],"collection":[{"href":"https:\/\/registerforex.com\/co\/wp-json\/wp\/v2\/pages"}],"about":[{"href":"https:\/\/registerforex.com\/co\/wp-json\/wp\/v2\/types\/page"}],"author":[{"embeddable":true,"href":"https:\/\/registerforex.com\/co\/wp-json\/wp\/v2\/users\/1"}],"replies":[{"embeddable":true,"href":"https:\/\/registerforex.com\/co\/wp-json\/wp\/v2\/comments?post=2262"}],"version-history":[{"count":7,"href":"https:\/\/registerforex.com\/co\/wp-json\/wp\/v2\/pages\/2262\/revisions"}],"predecessor-version":[{"id":3896,"href":"https:\/\/registerforex.com\/co\/wp-json\/wp\/v2\/pages\/2262\/revisions\/3896"}],"wp:featuredmedia":[{"embeddable":true,"href":"https:\/\/registerforex.com\/co\/wp-json\/wp\/v2\/media\/3880"}],"wp:attachment":[{"href":"https:\/\/registerforex.com\/co\/wp-json\/wp\/v2\/media?parent=2262"}],"wp:term":[{"taxonomy":"post_tag","embeddable":true,"href":"https:\/\/registerforex.com\/co\/wp-json\/wp\/v2\/tags?post=2262"}],"curies":[{"name":"wp","href":"https:\/\/api.w.org\/{rel}","templated":true}]}}