{"id":3316,"date":"2022-07-04T10:42:57","date_gmt":"2022-07-04T10:42:57","guid":{"rendered":"https:\/\/registerforex.com\/co\/?page_id=3316"},"modified":"2022-07-27T13:02:11","modified_gmt":"2022-07-27T13:02:11","slug":"registrate-ahora","status":"publish","type":"page","link":"https:\/\/registerforex.com\/co\/registrate-ahora\/","title":{"rendered":"Reg\u00edstrate ahora!"},"content":{"rendered":"[vc_row css=\u00bb.vc_custom_1656943958822{background-color: #ffffff !important;}\u00bb][vc_column][vc_empty_space][vc_row_inner el_id=\u00bbsou-lider\u00bb][vc_column_inner width=\u00bb1\/3&#8243; css=\u00bb.vc_custom_1656944703389{border-radius: 15px !important;}\u00bb][\/vc_column_inner][vc_column_inner width=\u00bb1\/3&#8243; css=\u00bb.vc_custom_1656944085862{background-color: #ffffff !important;border-radius: 15px !important;}\u00bb][vc_custom_heading source=\u00bbpost_title\u00bb font_container=\u00bbtag:h1|font_size:35|text_align:center|color:%23251491&#8243; google_fonts=\u00bbfont_family:Nunito%3A300%2Cregular%2C700|font_style:700%20bold%20regular%3A700%3Anormal\u00bb][vc_custom_heading text=\u00bbPrimero necesitamos saber su nombre y<br \/>\ndatos de contacto para poder ayudarte<br \/>\n\u00a1hazte cliente de OmegaPro!\u00bb font_container=\u00bbtag:h2|font_size:18|text_align:center|color:%23251491&#8243; google_fonts=\u00bbfont_family:Nunito%3A300%2Cregular%2C700|font_style:700%20bold%20regular%3A700%3Anormal\u00bb][vc_column_text css_animation=\u00bbslideInUp\u00bb]<img fetchpriority=\"high\" decoding=\"async\" class=\"wp-image-2732 aligncenter\" src=\"https:\/\/registerforex.com\/co\/wp-content\/uploads\/2022\/07\/tela-de-primeiro-passo-para-o-cadastro-omega-pro-world.png\" alt=\"tela de primeiro passo para o cadastro omega pro world\" width=\"349\" height=\"213\" \/>[\/vc_column_text][vc_column_text]\n<div class=\"wpcf7 no-js\" id=\"wpcf7-f2786-o1\" lang=\"pt-BR\" dir=\"ltr\">\n<div class=\"screen-reader-response\"><p role=\"status\" aria-live=\"polite\" aria-atomic=\"true\"><\/p> <ul><\/ul><\/div>\n<form action=\"\/co\/wp-json\/wp\/v2\/pages\/3316#wpcf7-f2786-o1\" method=\"post\" class=\"wpcf7-form init\" aria-label=\"Formul\u00e1rios de contato\" novalidate=\"novalidate\" data-status=\"init\">\n<div style=\"display: none;\">\n<input type=\"hidden\" name=\"_wpcf7\" value=\"2786\" \/>\n<input type=\"hidden\" name=\"_wpcf7_version\" value=\"5.7.7\" \/>\n<input type=\"hidden\" name=\"_wpcf7_locale\" value=\"pt_BR\" \/>\n<input type=\"hidden\" name=\"_wpcf7_unit_tag\" value=\"wpcf7-f2786-o1\" \/>\n<input type=\"hidden\" name=\"_wpcf7_container_post\" value=\"0\" \/>\n<input type=\"hidden\" name=\"_wpcf7_posted_data_hash\" value=\"\" \/>\n<\/div>\n<p><span style=\"color: #0000ff;\"><strong>NOMBRE<\/strong><\/span><br \/>\n<span class=\"wpcf7-form-control-wrap\" data-name=\"your-name\"><input size=\"40\" class=\"wpcf7-form-control wpcf7-text wpcf7-validates-as-required\" aria-required=\"true\" aria-invalid=\"false\" placeholder=\"Introduzca su nombre aqu\u00ed...\" value=\"\" type=\"text\" name=\"your-name\" \/><\/span>\n<\/p>\n<p><span style=\"color: #0000ff;\"><strong>TU M\u00d3VIL CON C\u00d3DIGO DE REGI\u00d3N<\/strong><\/span><br \/>\n<span class=\"wpcf7-form-control-wrap\" data-name=\"tel-580\"><input size=\"40\" class=\"wpcf7-form-control wpcf7-text wpcf7-tel wpcf7-validates-as-required wpcf7-validates-as-tel\" id=\"Celular\" aria-required=\"true\" aria-invalid=\"false\" placeholder=\"123-99999-1234\" value=\"\" type=\"tel\" name=\"tel-580\" \/><\/span>\n<\/p>\n<p><span style=\"color: #0000ff;\"><strong>INTRODUCE TU CORREO ELECTR\u00d3NICO<\/strong><\/span><em>tu mejor correo electronico<\/em><br \/>\n<span class=\"wpcf7-form-control-wrap\" data-name=\"your-email\"><input size=\"40\" class=\"wpcf7-form-control wpcf7-text wpcf7-email wpcf7-validates-as-required wpcf7-validates-as-email\" aria-required=\"true\" aria-invalid=\"false\" placeholder=\"tunombre@tudominio.com\" value=\"\" type=\"email\" name=\"your-email\" \/><\/span>\n<\/p>\n<div id=\"cf7sr-6a00b6d111179\" class=\"cf7sr-g-recaptcha\" data-theme=\"light\" data-type=\"image\" data-size=\"normal\" data-sitekey=\"6LcPyPwhAAAAACLgvnbhIAu-HGmUL-rkjNSvy4Yh\"><\/div><span class=\"wpcf7-form-control-wrap cf7sr-recaptcha\" data-name=\"cf7sr-recaptcha\"><input type=\"hidden\" name=\"cf7sr-recaptcha\" value=\"\" class=\"wpcf7-form-control\"><\/span>\n<\/p>\n<p style=\"text-align: center;\"><span style=\"color: #008000;\"><input class=\"wpcf7-form-control has-spinner wpcf7-submit\" type=\"submit\" value=\"ENVIAR MIS DATOS PARA REGISTRO!\" \/><\/span>\n<\/p>\n<p>&nbsp;\n<\/p><div class=\"wpcf7-response-output\" aria-hidden=\"true\"><\/div>\n<\/form>\n<\/div>\n[\/vc_column_text][vc_column_text el_id=\u00bbtermoscadastro\u00bb]<div class='yrm-content yrm-content-1 yrm-content-hide  ' id='yrm-bVUcv' data-id='1' data-show-status='false' data-after-action='' style=\"visibility: hidden;height: 0;\">\n\t\t\t<div id='yrm-inner-content-yrm-bVUcv' class='yrm-inner-content-wrapper yrm-cntent-1'>\n<p>Qui\u00e9nes somos<\/p>\n<p>La direcci\u00f3n de nuestro sitio web es: https:\/\/registerforex.com\/co. Somos un equipo de representantes que le gu\u00eda para convertirse en cliente de OmegaPro a trav\u00e9s de esta p\u00e1gina. Nuestro medio de contacto es a trav\u00e9s de este enlace Cont\u00e1ctenos donde tendr\u00e1 todos los medios accesibles para ponerse en contacto con nosotros.<\/p>\n<p>Qu\u00e9 datos personales recogemos y por qu\u00e9<\/p>\n<p>Los datos personales que recabamos, tales como: Nombre Completo, Nacionalidad, Estado Civil, Profesi\u00f3n, N\u00famero de RG, CPF, Fecha de Nacimiento, Direcci\u00f3n Residencial Completa, N\u00famero de Casa, C\u00f3digo Postal, Tel\u00e9fono Celular, Su Ciudad, Su Estado, Su correo electr\u00f3nico, Cu\u00e1l es el ID de la persona que lo invit\u00f3 a OmegaPro, Foto para su perfil aqu\u00ed en el sitio web, Enlace de perfil de Facebook o Instagram si lo tiene, Cu\u00e1l es la mejor hora para contactarlo.<\/p>\n<p>Sus datos ser\u00e1n ofrecidos por nosotros en la empresa representada aqu\u00ed para llevar a cabo su registro con el fin de hacer que un cliente de la misma.\u00a0Por lo tanto, no se utilizar\u00e1 de ninguna otra manera que no sea \u00e9sta.<\/p>\n<p>Comentarios<\/p>\n<p>Cuando los visitantes dejan comentarios en el sitio, recogemos los datos que aparecen en el formulario de comentarios, adem\u00e1s de la direcci\u00f3n IP del visitante y los datos del navegador, para ayudar a la detecci\u00f3n de spam.<\/p>\n<p>Una cadena an\u00f3nima creada a partir de su correo electr\u00f3nico (tambi\u00e9n llamada hash) puede ser enviada a Gravatar para verificar que usted utiliza el servicio.\u00a0La pol\u00edtica de privacidad de Gravatar est\u00e1 disponible aqu\u00ed: https:\/\/automattic.com\/privacy\/.\u00a0Una vez aprobado tu comentario, tu foto de perfil es visible p\u00fablicamente junto a tu comentario.<\/p>\n<p>Medios de comunicaci\u00f3n<\/p>\n<p>Si subes im\u00e1genes al sitio, evita subir im\u00e1genes que contengan datos de localizaci\u00f3n incrustados (EXIF GPS).\u00a0Los visitantes pueden descargar estas im\u00e1genes del sitio y extraer de ellas sus datos de localizaci\u00f3n.<\/p>\n<p>formularios de contacto<\/p>\n<p>Por defecto, nuestro sitio web incluye un formulario de contacto.\u00a0Para que pueda enviar un mensaje y que podamos responder a usted, por lo que los datos personales recogidos cuando usted env\u00eda su informaci\u00f3n el tiempo que mantenemos esta informaci\u00f3n var\u00eda hasta el punto de que el servicio se completa, pero que no utilizamos esta informaci\u00f3n para De marketing.<\/p>\n<p>Cookies<\/p>\n<p>Al dejar un comentario en el sitio, puede optar por guardar su nombre, correo electr\u00f3nico y sitio web en las cookies.\u00a0Esto es para su comodidad, para que no tenga que volver a rellenar sus datos cuando haga otro comentario.\u00a0Estas cookies duran un a\u00f1o.<\/p>\n<p>Si tiene una cuenta y accede a este sitio, se crear\u00e1 una cookie temporal para determinar si su navegador acepta cookies.\u00a0No contiene ning\u00fan dato personal y se descartar\u00e1 cuando cierre su navegador.<\/p>\n<p>Cuando se conecta a su cuenta en el sitio web, tambi\u00e9n creamos varias cookies para guardar los datos de su cuenta y sus opciones de visualizaci\u00f3n en pantalla.\u00a0Las cookies de inicio de sesi\u00f3n se conservan durante dos d\u00edas y las de opciones de pantalla durante un a\u00f1o.\u00a0Si selecciona \u00abRecordarme\u00bb, su acceso se mantendr\u00e1 durante dos semanas.\u00a0Si cierra la sesi\u00f3n de su cuenta, se eliminar\u00e1n las cookies de inicio de sesi\u00f3n.<\/p>\n<p>Si edita o publica un art\u00edculo, se guardar\u00e1 una cookie adicional en su navegador.\u00a0Esta cookie no incluye ning\u00fan dato personal y se limita a indicar el ID del art\u00edculo que acaba de editar.\u00a0Caduca al cabo de 1 d\u00eda.<\/p>\n<p>Medios incrustados de otros sitios<\/p>\n<p>Los art\u00edculos de este sitio pueden incluir contenido incrustado, como v\u00eddeos, im\u00e1genes, art\u00edculos, etc.\u00a0El contenido incrustado de otros sitios web se comporta exactamente igual que si el visitante estuviera visitando el otro sitio web.<\/p>\n<p>Estos sitios web pueden recopilar datos sobre usted, utilizar cookies, incorporar un seguimiento adicional de terceros y supervisar su interacci\u00f3n con este contenido incrustado, incluida su interacci\u00f3n con el contenido incrustado si tiene una cuenta y ha iniciado sesi\u00f3n en el sitio web.<\/p>\n<p>an\u00e1lisis<\/p>\n<p>No utilizamos un servicio de an\u00e1lisis en nuestro sitio web.<\/p>\n<p>Con qui\u00e9n compartimos sus datos<\/p>\n<p>Sus datos ser\u00e1n ofrecidos por nosotros en la empresa aqu\u00ed representada para llevar a cabo su registro con el fin de hacerle cliente de la misma.\u00a0Por lo tanto, no se utilizar\u00e1n de ninguna otra forma que no sea \u00e9sta.<\/p>\n<p>Cu\u00e1nto tiempo conservamos sus datos<\/p>\n<p>Si dejas un comentario, el comentario y sus metadatos se conservan indefinidamente.\u00a0Lo hacemos para poder reconocer y aprobar autom\u00e1ticamente cualquier comentario posterior en lugar de retenerlo para su moderaci\u00f3n.<\/p>\n<p>En el caso de los usuarios que se registran en nuestro sitio (si los hay), tambi\u00e9n conservamos la informaci\u00f3n personal que nos proporciona en su perfil de usuario.\u00a0Todos los usuarios pueden ver, editar o eliminar su informaci\u00f3n personal en cualquier momento (s\u00f3lo no es posible cambiar su nombre de usuario).\u00a0Los administradores del sitio tambi\u00e9n pueden ver y editar esta informaci\u00f3n.<\/p>\n<p>Cu\u00e1les son sus derechos sobre sus datos<\/p>\n<p>Si tiene una cuenta en este sitio o si ha dejado comentarios, puede solicitar un archivo exportado de los datos personales que tenemos sobre usted, incluyendo cualquier dato que nos haya proporcionado.\u00a0Tambi\u00e9n puede solicitar que eliminemos cualquier dato personal que tengamos sobre usted.\u00a0Esto no incluye ning\u00fan dato que debamos conservar por motivos administrativos, legales o de seguridad.<\/p>\n<p>\u00bfD\u00f3nde enviamos sus datos?<\/p>\n<p>Los comentarios de los visitantes pueden ser marcados por un servicio autom\u00e1tico de detecci\u00f3n de spam.<\/p>\n<p>Sus datos de contacto<\/p>\n<p>Si necesita revisar sus datos introducidos en este sitio, p\u00f3ngase en contacto con nosotros en help@register-omegapro.world<\/p>\n<p>Informaci\u00f3n adicional<\/p>\n<p>Eventualmente, puede recibir correos electr\u00f3nicos informativos sobre el negocio en cuesti\u00f3n por parte del equipo de este sitio.<\/p>\n<p>C\u00f3mo protegemos sus datos<\/p>\n<p>Tomamos medidas para proteger los datos de los usuarios.\u00a0Esto puede incluir medidas t\u00e9cnicas como el cifrado; medidas de seguridad como la autenticaci\u00f3n en dos pasos; y medidas como la formaci\u00f3n del personal en materia de protecci\u00f3n de datos.\u00a0Donde ya hemos sido evaluados.<\/p>\n<p>aspectos positivos<\/p>\n<p>&nbsp;<\/p>\n<p>&nbsp;<\/p>\n<p>Cu\u00e1les son nuestros procedimientos para la violaci\u00f3n de datos<\/p>\n<p>En caso de producirse alg\u00fan error en los datos que se nos facilitan, tomaremos las medidas oportunas para corregirlos.\u00a0Porque toda la informaci\u00f3n introducida aqu\u00ed por el usuario, pasa por procesos de encriptaci\u00f3n de extremo a extremo, haciendo que la posibilidad de violaci\u00f3n de datos sea pr\u00e1cticamente ultra segura.<\/p>\n<p>De qu\u00e9 terceros recibimos datos<\/p>\n<p>Podemos recibir datos de la empresa aqu\u00ed representada para mejorar los datos proporcionados por el usuario para acciones correctivas o informativas.<\/p>\n<p>Qu\u00e9 toma de decisiones automatizadas o elaboraci\u00f3n de perfiles hacemos con los datos del usuario<\/p>\n<p>Al enviar sus datos para el registro, el usuario puede ser redirigido autom\u00e1ticamente a una aplicaci\u00f3n de mensajer\u00eda instant\u00e1nea con el fin de mejorar su servicio con la empresa y nuestros representantes.<\/p>\n<p>Requisitos de divulgaci\u00f3n obligatorios para la categor\u00eda profesional<\/p>\n<p>Este sitio web s\u00f3lo representa a la empresa OmegaPro Ltd, cuya direcci\u00f3n principal es PO Box 1510 Beachmont Kingstown St. Vincent And The Grenadines<\/p>\n<p>Usted puede, en cualquier momento, solicitar datos a la empresa representada para aclarar cualquier duda sobre su funcionamiento e informaci\u00f3n comercial<\/div>\n\t\t<\/div><div class='yrm-btn-wrapper yrm-btn-wrapper-1 yrm-more-button-wrapper  '\n\t\tdata-custom-more-class-name='' data-custom-less-class-name=''><span title='Open' data-less-title='Close' data-more-title='Open' class='yrm-toggle-expand  yrm-toggle-expand-1 ' data-rel='yrm-bVUcv' data-more='Condiciones' data-less='Antes de cerrar las condiciones, haga clic en ACEPTAR si est\u00e1 de acuerdo'><span class='yrm-text-wrapper yrm-text-wrapper-custom-dimensions'><span class=\"yrm-button-text-1 yrm-button-text-span\">Condiciones<\/span><\/span><\/span><\/div>.[\/vc_column_text][vc_icon icon_fontawesome=\u00bbfas fa-arrow-circle-left\u00bb size=\u00bbxl\u00bb align=\u00bbcenter\u00bb link=\u00bburl:https%3A%2F%2Fregisterforex.com%2Fco%2F|title:Back%20to%20home%20page\u00bb][\/vc_column_inner][vc_column_inner width=\u00bb1\/3&#8243;][\/vc_column_inner][\/vc_row_inner][\/vc_column][\/vc_row]\n","protected":false},"excerpt":{"rendered":"<p>[vc_row css=\u00bb.vc_custom_1656943958822{background-color: #ffffff !important;}\u00bb][vc_column][vc_empty_space][vc_row_inner el_id=\u00bbsou-lider\u00bb][vc_column_inner width=\u00bb1\/3&#8243; css=\u00bb.vc_custom_1656944703389{border-radius: 15px !important;}\u00bb][\/vc_column_inner][vc_column_inner width=\u00bb1\/3&#8243; css=\u00bb.vc_custom_1656944085862{background-color: #ffffff !important;border-radius: 15px !important;}\u00bb][vc_custom_heading source=\u00bbpost_title\u00bb font_container=\u00bbtag:h1|font_size:35|text_align:center|color:%23251491&#8243; google_fonts=\u00bbfont_family:Nunito%3A300%2Cregular%2C700|font_style:700%20bold%20regular%3A700%3Anormal\u00bb][vc_custom_heading text=\u00bbPrimero necesitamos saber su nombre y datos de contacto para poder ayudarte \u00a1hazte cliente de OmegaPro!\u00bb font_container=\u00bbtag:h2|font_size:18|text_align:center|color:%23251491&#8243; google_fonts=\u00bbfont_family:Nunito%3A300%2Cregular%2C700|font_style:700%20bold%20regular%3A700%3Anormal\u00bb][vc_column_text css_animation=\u00bbslideInUp\u00bb][\/vc_column_text][vc_column_text][\/vc_column_text][vc_column_text el_id=\u00bbtermoscadastro\u00bb].[\/vc_column_text][vc_icon icon_fontawesome=\u00bbfas fa-arrow-circle-left\u00bb size=\u00bbxl\u00bb align=\u00bbcenter\u00bb link=\u00bburl:https%3A%2F%2Fregisterforex.com%2Fco%2F|title:Back%20to%20home%20page\u00bb][\/vc_column_inner][vc_column_inner width=\u00bb1\/3&#8243;][\/vc_column_inner][\/vc_row_inner][\/vc_column][\/vc_row]<\/p>\n","protected":false},"author":1,"featured_media":3877,"parent":0,"menu_order":0,"comment_status":"closed","ping_status":"closed","template":"elementor_header_footer","meta":[],"blocksy_meta":{"styles_descriptor":{"styles":{"desktop":"","tablet":"","mobile":""},"google_fonts":[],"version":5}},"yoast_head":"<!-- This site is optimized with the Yoast SEO plugin v21.1 - https:\/\/yoast.com\/wordpress\/plugins\/seo\/ -->\n<title>\u00a1Reg\u00edstrese ahora en OmegaPRO!<\/title>\n<meta name=\"description\" content=\"\u00a1Reg\u00edstrate ahora! | OmegaPRO | Aqu\u00ed sus datos para llenar el registro directo al sistema oficial de Registro Omega Pro\" \/>\n<meta name=\"robots\" content=\"index, follow, max-snippet:-1, max-image-preview:large, max-video-preview:-1\" \/>\n<link rel=\"canonical\" href=\"https:\/\/registerforex.com\/co\/registrate-ahora\/\" \/>\n<meta property=\"og:locale\" content=\"es_ES\" \/>\n<meta property=\"og:type\" content=\"article\" \/>\n<meta property=\"og:title\" content=\"\u00a1Reg\u00edstrese ahora en OmegaPRO!\" \/>\n<meta property=\"og:description\" content=\"\u00a1Reg\u00edstrate ahora! | OmegaPRO | Aqu\u00ed sus datos para llenar el registro directo al sistema oficial de Registro Omega Pro\" \/>\n<meta property=\"og:url\" content=\"https:\/\/registerforex.com\/co\/registrate-ahora\/\" \/>\n<meta property=\"og:site_name\" content=\"OmegaPRO | Registro | Omega PRO World | Colombia\" \/>\n<meta property=\"article:modified_time\" content=\"2022-07-27T13:02:11+00:00\" \/>\n<meta property=\"og:image\" content=\"https:\/\/registerforex.com\/co\/wp-content\/uploads\/2022\/07\/portada-de-pagina-primer-paso-Registro-OmegaPro-World.jpg\" \/>\n\t<meta property=\"og:image:width\" content=\"1124\" \/>\n\t<meta property=\"og:image:height\" content=\"1124\" \/>\n\t<meta property=\"og:image:type\" content=\"image\/jpeg\" \/>\n<meta name=\"twitter:card\" content=\"summary_large_image\" \/>\n<meta name=\"twitter:label1\" content=\"Tiempo de lectura\" \/>\n\t<meta name=\"twitter:data1\" content=\"6 minutos\" \/>\n<script type=\"application\/ld+json\" class=\"yoast-schema-graph\">{\"@context\":\"https:\/\/schema.org\",\"@graph\":[{\"@type\":\"WebPage\",\"@id\":\"https:\/\/registerforex.com\/co\/registrate-ahora\/\",\"url\":\"https:\/\/registerforex.com\/co\/registrate-ahora\/\",\"name\":\"\u00a1Reg\u00edstrese ahora en OmegaPRO!\",\"isPartOf\":{\"@id\":\"https:\/\/registerforex.com\/co\/#website\"},\"datePublished\":\"2022-07-04T10:42:57+00:00\",\"dateModified\":\"2022-07-27T13:02:11+00:00\",\"description\":\"\u00a1Reg\u00edstrate ahora! | OmegaPRO | Aqu\u00ed sus datos para llenar el registro directo al sistema oficial de Registro Omega Pro\",\"breadcrumb\":{\"@id\":\"https:\/\/registerforex.com\/co\/registrate-ahora\/#breadcrumb\"},\"inLanguage\":\"es-CO\",\"potentialAction\":[{\"@type\":\"ReadAction\",\"target\":[\"https:\/\/registerforex.com\/co\/registrate-ahora\/\"]}]},{\"@type\":\"BreadcrumbList\",\"@id\":\"https:\/\/registerforex.com\/co\/registrate-ahora\/#breadcrumb\",\"itemListElement\":[{\"@type\":\"ListItem\",\"position\":1,\"name\":\"Home\",\"item\":\"https:\/\/registerforex.com\/co\/\"},{\"@type\":\"ListItem\",\"position\":2,\"name\":\"Reg\u00edstrate ahora!\"}]},{\"@type\":\"WebSite\",\"@id\":\"https:\/\/registerforex.com\/co\/#website\",\"url\":\"https:\/\/registerforex.com\/co\/\",\"name\":\"OmegaPRO | Registro | Omega PRO World | Colombia\",\"description\":\"OmegaPRO | Registro | Colombia | Aprende todo sobre c\u00f3mo funciona Omega Pro y reg\u00edstrate aqu\u00ed y obt\u00e9n ganancias de forma segura en el mercado de inversi\u00f3n.\",\"publisher\":{\"@id\":\"https:\/\/registerforex.com\/co\/#organization\"},\"potentialAction\":[{\"@type\":\"SearchAction\",\"target\":{\"@type\":\"EntryPoint\",\"urlTemplate\":\"https:\/\/registerforex.com\/co\/?s={search_term_string}\"},\"query-input\":\"required name=search_term_string\"}],\"inLanguage\":\"es-CO\"},{\"@type\":\"Organization\",\"@id\":\"https:\/\/registerforex.com\/co\/#organization\",\"name\":\"OmegaPRO | Registro | Omega PRO World | Colombia\",\"url\":\"https:\/\/registerforex.com\/co\/\",\"logo\":{\"@type\":\"ImageObject\",\"inLanguage\":\"es-CO\",\"@id\":\"https:\/\/registerforex.com\/co\/#\/schema\/logo\/image\/\",\"url\":\"https:\/\/registerforex.com\/co\/wp-content\/uploads\/2022\/08\/logo-colombia-registro-omegapro-world.png\",\"contentUrl\":\"https:\/\/registerforex.com\/co\/wp-content\/uploads\/2022\/08\/logo-colombia-registro-omegapro-world.png\",\"width\":390,\"height\":95,\"caption\":\"OmegaPRO | Registro | Omega PRO World | Colombia\"},\"image\":{\"@id\":\"https:\/\/registerforex.com\/co\/#\/schema\/logo\/image\/\"}}]}<\/script>\n<!-- \/ Yoast SEO plugin. -->","yoast_head_json":{"title":"\u00a1Reg\u00edstrese ahora en OmegaPRO!","description":"\u00a1Reg\u00edstrate ahora! | OmegaPRO | Aqu\u00ed sus datos para llenar el registro directo al sistema oficial de Registro Omega Pro","robots":{"index":"index","follow":"follow","max-snippet":"max-snippet:-1","max-image-preview":"max-image-preview:large","max-video-preview":"max-video-preview:-1"},"canonical":"https:\/\/registerforex.com\/co\/registrate-ahora\/","og_locale":"es_ES","og_type":"article","og_title":"\u00a1Reg\u00edstrese ahora en OmegaPRO!","og_description":"\u00a1Reg\u00edstrate ahora! | OmegaPRO | Aqu\u00ed sus datos para llenar el registro directo al sistema oficial de Registro Omega Pro","og_url":"https:\/\/registerforex.com\/co\/registrate-ahora\/","og_site_name":"OmegaPRO | Registro | Omega PRO World | Colombia","article_modified_time":"2022-07-27T13:02:11+00:00","og_image":[{"width":1124,"height":1124,"url":"https:\/\/registerforex.com\/co\/wp-content\/uploads\/2022\/07\/portada-de-pagina-primer-paso-Registro-OmegaPro-World.jpg","type":"image\/jpeg"}],"twitter_card":"summary_large_image","twitter_misc":{"Tiempo de lectura":"6 minutos"},"schema":{"@context":"https:\/\/schema.org","@graph":[{"@type":"WebPage","@id":"https:\/\/registerforex.com\/co\/registrate-ahora\/","url":"https:\/\/registerforex.com\/co\/registrate-ahora\/","name":"\u00a1Reg\u00edstrese ahora en OmegaPRO!","isPartOf":{"@id":"https:\/\/registerforex.com\/co\/#website"},"datePublished":"2022-07-04T10:42:57+00:00","dateModified":"2022-07-27T13:02:11+00:00","description":"\u00a1Reg\u00edstrate ahora! | OmegaPRO | Aqu\u00ed sus datos para llenar el registro directo al sistema oficial de Registro Omega Pro","breadcrumb":{"@id":"https:\/\/registerforex.com\/co\/registrate-ahora\/#breadcrumb"},"inLanguage":"es-CO","potentialAction":[{"@type":"ReadAction","target":["https:\/\/registerforex.com\/co\/registrate-ahora\/"]}]},{"@type":"BreadcrumbList","@id":"https:\/\/registerforex.com\/co\/registrate-ahora\/#breadcrumb","itemListElement":[{"@type":"ListItem","position":1,"name":"Home","item":"https:\/\/registerforex.com\/co\/"},{"@type":"ListItem","position":2,"name":"Reg\u00edstrate ahora!"}]},{"@type":"WebSite","@id":"https:\/\/registerforex.com\/co\/#website","url":"https:\/\/registerforex.com\/co\/","name":"OmegaPRO | Registro | Omega PRO World | Colombia","description":"OmegaPRO | Registro | Colombia | Aprende todo sobre c\u00f3mo funciona Omega Pro y reg\u00edstrate aqu\u00ed y obt\u00e9n ganancias de forma segura en el mercado de inversi\u00f3n.","publisher":{"@id":"https:\/\/registerforex.com\/co\/#organization"},"potentialAction":[{"@type":"SearchAction","target":{"@type":"EntryPoint","urlTemplate":"https:\/\/registerforex.com\/co\/?s={search_term_string}"},"query-input":"required name=search_term_string"}],"inLanguage":"es-CO"},{"@type":"Organization","@id":"https:\/\/registerforex.com\/co\/#organization","name":"OmegaPRO | Registro | Omega PRO World | Colombia","url":"https:\/\/registerforex.com\/co\/","logo":{"@type":"ImageObject","inLanguage":"es-CO","@id":"https:\/\/registerforex.com\/co\/#\/schema\/logo\/image\/","url":"https:\/\/registerforex.com\/co\/wp-content\/uploads\/2022\/08\/logo-colombia-registro-omegapro-world.png","contentUrl":"https:\/\/registerforex.com\/co\/wp-content\/uploads\/2022\/08\/logo-colombia-registro-omegapro-world.png","width":390,"height":95,"caption":"OmegaPRO | Registro | Omega PRO World | Colombia"},"image":{"@id":"https:\/\/registerforex.com\/co\/#\/schema\/logo\/image\/"}}]}},"_links":{"self":[{"href":"https:\/\/registerforex.com\/co\/wp-json\/wp\/v2\/pages\/3316"}],"collection":[{"href":"https:\/\/registerforex.com\/co\/wp-json\/wp\/v2\/pages"}],"about":[{"href":"https:\/\/registerforex.com\/co\/wp-json\/wp\/v2\/types\/page"}],"author":[{"embeddable":true,"href":"https:\/\/registerforex.com\/co\/wp-json\/wp\/v2\/users\/1"}],"replies":[{"embeddable":true,"href":"https:\/\/registerforex.com\/co\/wp-json\/wp\/v2\/comments?post=3316"}],"version-history":[{"count":12,"href":"https:\/\/registerforex.com\/co\/wp-json\/wp\/v2\/pages\/3316\/revisions"}],"predecessor-version":[{"id":3832,"href":"https:\/\/registerforex.com\/co\/wp-json\/wp\/v2\/pages\/3316\/revisions\/3832"}],"wp:featuredmedia":[{"embeddable":true,"href":"https:\/\/registerforex.com\/co\/wp-json\/wp\/v2\/media\/3877"}],"wp:attachment":[{"href":"https:\/\/registerforex.com\/co\/wp-json\/wp\/v2\/media?parent=3316"}],"curies":[{"name":"wp","href":"https:\/\/api.w.org\/{rel}","templated":true}]}}