{"id":3143,"date":"2022-06-21T08:59:48","date_gmt":"2022-06-21T11:59:48","guid":{"rendered":"https:\/\/registerforex.com\/pt\/?page_id=3143"},"modified":"2022-07-20T22:04:31","modified_gmt":"2022-07-20T22:04:31","slug":"cadastro","status":"publish","type":"page","link":"https:\/\/registerforex.com\/pt\/cadastro\/","title":{"rendered":"Cadastro"},"content":{"rendered":"[vc_row fullwidth=&#8221;true&#8221; css=&#8221;.vc_custom_1656958280794{background-color: #0a0028 !important;}&#8221;][vc_column][vc_empty_space][\/vc_column][\/vc_row][vc_row css=&#8221;.vc_custom_1656958273069{background-color: #0a0028 !important;}&#8221;][vc_column][vc_row_inner el_id=&#8221;sou-lider&#8221;][vc_column_inner width=&#8221;1\/12&#8243;][\/vc_column_inner][vc_column_inner width=&#8221;1\/6&#8243; css=&#8221;.vc_custom_1655149569518{background-color: #020082 !important;border-radius: 15px !important;}&#8221;][vc_column_text]\n<p style=\"text-align: center;\"><span style=\"color: #ffff99;\"><strong>Tem d\u00favidas?<\/strong><\/span><\/p>\n<p style=\"text-align: center;\"><span style=\"color: #ffff99;\">Caso prefira entrar com um l\u00edder<\/span><br \/>\n<span style=\"color: #ffff99;\">j\u00e1 cadastrado aqui nesse site,<\/span><br \/>\n<span style=\"color: #ffff99;\">clique no bot\u00e3o abaixo:<\/span><\/p>\n[\/vc_column_text][vc_icon icon_fontawesome=&#8221;fa fa-reply-all&#8221; color=&#8221;peacoc&#8221; size=&#8221;lg&#8221; align=&#8221;center&#8221; link=&#8221;url:https%3A%2F%2Fregisterforex.com%2Fpt%2Fencontrar-um-consultor-omega-pro%2F|title:Encontre%20e%20fa%C3%A7a%20seu%20cadastro%20com%20um%20l%C3%ADder%20pr%C3%B3ximo%20de%20voc%C3%AA!|&#8221;][\/vc_column_inner][vc_column_inner width=&#8221;2\/3&#8243;][vc_custom_heading source=&#8221;post_title&#8221; font_container=&#8221;tag:h1|font_size:35|text_align:center|color:%23ffffff&#8221; google_fonts=&#8221;font_family:Nunito%3A300%2Cregular%2C700|font_style:700%20bold%20regular%3A700%3Anormal&#8221;][vc_custom_heading text=&#8221;Preencha seus dados para se<br \/>\n<b>tornar um cliente Omega Pro!<\/b>&#8221; font_container=&#8221;tag:h1|font_size:35|text_align:center|color:%2320eafc&#8221; google_fonts=&#8221;font_family:Nunito%3A300%2Cregular%2C700|font_style:700%20bold%20regular%3A700%3Anormal&#8221;][vc_column_text css_animation=&#8221;slideInUp&#8221;]<img fetchpriority=\"high\" decoding=\"async\" class=\"wp-image-2732 aligncenter\" src=\"https:\/\/registerforex.com\/pt\/wp-content\/uploads\/2022\/07\/making-signup-animation-cadastro-omega-pro-world.gif\" alt=\"Fazendo o cadastro Omega Pro World\" width=\"349\" height=\"213\" \/>[\/vc_column_text][vc_column_text]\n<div class=\"wpcf7 no-js\" id=\"wpcf7-f2786-o1\" lang=\"pt-BR\" dir=\"ltr\">\n<div class=\"screen-reader-response\"><p role=\"status\" aria-live=\"polite\" aria-atomic=\"true\"><\/p> <ul><\/ul><\/div>\n<form action=\"\/pt\/wp-json\/wp\/v2\/pages\/3143#wpcf7-f2786-o1\" method=\"post\" class=\"wpcf7-form init\" aria-label=\"Formul\u00e1rios de contato\" novalidate=\"novalidate\" data-status=\"init\">\n<div style=\"display: none;\">\n<input type=\"hidden\" name=\"_wpcf7\" value=\"2786\" \/>\n<input type=\"hidden\" name=\"_wpcf7_version\" value=\"5.7.7\" \/>\n<input type=\"hidden\" name=\"_wpcf7_locale\" value=\"pt_BR\" \/>\n<input type=\"hidden\" name=\"_wpcf7_unit_tag\" value=\"wpcf7-f2786-o1\" \/>\n<input type=\"hidden\" name=\"_wpcf7_container_post\" value=\"0\" \/>\n<input type=\"hidden\" name=\"_wpcf7_posted_data_hash\" value=\"\" \/>\n<\/div>\n<p><span style=\"color: #0000ff;\"><strong>NOME<\/strong><\/span><br \/>\n<span class=\"wpcf7-form-control-wrap\" data-name=\"your-name\"><input size=\"40\" class=\"wpcf7-form-control wpcf7-text wpcf7-validates-as-required\" aria-required=\"true\" aria-invalid=\"false\" placeholder=\"Insira aqui seu nome...\" value=\"\" type=\"text\" name=\"your-name\" \/><\/span>\n<\/p>\n<p><span style=\"color: #0000ff;\"><strong>SEU WHATS COM DDD<\/strong><\/span><br \/>\n<span class=\"wpcf7-form-control-wrap\" data-name=\"tel-580\"><input size=\"40\" class=\"wpcf7-form-control wpcf7-text wpcf7-tel wpcf7-validates-as-required wpcf7-validates-as-tel\" id=\"Celular\" aria-required=\"true\" aria-invalid=\"false\" placeholder=\"11-99999-1234\" value=\"\" type=\"tel\" name=\"tel-580\" \/><\/span>\n<\/p>\n<p><span style=\"color: #0000ff;\"><strong>COLOQUE SEU EMAIL<\/strong><\/span><em>seu melhor email<\/em><br \/>\n<span class=\"wpcf7-form-control-wrap\" data-name=\"your-email\"><input size=\"40\" class=\"wpcf7-form-control wpcf7-text wpcf7-email wpcf7-validates-as-required wpcf7-validates-as-email\" aria-required=\"true\" aria-invalid=\"false\" placeholder=\"meunome@dominio.com...\" value=\"\" type=\"email\" name=\"your-email\" \/><\/span><br \/>\n<div id=\"cf7sr-69f442c01f391\" class=\"cf7sr-g-recaptcha\" data-sitekey=\"6LcPyPwhAAAAACLgvnbhIAu-HGmUL-rkjNSvy4Yh\"><\/div><span class=\"wpcf7-form-control-wrap cf7sr-recaptcha\" data-name=\"cf7sr-recaptcha\"><input type=\"hidden\" name=\"cf7sr-recaptcha\" value=\"\" class=\"wpcf7-form-control\"><\/span>\n<\/p>\n<p style=\"text-align: center;\"><span style=\"color: #008000;\"><input class=\"wpcf7-form-control has-spinner wpcf7-submit\" type=\"submit\" value=\"ENVIAR MEUS DADOS PARA CADASTRO!\" \/><\/span>\n<\/p>\n<p>&nbsp;\n<\/p><div class=\"wpcf7-response-output\" aria-hidden=\"true\"><\/div>\n<\/form>\n<\/div>\n[\/vc_column_text][vc_column_text el_id=&#8221;termoscadastro&#8221;]<div class='yrm-content yrm-content-1 yrm-content-hide  ' id='yrm-XuM50' data-id='1' data-show-status='false' data-after-action='' style=\"visibility: hidden;height: 0;\">\n\t\t\t<div id='yrm-inner-content-yrm-XuM50' class='yrm-inner-content-wrapper yrm-cntent-1'>\n<h4>Quem somos<\/h4>\n<p>O endere\u00e7o do nosso site \u00e9: https:\/\/registerforex.com\/pt Somos uma equipe de representantes que orienta possas a se tornarem clientes da empresa <span style=\"color: #0000ff;\">Omega Pro<\/span>\u00a0atrav\u00e9s dessa p\u00e1gina. Nossos meios de contato \u00e9 atrav\u00e9s desse link <a href=\"https:\/\/registerforex.com\/pt\/sac-fale-conosco\/\">SAC | Fale Conosco<\/a> onde voc\u00ea ter\u00e1 todos os meios acess\u00edveis de nos contatar.<\/p>\n<h4>Quais dados pessoais coletamos e porque<\/h4>\n<p class=\"privacy-policy-tutorial\">Os dados pessoais que coletamos, como: Nome completo, Nacionalidade, Estado Civil, Profiss\u00e3o, N\u00ba do RG, CPF, Data de Nascimento, Endere\u00e7o de resid\u00eancia completo, N\u00famero da casa, CEP, Celular, Sua Cidade, Seu Estado, Seu e-mail, Qual \u00e9 o ID de quem lhe convidou para a Omega Pro, Foto para seu perfil aqui no site, link de perfil do Facebook ou Instagram se houver, Qual o melhor hor\u00e1rio para entrarmos em contato.<\/p>\n<p class=\"privacy-policy-tutorial\">Seus dados ser\u00e3o oferecidos por n\u00f3s na empresa aqui representada para efetuar o seu cadastro a fim de torn\u00e1-lo um cliente dela. Portanto, n\u00e3o ser\u00e1 usado de nenhuma outra maneira a n\u00e3o ser essa.<\/p>\n<h4>Coment\u00e1rios<\/h4>\n<p>Quando os visitantes deixam coment\u00e1rios no site, coletamos os dados mostrados no formul\u00e1rio de coment\u00e1rios, al\u00e9m do endere\u00e7o de IP e de dados do navegador do visitante, para auxiliar na detec\u00e7\u00e3o de spam.<\/p>\n<p>Uma sequ\u00eancia anonimizada de caracteres criada a partir do seu e-mail (tamb\u00e9m chamada de hash) poder\u00e1 ser enviada para o Gravatar para verificar se voc\u00ea usa o servi\u00e7o. A pol\u00edtica de privacidade do Gravatar est\u00e1 dispon\u00edvel aqui: https:\/\/automattic.com\/privacy\/. Depois da aprova\u00e7\u00e3o do seu coment\u00e1rio, a foto do seu perfil fica vis\u00edvel publicamente junto de seu coment\u00e1rio.<\/p>\n<h4>M\u00eddia<\/h4>\n<p>Se voc\u00ea envia imagens para o site, evite enviar as que contenham dados de localiza\u00e7\u00e3o incorporados (EXIF GPS). Visitantes podem baixar estas imagens do site e extrair delas seus dados de localiza\u00e7\u00e3o.<\/p>\n<h4>Formul\u00e1rios de contato<\/h4>\n<p>Por padr\u00e3o, nosso site inclui um formul\u00e1rio de contato. Para que voc\u00ea possa enviar uma mensagem e que n\u00f3s possamos lhe retornar, assim os dados pessoais coletados quando voc\u00ea envia suas informa\u00e7\u00f5es o tempo que mantemos essas informa\u00e7\u00f5es \u00e9 vari\u00e1vel at\u00e9 o ponto de que o atendimento seja conclu\u00eddo, mas que n\u00e3o usamos essas informa\u00e7\u00f5es para fins de marketing.<\/p>\n<h4>Cookies<\/h4>\n<p>Ao deixar um coment\u00e1rio no site, voc\u00ea poder\u00e1 optar por salvar seu nome, e-mail e site nos cookies. Isso visa seu conforto, assim voc\u00ea n\u00e3o precisar\u00e1 preencher seus dados novamente quando fizer outro coment\u00e1rio. Estes cookies duram um ano.<\/p>\n<p>Se voc\u00ea tem uma conta e acessa este site, um cookie tempor\u00e1rio ser\u00e1 criado para determinar se seu navegador aceita cookies. Ele n\u00e3o cont\u00e9m nenhum dado pessoal e ser\u00e1 descartado quando voc\u00ea fechar seu navegador.<\/p>\n<p>Quando voc\u00ea acessa sua conta no site, tamb\u00e9m criamos v\u00e1rios cookies para salvar os dados da sua conta e suas escolhas de exibi\u00e7\u00e3o de tela. Cookies de login s\u00e3o mantidos por dois dias e cookies de op\u00e7\u00f5es de tela por um ano. Se voc\u00ea selecionar &#8220;Lembrar-me&#8221;, seu acesso ser\u00e1 mantido por duas semanas. Se voc\u00ea se desconectar da sua conta, os cookies de login ser\u00e3o removidos.<\/p>\n<p>Se voc\u00ea editar ou publicar um artigo, um cookie adicional ser\u00e1 salvo no seu navegador. Este cookie n\u00e3o inclui nenhum dado pessoal e simplesmente indica o ID do post referente ao artigo que voc\u00ea acabou de editar. Ele expira depois de 1 dia.<\/p>\n<h4>M\u00eddia incorporada de outros sites<\/h4>\n<p>Artigos neste site podem incluir conte\u00fado incorporado como, por exemplo, v\u00eddeos, imagens, artigos, etc. Conte\u00fados incorporados de outros sites se comportam exatamente da mesma forma como se o visitante estivesse visitando o outro site.<\/p>\n<p>Estes sites podem coletar dados sobre voc\u00ea, usar cookies, incorporar rastreamento adicional de terceiros e monitorar sua intera\u00e7\u00e3o com este conte\u00fado incorporado, incluindo sua intera\u00e7\u00e3o com o conte\u00fado incorporado se voc\u00ea tem uma conta e est\u00e1 conectado com o site.<\/p>\n<h4>An\u00e1lises<\/h4>\n<p class=\"privacy-policy-tutorial\">N\u00e3o utilizamos um servi\u00e7o de analises em nosso site.<\/p>\n<h4>Com quem partilhamos seus dados<\/h4>\n<p>Seus dados ser\u00e3o oferecidos por n\u00f3s na empresa aqui representada para efetuar o seu cadastro a fim de torn\u00e1-lo um cliente dela. Portanto, n\u00e3o ser\u00e1 usado de nenhuma outra maneira a n\u00e3o ser essa.<\/p>\n<h4>Por quanto tempo mantemos os seus dados<\/h4>\n<p>Se voc\u00ea deixar um coment\u00e1rio, o coment\u00e1rio e os seus metadados s\u00e3o conservados indefinidamente. Fazemos isso para que seja poss\u00edvel reconhecer e aprovar automaticamente qualquer coment\u00e1rio posterior ao inv\u00e9s de ret\u00ea-lo para modera\u00e7\u00e3o.<\/p>\n<p>Para usu\u00e1rios que se registram no nosso site (se houver), tamb\u00e9m guardamos as informa\u00e7\u00f5es pessoais que fornecem no seu perfil de usu\u00e1rio. Todos os usu\u00e1rios podem ver, editar ou excluir suas informa\u00e7\u00f5es pessoais a qualquer momento (s\u00f3 n\u00e3o \u00e9 poss\u00edvel alterar o seu username). Os administradores de sites tamb\u00e9m podem ver e editar estas informa\u00e7\u00f5es.<\/p>\n<h4>Quais os seus direitos sobre seus dados<\/h4>\n<p>Se voc\u00ea tiver uma conta neste site ou se tiver deixado coment\u00e1rios, pode solicitar um arquivo exportado dos dados pessoais que mantemos sobre voc\u00ea, inclusive quaisquer dados que nos tenha fornecido. Tamb\u00e9m pode solicitar que removamos qualquer dado pessoal que mantemos sobre voc\u00ea. Isto n\u00e3o inclui nenhuns dados que somos obrigados a manter para prop\u00f3sitos administrativos, legais ou de seguran\u00e7a.<\/p>\n<h4>Para onde enviamos seus dados<\/h4>\n<p>Coment\u00e1rios de visitantes podem ser marcados por um servi\u00e7o autom\u00e1tico de detec\u00e7\u00e3o de spam.<\/p>\n<h4>Suas informa\u00e7\u00f5es de contato<\/h4>\n<p>Caso voc\u00ea precise revisar seus dados inseridos nesse site, favor entrar em contato atrav\u00e9s do email <a href=\"mailto:sac@cadastro-omegapro.world\">sac@cadastro-omegapro.world<\/a><\/p>\n<h4>Informa\u00e7\u00f5es adicionais<\/h4>\n<p>Eventualmente voc\u00ea poder\u00e1 receber da equipe desse site emails informativos sobre o pr\u00f3prio neg\u00f3cio em quest\u00e3o.<\/p>\n<h4>Como protegemos seus dados<\/h4>\n<p>Tomamos medidas para proteger os dados dos usu\u00e1rios. Isso pode incluir medidas t\u00e9cnicas como encripta\u00e7\u00e3o; medidas de seguran\u00e7a como autentica\u00e7\u00e3o em dois passos; e medidas como treinamento de pessoal em prote\u00e7\u00e3o de dados. Onde j\u00e1 fomos avaliados.<\/p>\n<div class=\"tile-content__title text-green\">Destaques positivos<\/div>\n<div class=\"block-highlights-list__holder\"><\/div>\n<div class=\"block-highlights-list__holder\">\n<div class=\"block-highlights-list__body\"><\/div>\n<\/div>\n<p><img decoding=\"async\" class=\"size-full wp-image-3164\" src=\"https:\/\/registerforex.com\/pt\/wp-content\/uploads\/2022\/07\/seguranca-sobre-os-dados-dos-usuarios-cadastro-omega-pro.png\" alt=\"seguran\u00e7a sobre os dados dos usuarios cadastro omega pro\" width=\"571\" height=\"162\" \/><\/p>\n<h4>Quais s\u00e3o nossos procedimentos contra viola\u00e7\u00e3o de dados<\/h4>\n<p>Caso ocorra algum erro sobre os dados fornecidos a n\u00f3s, tomaremos as provid\u00eancias cab\u00edveis para efetuar a corre\u00e7\u00e3o destes. Pois todas as informa\u00e7\u00f5es inseridas aqui pelo usu\u00e1rio, passam por processos de criptografia ponta a ponta, tornando a possibilidade de viola\u00e7\u00e3o de dados praticamente ultra segura.<\/p>\n<h4>De quais terceiros n\u00f3s recebemos dados<\/h4>\n<p>Poderemos receber dados da empresa aqui representada para melhorias dos dados fornecido pelo usu\u00e1rio a fim de a\u00e7\u00f5es corretivas ou informativas.<\/p>\n<h4>Quais tomadas de decis\u00e3o ou an\u00e1lises de perfil automatizadas fazemos com os dados de usu\u00e1rios<\/h4>\n<p>Ao enviar seus dados para que se efetue o cadastro, voc\u00ea poder\u00e1 ser automaticamente redirecionado a um aplicativo de mensagens instant\u00e2neas a fim de melhorar seu atendimento junto a empresa e nossos representantes.<\/p>\n<h4>Requisitos obrigat\u00f3rios de divulga\u00e7\u00e3o a categoria profissional<\/h4>\n<p>Esse site apenas representa a empresa OmegaPro Ltda,\u00a0 sediada no endere\u00e7o principal, com sede P.O Box 1510 Beachmont Kingstown St. Vincent And The Grenadines<\/p>\n<p>Voc\u00ea pode a qualquer momento nos solicitar dados da empresa representada para tirar quaisquer d\u00favidas a respeito de suas opera\u00e7\u00f5es e informa\u00e7\u00f5es sobre o neg\u00f3cio.<\/div>\n\t\t<\/div><div class='yrm-btn-wrapper yrm-btn-wrapper-1 yrm-more-button-wrapper  '\n\t\tdata-custom-more-class-name='' data-custom-less-class-name=''><span title='Abrir' data-less-title='Fechar' data-more-title='Abrir' class='yrm-toggle-expand  yrm-toggle-expand-1 ' data-rel='yrm-XuM50' data-more='Termos' data-less='Antes de fechar os termos, clique em CONCORDO se estiver de acordo'><span class='yrm-text-wrapper yrm-text-wrapper-custom-dimensions'><span class=\"yrm-button-text-1 yrm-button-text-span\">Termos<\/span><\/span><\/span><\/div>[\/vc_column_text][\/vc_column_inner][vc_column_inner width=&#8221;1\/12&#8243;][\/vc_column_inner][\/vc_row_inner][\/vc_column][\/vc_row]\n","protected":false},"excerpt":{"rendered":"<p>[vc_row fullwidth=&#8221;true&#8221; css=&#8221;.vc_custom_1656958280794{background-color: #0a0028 !important;}&#8221;][vc_column][vc_empty_space][\/vc_column][\/vc_row][vc_row css=&#8221;.vc_custom_1656958273069{background-color: #0a0028 !important;}&#8221;][vc_column][vc_row_inner el_id=&#8221;sou-lider&#8221;][vc_column_inner width=&#8221;1\/12&#8243;][\/vc_column_inner][vc_column_inner width=&#8221;1\/6&#8243; css=&#8221;.vc_custom_1655149569518{background-color: #020082 !important;border-radius: 15px !important;}&#8221;][vc_column_text] Tem d\u00favidas? Caso prefira entrar com um l\u00edder j\u00e1 cadastrado aqui nesse site, clique no bot\u00e3o abaixo: [\/vc_column_text][vc_icon icon_fontawesome=&#8221;fa fa-reply-all&#8221; color=&#8221;peacoc&#8221; size=&#8221;lg&#8221; align=&#8221;center&#8221; link=&#8221;url:https%3A%2F%2Fregisterforex.com%2Fpt%2Fencontrar-um-consultor-omega-pro%2F|title:Encontre%20e%20fa%C3%A7a%20seu%20cadastro%20com%20um%20l%C3%ADder%20pr%C3%B3ximo%20de%20voc%C3%AA!|&#8221;][\/vc_column_inner][vc_column_inner width=&#8221;2\/3&#8243;][vc_custom_heading source=&#8221;post_title&#8221; font_container=&#8221;tag:h1|font_size:35|text_align:center|color:%23ffffff&#8221; google_fonts=&#8221;font_family:Nunito%3A300%2Cregular%2C700|font_style:700%20bold%20regular%3A700%3Anormal&#8221;][vc_custom_heading text=&#8221;Preencha seus dados para se tornar um cliente Omega Pro!&#8221; font_container=&#8221;tag:h1|font_size:35|text_align:center|color:%2320eafc&#8221; google_fonts=&#8221;font_family:Nunito%3A300%2Cregular%2C700|font_style:700%20bold%20regular%3A700%3Anormal&#8221;][vc_column_text css_animation=&#8221;slideInUp&#8221;][\/vc_column_text][vc_column_text][\/vc_column_text][vc_column_text el_id=&#8221;termoscadastro&#8221;][\/vc_column_text][\/vc_column_inner][vc_column_inner width=&#8221;1\/12&#8243;][\/vc_column_inner][\/vc_row_inner][\/vc_column][\/vc_row]<\/p>\n","protected":false},"author":1,"featured_media":3505,"parent":0,"menu_order":0,"comment_status":"closed","ping_status":"closed","template":"elementor_header_footer","meta":[],"blocksy_meta":{"styles_descriptor":{"styles":{"desktop":"","tablet":"","mobile":""},"google_fonts":[],"version":5}},"yoast_head":"<!-- This site is optimized with the Yoast SEO plugin v21.1 - https:\/\/yoast.com\/wordpress\/plugins\/seo\/ -->\n<title>Fazer meu OmegaPRO | Cadastro | Omega PRO World | Portugal<\/title>\n<meta name=\"description\" content=\"Cadastro | Omega Pro | Preencha aqui seus dados para efetuar o cadastro na maior rede OmegaPro e ganhe v\u00e1rias oportunidades!\" \/>\n<meta name=\"robots\" content=\"index, follow, max-snippet:-1, max-image-preview:large, max-video-preview:-1\" \/>\n<link rel=\"canonical\" href=\"https:\/\/registerforex.com\/pt\/cadastro\/\" \/>\n<meta property=\"og:locale\" content=\"pt_PT\" \/>\n<meta property=\"og:type\" content=\"article\" \/>\n<meta property=\"og:title\" content=\"Fazer meu OmegaPRO | Cadastro | Omega PRO World | Portugal\" \/>\n<meta property=\"og:description\" content=\"Cadastro | Omega Pro | Preencha aqui seus dados para efetuar o cadastro na maior rede OmegaPro e ganhe v\u00e1rias oportunidades!\" \/>\n<meta property=\"og:url\" content=\"https:\/\/registerforex.com\/pt\/cadastro\/\" \/>\n<meta property=\"og:site_name\" content=\"OmegaPRO | Cadastro | Omega PRO World | Portugal\" \/>\n<meta property=\"article:modified_time\" content=\"2022-07-20T22:04:31+00:00\" \/>\n<meta property=\"og:image\" content=\"https:\/\/registerforex.com\/pt\/wp-content\/uploads\/2022\/07\/capa-de-pagina-preencher-Cadastro-OmegaPro-World.jpg\" \/>\n\t<meta property=\"og:image:width\" content=\"1124\" \/>\n\t<meta property=\"og:image:height\" content=\"1124\" \/>\n\t<meta property=\"og:image:type\" content=\"image\/jpeg\" \/>\n<meta name=\"twitter:card\" content=\"summary_large_image\" \/>\n<meta name=\"twitter:label1\" content=\"Tempo estimado de leitura\" \/>\n\t<meta name=\"twitter:data1\" content=\"7 minutos\" \/>\n<script type=\"application\/ld+json\" class=\"yoast-schema-graph\">{\"@context\":\"https:\/\/schema.org\",\"@graph\":[{\"@type\":\"WebPage\",\"@id\":\"https:\/\/registerforex.com\/pt\/cadastro\/\",\"url\":\"https:\/\/registerforex.com\/pt\/cadastro\/\",\"name\":\"Fazer meu OmegaPRO | Cadastro | Omega PRO World | Portugal\",\"isPartOf\":{\"@id\":\"https:\/\/registerforex.com\/pt\/#website\"},\"datePublished\":\"2022-06-21T11:59:48+00:00\",\"dateModified\":\"2022-07-20T22:04:31+00:00\",\"description\":\"Cadastro | Omega Pro | Preencha aqui seus dados para efetuar o cadastro na maior rede OmegaPro e ganhe v\u00e1rias oportunidades!\",\"breadcrumb\":{\"@id\":\"https:\/\/registerforex.com\/pt\/cadastro\/#breadcrumb\"},\"inLanguage\":\"pt-PT\",\"potentialAction\":[{\"@type\":\"ReadAction\",\"target\":[\"https:\/\/registerforex.com\/pt\/cadastro\/\"]}]},{\"@type\":\"BreadcrumbList\",\"@id\":\"https:\/\/registerforex.com\/pt\/cadastro\/#breadcrumb\",\"itemListElement\":[{\"@type\":\"ListItem\",\"position\":1,\"name\":\"Home\",\"item\":\"https:\/\/registerforex.com\/pt\/\"},{\"@type\":\"ListItem\",\"position\":2,\"name\":\"Cadastro\"}]},{\"@type\":\"WebSite\",\"@id\":\"https:\/\/registerforex.com\/pt\/#website\",\"url\":\"https:\/\/registerforex.com\/pt\/\",\"name\":\"OmegaPRO | Cadastro | Omega PRO World | Portugal\",\"description\":\"OmegaPRO | Cadastro | Portugal | Saiba tudo como funciona a Omega Pro e fa\u00e7a seu cadastro e obtenha lucros de forma inteligente no mercado de investimentos.\",\"publisher\":{\"@id\":\"https:\/\/registerforex.com\/pt\/#organization\"},\"potentialAction\":[{\"@type\":\"SearchAction\",\"target\":{\"@type\":\"EntryPoint\",\"urlTemplate\":\"https:\/\/registerforex.com\/pt\/?s={search_term_string}\"},\"query-input\":\"required name=search_term_string\"}],\"inLanguage\":\"pt-PT\"},{\"@type\":\"Organization\",\"@id\":\"https:\/\/registerforex.com\/pt\/#organization\",\"name\":\"OmegaPRO | Cadastro | Omega PRO World | Portugal\",\"url\":\"https:\/\/registerforex.com\/pt\/\",\"logo\":{\"@type\":\"ImageObject\",\"inLanguage\":\"pt-PT\",\"@id\":\"https:\/\/registerforex.com\/pt\/#\/schema\/logo\/image\/\",\"url\":\"https:\/\/registerforex.com\/pt\/wp-content\/uploads\/2022\/07\/logo-portugal-cadastro-omegapro-world.png\",\"contentUrl\":\"https:\/\/registerforex.com\/pt\/wp-content\/uploads\/2022\/07\/logo-portugal-cadastro-omegapro-world.png\",\"width\":390,\"height\":95,\"caption\":\"OmegaPRO | Cadastro | Omega PRO World | Portugal\"},\"image\":{\"@id\":\"https:\/\/registerforex.com\/pt\/#\/schema\/logo\/image\/\"}}]}<\/script>\n<!-- \/ Yoast SEO plugin. -->","yoast_head_json":{"title":"Fazer meu OmegaPRO | Cadastro | Omega PRO World | Portugal","description":"Cadastro | Omega Pro | Preencha aqui seus dados para efetuar o cadastro na maior rede OmegaPro e ganhe v\u00e1rias oportunidades!","robots":{"index":"index","follow":"follow","max-snippet":"max-snippet:-1","max-image-preview":"max-image-preview:large","max-video-preview":"max-video-preview:-1"},"canonical":"https:\/\/registerforex.com\/pt\/cadastro\/","og_locale":"pt_PT","og_type":"article","og_title":"Fazer meu OmegaPRO | Cadastro | Omega PRO World | Portugal","og_description":"Cadastro | Omega Pro | Preencha aqui seus dados para efetuar o cadastro na maior rede OmegaPro e ganhe v\u00e1rias oportunidades!","og_url":"https:\/\/registerforex.com\/pt\/cadastro\/","og_site_name":"OmegaPRO | Cadastro | Omega PRO World | Portugal","article_modified_time":"2022-07-20T22:04:31+00:00","og_image":[{"width":1124,"height":1124,"url":"https:\/\/registerforex.com\/pt\/wp-content\/uploads\/2022\/07\/capa-de-pagina-preencher-Cadastro-OmegaPro-World.jpg","type":"image\/jpeg"}],"twitter_card":"summary_large_image","twitter_misc":{"Tempo estimado de leitura":"7 minutos"},"schema":{"@context":"https:\/\/schema.org","@graph":[{"@type":"WebPage","@id":"https:\/\/registerforex.com\/pt\/cadastro\/","url":"https:\/\/registerforex.com\/pt\/cadastro\/","name":"Fazer meu OmegaPRO | Cadastro | Omega PRO World | Portugal","isPartOf":{"@id":"https:\/\/registerforex.com\/pt\/#website"},"datePublished":"2022-06-21T11:59:48+00:00","dateModified":"2022-07-20T22:04:31+00:00","description":"Cadastro | Omega Pro | Preencha aqui seus dados para efetuar o cadastro na maior rede OmegaPro e ganhe v\u00e1rias oportunidades!","breadcrumb":{"@id":"https:\/\/registerforex.com\/pt\/cadastro\/#breadcrumb"},"inLanguage":"pt-PT","potentialAction":[{"@type":"ReadAction","target":["https:\/\/registerforex.com\/pt\/cadastro\/"]}]},{"@type":"BreadcrumbList","@id":"https:\/\/registerforex.com\/pt\/cadastro\/#breadcrumb","itemListElement":[{"@type":"ListItem","position":1,"name":"Home","item":"https:\/\/registerforex.com\/pt\/"},{"@type":"ListItem","position":2,"name":"Cadastro"}]},{"@type":"WebSite","@id":"https:\/\/registerforex.com\/pt\/#website","url":"https:\/\/registerforex.com\/pt\/","name":"OmegaPRO | Cadastro | Omega PRO World | Portugal","description":"OmegaPRO | Cadastro | Portugal | Saiba tudo como funciona a Omega Pro e fa\u00e7a seu cadastro e obtenha lucros de forma inteligente no mercado de investimentos.","publisher":{"@id":"https:\/\/registerforex.com\/pt\/#organization"},"potentialAction":[{"@type":"SearchAction","target":{"@type":"EntryPoint","urlTemplate":"https:\/\/registerforex.com\/pt\/?s={search_term_string}"},"query-input":"required name=search_term_string"}],"inLanguage":"pt-PT"},{"@type":"Organization","@id":"https:\/\/registerforex.com\/pt\/#organization","name":"OmegaPRO | Cadastro | Omega PRO World | Portugal","url":"https:\/\/registerforex.com\/pt\/","logo":{"@type":"ImageObject","inLanguage":"pt-PT","@id":"https:\/\/registerforex.com\/pt\/#\/schema\/logo\/image\/","url":"https:\/\/registerforex.com\/pt\/wp-content\/uploads\/2022\/07\/logo-portugal-cadastro-omegapro-world.png","contentUrl":"https:\/\/registerforex.com\/pt\/wp-content\/uploads\/2022\/07\/logo-portugal-cadastro-omegapro-world.png","width":390,"height":95,"caption":"OmegaPRO | Cadastro | Omega PRO World | Portugal"},"image":{"@id":"https:\/\/registerforex.com\/pt\/#\/schema\/logo\/image\/"}}]}},"_links":{"self":[{"href":"https:\/\/registerforex.com\/pt\/wp-json\/wp\/v2\/pages\/3143"}],"collection":[{"href":"https:\/\/registerforex.com\/pt\/wp-json\/wp\/v2\/pages"}],"about":[{"href":"https:\/\/registerforex.com\/pt\/wp-json\/wp\/v2\/types\/page"}],"author":[{"embeddable":true,"href":"https:\/\/registerforex.com\/pt\/wp-json\/wp\/v2\/users\/1"}],"replies":[{"embeddable":true,"href":"https:\/\/registerforex.com\/pt\/wp-json\/wp\/v2\/comments?post=3143"}],"version-history":[{"count":4,"href":"https:\/\/registerforex.com\/pt\/wp-json\/wp\/v2\/pages\/3143\/revisions"}],"predecessor-version":[{"id":3591,"href":"https:\/\/registerforex.com\/pt\/wp-json\/wp\/v2\/pages\/3143\/revisions\/3591"}],"wp:featuredmedia":[{"embeddable":true,"href":"https:\/\/registerforex.com\/pt\/wp-json\/wp\/v2\/media\/3505"}],"wp:attachment":[{"href":"https:\/\/registerforex.com\/pt\/wp-json\/wp\/v2\/media?parent=3143"}],"curies":[{"name":"wp","href":"https:\/\/api.w.org\/{rel}","templated":true}]}}