{"id":451,"date":"2017-07-03T05:10:04","date_gmt":"2017-07-03T08:10:04","guid":{"rendered":"http:\/\/bandeiracoin.com.br\/?page_id=451"},"modified":"2022-07-13T13:49:00","modified_gmt":"2022-07-13T13:49:00","slug":"encontrar-um-consultor-omega-pro","status":"publish","type":"page","link":"https:\/\/registerforex.com\/pt\/encontrar-um-consultor-omega-pro\/","title":{"rendered":"Encontrar um Consultor Omega Pro"},"content":{"rendered":"[vc_row][vc_column][vc_row_inner][vc_column_inner width=&#8221;1\/4&#8243;][\/vc_column_inner][vc_column_inner width=&#8221;1\/2&#8243;][vc_single_image image=&#8221;3345&#8243; img_size=&#8221;full&#8221; alignment=&#8221;center&#8221; css_animation=&#8221;flipInX&#8221;][\/vc_column_inner][vc_column_inner width=&#8221;1\/4&#8243;][\/vc_column_inner][\/vc_row_inner][vc_row_inner][vc_column_inner width=&#8221;1\/6&#8243;][\/vc_column_inner][vc_column_inner width=&#8221;2\/3&#8243;][vc_custom_heading text=&#8221;Encontre um <b>Consultor Omega Pro<\/b> perto de voc\u00ea!&#8221; font_container=&#8221;tag:h2|font_size:28|text_align:center|color:%2327f7f7&#8243; google_fonts=&#8221;font_family:Nunito%3A300%2Cregular%2C700|font_style:700%20bold%20regular%3A700%3Anormal&#8221;][vc_custom_heading text=&#8221;Se voc\u00ea tem interesse em investir seu dinheiro para lucrar mais que mercado convencional paga,<br \/>\nescolha abaixo um de nossos Consultores que esteja pr\u00f3ximo de voc\u00ea!&#8221; font_container=&#8221;tag:h2|font_size:24|text_align:center|color:%2300fc75&#8243; google_fonts=&#8221;font_family:Quantico%3Aregular%2Citalic%2C700%2C700italic|font_style:700%20bold%20italic%3A700%3Aitalic&#8221;][vc_custom_heading text=&#8221;Se ainda n\u00e3o houver um pr\u00f3ximo, seja voc\u00ea o primeiro de sua regi\u00e3o!&#8221; font_container=&#8221;tag:h2|font_size:30|text_align:center|color:%23ddb500&#8243; google_fonts=&#8221;font_family:Quantico%3Aregular%2Citalic%2C700%2C700italic|font_style:700%20bold%20italic%3A700%3Aitalic&#8221;][\/vc_column_inner][vc_column_inner width=&#8221;1\/6&#8243;][\/vc_column_inner][\/vc_row_inner][vc_row_inner][vc_column_inner width=&#8221;1\/3&#8243;][\/vc_column_inner][vc_column_inner width=&#8221;1\/3&#8243;][vc_column_text]\n<h3 style=\"text-align: center;\">Escolha o estado e munic\u00edpio na lista abaixo:<\/h3>\n[\/vc_column_text][vc_wp_categories title=&#8221;Estados \/ Cidades&#8221; options=&#8221;dropdown,hierarchical&#8221;][vc_column_text]\n<h6 style=\"text-align: center;\">Clique em Pesquisar Ap\u00f3s Selecionar o Estado ou Cidade<\/h6>\n[\/vc_column_text][\/vc_column_inner][vc_column_inner width=&#8221;1\/3&#8243;][\/vc_column_inner][\/vc_row_inner][\/vc_column][\/vc_row]\n","protected":false},"excerpt":{"rendered":"<p>[vc_row][vc_column][vc_row_inner][vc_column_inner width=&#8221;1\/4&#8243;][\/vc_column_inner][vc_column_inner width=&#8221;1\/2&#8243;][vc_single_image image=&#8221;3345&#8243; img_size=&#8221;full&#8221; alignment=&#8221;center&#8221; css_animation=&#8221;flipInX&#8221;][\/vc_column_inner][vc_column_inner width=&#8221;1\/4&#8243;][\/vc_column_inner][\/vc_row_inner][vc_row_inner][vc_column_inner width=&#8221;1\/6&#8243;][\/vc_column_inner][vc_column_inner width=&#8221;2\/3&#8243;][vc_custom_heading text=&#8221;Encontre um Consultor Omega Pro perto de voc\u00ea!&#8221; font_container=&#8221;tag:h2|font_size:28|text_align:center|color:%2327f7f7&#8243; google_fonts=&#8221;font_family:Nunito%3A300%2Cregular%2C700|font_style:700%20bold%20regular%3A700%3Anormal&#8221;][vc_custom_heading text=&#8221;Se voc\u00ea tem interesse em investir seu dinheiro para lucrar mais que mercado convencional paga, escolha abaixo um de nossos Consultores que esteja pr\u00f3ximo de voc\u00ea!&#8221; font_container=&#8221;tag:h2|font_size:24|text_align:center|color:%2300fc75&#8243; google_fonts=&#8221;font_family:Quantico%3Aregular%2Citalic%2C700%2C700italic|font_style:700%20bold%20italic%3A700%3Aitalic&#8221;][vc_custom_heading text=&#8221;Se ainda n\u00e3o houver um pr\u00f3ximo, seja voc\u00ea o primeiro de sua regi\u00e3o!&#8221; font_container=&#8221;tag:h2|font_size:30|text_align:center|color:%23ddb500&#8243; google_fonts=&#8221;font_family:Quantico%3Aregular%2Citalic%2C700%2C700italic|font_style:700%20bold%20italic%3A700%3Aitalic&#8221;][\/vc_column_inner][vc_column_inner width=&#8221;1\/6&#8243;][\/vc_column_inner][\/vc_row_inner][vc_row_inner][vc_column_inner width=&#8221;1\/3&#8243;][\/vc_column_inner][vc_column_inner width=&#8221;1\/3&#8243;][vc_column_text] Escolha o estado e munic\u00edpio na lista abaixo: [\/vc_column_text][vc_wp_categories title=&#8221;Estados \/ Cidades&#8221; options=&#8221;dropdown,hierarchical&#8221;][vc_column_text] Clique em Pesquisar Ap\u00f3s Selecionar o Estado ou Cidade [\/vc_column_text][\/vc_column_inner][vc_column_inner width=&#8221;1\/3&#8243;][\/vc_column_inner][\/vc_row_inner][\/vc_column][\/vc_row]<\/p>\n","protected":false},"author":1,"featured_media":3525,"parent":0,"menu_order":0,"comment_status":"closed","ping_status":"closed","template":"elementor_header_footer","meta":[],"tags":[],"blocksy_meta":{"styles_descriptor":{"styles":{"desktop":"","tablet":"","mobile":""},"google_fonts":[],"version":5}},"yoast_head":"<!-- This site is optimized with the Yoast SEO plugin v21.1 - https:\/\/yoast.com\/wordpress\/plugins\/seo\/ -->\n<title>Encontrar um Consultor Omega Pro<\/title>\n<meta name=\"description\" content=\"Encontre um Consultor da empresa Omega Pro perto da sua Regi\u00e3o para efetuar seu cadastro e entender melhor como obter melhores resultados.\" \/>\n<meta name=\"robots\" content=\"index, follow, max-snippet:-1, max-image-preview:large, max-video-preview:-1\" \/>\n<link rel=\"canonical\" href=\"https:\/\/registerforex.com\/pt\/encontrar-um-consultor-omega-pro\/\" \/>\n<meta property=\"og:locale\" content=\"pt_PT\" \/>\n<meta property=\"og:type\" content=\"article\" \/>\n<meta property=\"og:title\" content=\"Encontrar um Consultor Omega Pro\" \/>\n<meta property=\"og:description\" content=\"Encontre um Consultor da empresa Omega Pro perto da sua Regi\u00e3o para efetuar seu cadastro e entender melhor como obter melhores resultados.\" \/>\n<meta property=\"og:url\" content=\"https:\/\/registerforex.com\/pt\/encontrar-um-consultor-omega-pro\/\" \/>\n<meta property=\"og:site_name\" content=\"OmegaPRO | Cadastro | Omega PRO World | Portugal\" \/>\n<meta property=\"article:modified_time\" content=\"2022-07-13T13:49:00+00:00\" \/>\n<meta property=\"og:image\" content=\"https:\/\/registerforex.com\/pt\/wp-content\/uploads\/2022\/07\/capa-de-pagina-encontrar-um-consultor-Cadastro-OmegaPro-World.jpg\" \/>\n\t<meta property=\"og:image:width\" content=\"1124\" \/>\n\t<meta property=\"og:image:height\" content=\"1124\" \/>\n\t<meta property=\"og:image:type\" content=\"image\/jpeg\" \/>\n<meta name=\"twitter:card\" content=\"summary_large_image\" \/>\n<meta name=\"twitter:label1\" content=\"Tempo estimado de leitura\" \/>\n\t<meta name=\"twitter:data1\" content=\"1 minuto\" \/>\n<script type=\"application\/ld+json\" class=\"yoast-schema-graph\">{\"@context\":\"https:\/\/schema.org\",\"@graph\":[{\"@type\":\"WebPage\",\"@id\":\"https:\/\/registerforex.com\/pt\/encontrar-um-consultor-omega-pro\/\",\"url\":\"https:\/\/registerforex.com\/pt\/encontrar-um-consultor-omega-pro\/\",\"name\":\"Encontrar um Consultor Omega Pro\",\"isPartOf\":{\"@id\":\"https:\/\/registerforex.com\/pt\/#website\"},\"datePublished\":\"2017-07-03T08:10:04+00:00\",\"dateModified\":\"2022-07-13T13:49:00+00:00\",\"description\":\"Encontre um Consultor da empresa Omega Pro perto da sua Regi\u00e3o para efetuar seu cadastro e entender melhor como obter melhores resultados.\",\"breadcrumb\":{\"@id\":\"https:\/\/registerforex.com\/pt\/encontrar-um-consultor-omega-pro\/#breadcrumb\"},\"inLanguage\":\"pt-PT\",\"potentialAction\":[{\"@type\":\"ReadAction\",\"target\":[\"https:\/\/registerforex.com\/pt\/encontrar-um-consultor-omega-pro\/\"]}]},{\"@type\":\"BreadcrumbList\",\"@id\":\"https:\/\/registerforex.com\/pt\/encontrar-um-consultor-omega-pro\/#breadcrumb\",\"itemListElement\":[{\"@type\":\"ListItem\",\"position\":1,\"name\":\"Home\",\"item\":\"https:\/\/registerforex.com\/pt\/\"},{\"@type\":\"ListItem\",\"position\":2,\"name\":\"Encontrar um Consultor Omega Pro\"}]},{\"@type\":\"WebSite\",\"@id\":\"https:\/\/registerforex.com\/pt\/#website\",\"url\":\"https:\/\/registerforex.com\/pt\/\",\"name\":\"OmegaPRO | Cadastro | Omega PRO World | Portugal\",\"description\":\"OmegaPRO | Cadastro | Portugal | Saiba tudo como funciona a Omega Pro e fa\u00e7a seu cadastro e obtenha lucros de forma inteligente no mercado de investimentos.\",\"publisher\":{\"@id\":\"https:\/\/registerforex.com\/pt\/#organization\"},\"potentialAction\":[{\"@type\":\"SearchAction\",\"target\":{\"@type\":\"EntryPoint\",\"urlTemplate\":\"https:\/\/registerforex.com\/pt\/?s={search_term_string}\"},\"query-input\":\"required name=search_term_string\"}],\"inLanguage\":\"pt-PT\"},{\"@type\":\"Organization\",\"@id\":\"https:\/\/registerforex.com\/pt\/#organization\",\"name\":\"OmegaPRO | Cadastro | Omega PRO World | Portugal\",\"url\":\"https:\/\/registerforex.com\/pt\/\",\"logo\":{\"@type\":\"ImageObject\",\"inLanguage\":\"pt-PT\",\"@id\":\"https:\/\/registerforex.com\/pt\/#\/schema\/logo\/image\/\",\"url\":\"https:\/\/registerforex.com\/pt\/wp-content\/uploads\/2022\/07\/logo-portugal-cadastro-omegapro-world.png\",\"contentUrl\":\"https:\/\/registerforex.com\/pt\/wp-content\/uploads\/2022\/07\/logo-portugal-cadastro-omegapro-world.png\",\"width\":390,\"height\":95,\"caption\":\"OmegaPRO | Cadastro | Omega PRO World | Portugal\"},\"image\":{\"@id\":\"https:\/\/registerforex.com\/pt\/#\/schema\/logo\/image\/\"}}]}<\/script>\n<!-- \/ Yoast SEO plugin. -->","yoast_head_json":{"title":"Encontrar um Consultor Omega Pro","description":"Encontre um Consultor da empresa Omega Pro perto da sua Regi\u00e3o para efetuar seu cadastro e entender melhor como obter melhores resultados.","robots":{"index":"index","follow":"follow","max-snippet":"max-snippet:-1","max-image-preview":"max-image-preview:large","max-video-preview":"max-video-preview:-1"},"canonical":"https:\/\/registerforex.com\/pt\/encontrar-um-consultor-omega-pro\/","og_locale":"pt_PT","og_type":"article","og_title":"Encontrar um Consultor Omega Pro","og_description":"Encontre um Consultor da empresa Omega Pro perto da sua Regi\u00e3o para efetuar seu cadastro e entender melhor como obter melhores resultados.","og_url":"https:\/\/registerforex.com\/pt\/encontrar-um-consultor-omega-pro\/","og_site_name":"OmegaPRO | Cadastro | Omega PRO World | Portugal","article_modified_time":"2022-07-13T13:49:00+00:00","og_image":[{"width":1124,"height":1124,"url":"https:\/\/registerforex.com\/pt\/wp-content\/uploads\/2022\/07\/capa-de-pagina-encontrar-um-consultor-Cadastro-OmegaPro-World.jpg","type":"image\/jpeg"}],"twitter_card":"summary_large_image","twitter_misc":{"Tempo estimado de leitura":"1 minuto"},"schema":{"@context":"https:\/\/schema.org","@graph":[{"@type":"WebPage","@id":"https:\/\/registerforex.com\/pt\/encontrar-um-consultor-omega-pro\/","url":"https:\/\/registerforex.com\/pt\/encontrar-um-consultor-omega-pro\/","name":"Encontrar um Consultor Omega Pro","isPartOf":{"@id":"https:\/\/registerforex.com\/pt\/#website"},"datePublished":"2017-07-03T08:10:04+00:00","dateModified":"2022-07-13T13:49:00+00:00","description":"Encontre um Consultor da empresa Omega Pro perto da sua Regi\u00e3o para efetuar seu cadastro e entender melhor como obter melhores resultados.","breadcrumb":{"@id":"https:\/\/registerforex.com\/pt\/encontrar-um-consultor-omega-pro\/#breadcrumb"},"inLanguage":"pt-PT","potentialAction":[{"@type":"ReadAction","target":["https:\/\/registerforex.com\/pt\/encontrar-um-consultor-omega-pro\/"]}]},{"@type":"BreadcrumbList","@id":"https:\/\/registerforex.com\/pt\/encontrar-um-consultor-omega-pro\/#breadcrumb","itemListElement":[{"@type":"ListItem","position":1,"name":"Home","item":"https:\/\/registerforex.com\/pt\/"},{"@type":"ListItem","position":2,"name":"Encontrar um Consultor Omega Pro"}]},{"@type":"WebSite","@id":"https:\/\/registerforex.com\/pt\/#website","url":"https:\/\/registerforex.com\/pt\/","name":"OmegaPRO | Cadastro | Omega PRO World | Portugal","description":"OmegaPRO | Cadastro | Portugal | Saiba tudo como funciona a Omega Pro e fa\u00e7a seu cadastro e obtenha lucros de forma inteligente no mercado de investimentos.","publisher":{"@id":"https:\/\/registerforex.com\/pt\/#organization"},"potentialAction":[{"@type":"SearchAction","target":{"@type":"EntryPoint","urlTemplate":"https:\/\/registerforex.com\/pt\/?s={search_term_string}"},"query-input":"required name=search_term_string"}],"inLanguage":"pt-PT"},{"@type":"Organization","@id":"https:\/\/registerforex.com\/pt\/#organization","name":"OmegaPRO | Cadastro | Omega PRO World | Portugal","url":"https:\/\/registerforex.com\/pt\/","logo":{"@type":"ImageObject","inLanguage":"pt-PT","@id":"https:\/\/registerforex.com\/pt\/#\/schema\/logo\/image\/","url":"https:\/\/registerforex.com\/pt\/wp-content\/uploads\/2022\/07\/logo-portugal-cadastro-omegapro-world.png","contentUrl":"https:\/\/registerforex.com\/pt\/wp-content\/uploads\/2022\/07\/logo-portugal-cadastro-omegapro-world.png","width":390,"height":95,"caption":"OmegaPRO | Cadastro | Omega PRO World | Portugal"},"image":{"@id":"https:\/\/registerforex.com\/pt\/#\/schema\/logo\/image\/"}}]}},"_links":{"self":[{"href":"https:\/\/registerforex.com\/pt\/wp-json\/wp\/v2\/pages\/451"}],"collection":[{"href":"https:\/\/registerforex.com\/pt\/wp-json\/wp\/v2\/pages"}],"about":[{"href":"https:\/\/registerforex.com\/pt\/wp-json\/wp\/v2\/types\/page"}],"author":[{"embeddable":true,"href":"https:\/\/registerforex.com\/pt\/wp-json\/wp\/v2\/users\/1"}],"replies":[{"embeddable":true,"href":"https:\/\/registerforex.com\/pt\/wp-json\/wp\/v2\/comments?post=451"}],"version-history":[{"count":2,"href":"https:\/\/registerforex.com\/pt\/wp-json\/wp\/v2\/pages\/451\/revisions"}],"predecessor-version":[{"id":3495,"href":"https:\/\/registerforex.com\/pt\/wp-json\/wp\/v2\/pages\/451\/revisions\/3495"}],"wp:featuredmedia":[{"embeddable":true,"href":"https:\/\/registerforex.com\/pt\/wp-json\/wp\/v2\/media\/3525"}],"wp:attachment":[{"href":"https:\/\/registerforex.com\/pt\/wp-json\/wp\/v2\/media?parent=451"}],"wp:term":[{"taxonomy":"post_tag","embeddable":true,"href":"https:\/\/registerforex.com\/pt\/wp-json\/wp\/v2\/tags?post=451"}],"curies":[{"name":"wp","href":"https:\/\/api.w.org\/{rel}","templated":true}]}}