{"id":2294,"date":"2017-07-06T18:23:04","date_gmt":"2017-07-06T18:23:04","guid":{"rendered":"http:\/\/bandeiracoin.com.br\/?page_id=2294"},"modified":"2022-08-04T13:43:45","modified_gmt":"2022-08-04T13:43:45","slug":"grupos-de-whatsapp","status":"publish","type":"page","link":"https:\/\/registerforex.com\/uy\/grupos-de-whatsapp\/","title":{"rendered":"Grupos de WhatsApp"},"content":{"rendered":"[vc_row][vc_column width=\u00bb1\/6&#8243;][\/vc_column][vc_column width=\u00bb2\/3&#8243;][vc_custom_heading source=\u00bbpost_title\u00bb font_container=\u00bbtag:h1|font_size:40|text_align:center|color:%234c962e\u00bb google_fonts=\u00bbfont_family:Nunito%3A300%2Cregular%2C700|font_style:700%20bold%20regular%3A700%3Anormal\u00bb][vc_row_inner][vc_column_inner width=\u00bb1\/3&#8243;][\/vc_column_inner][vc_column_inner width=\u00bb1\/3&#8243;][vc_single_image image=\u00bb3411&#8243; alignment=\u00bbcenter\u00bb css_animation=\u00bbslideInUp\u00bb][\/vc_column_inner][vc_column_inner width=\u00bb1\/3&#8243;][\/vc_column_inner][\/vc_row_inner][vc_row_inner][vc_column_inner][vc_custom_heading text=\u00bbEncuentre un grupo de WhatsApp en su estado o regi\u00f3n\u00bb font_container=\u00bbtag:h1|font_size:30|text_align:center\u00bb google_fonts=\u00bbfont_family:Nunito%3A300%2Cregular%2C700|font_style:700%20bold%20regular%3A700%3Anormal\u00bb css_animation=\u00bbslideInRight\u00bb][\/vc_column_inner][\/vc_row_inner][vc_tta_tabs title_tag=\u00bbh3&#8243; style=\u00bboutline\u00bb shape=\u00bbround\u00bb color=\u00bbgreen\u00bb spacing=\u00bb\u00bb alignment=\u00bbcenter\u00bb active_section=\u00bb1&#8243;][vc_tta_section i_icon_fontawesome=\u00bbfas fa-globe-asia\u00bb add_icon=\u00bbtrue\u00bb title=\u00bbRegi\u00f3nes\u00bb tab_id=\u00bbNortheast\u00bb][vc_row_inner css=\u00bb.vc_custom_1658339094969{background-image: url(https:\/\/registerforex.com\/uy\/wp-content\/uploads\/2022\/07\/united-states-map-regions-whatsapp-register-omegapro-world.png?id=3672) !important;background-position: center !important;background-repeat: no-repeat !important;background-size: contain !important;}\u00bb][vc_column_inner css=\u00bb.vc_custom_1657110784089{background-color: rgba(0,0,0,0.75) !important;*background-color: rgb(0,0,0) !important;border-radius: 25px !important;}\u00bb][vc_column_text]\n<h4><a href=\"https:\/\/registerforex.com\/uy\/whatsappregiones\">Montevideo<\/a><br \/>\n<a href=\"https:\/\/registerforex.com\/uy\/whatsappregiones\">Ciudad de la Costa<\/a><br \/>\n<a href=\"https:\/\/registerforex.com\/uy\/whatsappregiones\">Salto \u200b<\/a><br \/>\n<a href=\"https:\/\/registerforex.com\/uy\/whatsappregiones\">Paysand\u00fa \u200b<\/a><br \/>\n<a href=\"https:\/\/registerforex.com\/uy\/whatsappregiones\">Maldonado \u200b<\/a><br \/>\n<a href=\"https:\/\/registerforex.com\/uy\/whatsappregiones\">Rivera \u200b<\/a><br \/>\n<a href=\"https:\/\/registerforex.com\/uy\/whatsappregiones\">Las Piedras \u200b<\/a><br \/>\n<a href=\"https:\/\/registerforex.com\/uy\/whatsappregiones\">Tacuaremb\u00f3<\/a><br \/>\n<a href=\"https:\/\/registerforex.com\/uy\/whatsappregiones\">Melo \u200b<\/a><br \/>\n<a href=\"https:\/\/registerforex.com\/uy\/whatsappregiones\">Artigas \u200b<\/a><br \/>\n<a href=\"https:\/\/registerforex.com\/uy\/whatsappregiones\">Mercedes<\/a><br \/>\n<a href=\"https:\/\/registerforex.com\/uy\/whatsappregiones\">Minas<\/a><br \/>\n<a href=\"https:\/\/registerforex.com\/uy\/whatsappregiones\">San Jos\u00e9 de Mayo<\/a><br \/>\n<a href=\"https:\/\/registerforex.com\/uy\/whatsappregiones\">Durazno \u200b<\/a><br \/>\n<a href=\"https:\/\/registerforex.com\/uy\/whatsappregiones\">Florida<\/a><br \/>\n<a href=\"https:\/\/registerforex.com\/uy\/whatsappregiones\">Treinta y Tres \u200b<\/a><br \/>\n<a href=\"https:\/\/registerforex.com\/uy\/whatsappregiones\">Barros Blancos \u200b<\/a><br \/>\n<a href=\"https:\/\/registerforex.com\/uy\/whatsappregiones\">Ciudad del Plata \u200b<\/a><br \/>\n<a href=\"https:\/\/registerforex.com\/uy\/whatsappregiones\">San Carlos<\/a><br \/>\n<a href=\"https:\/\/registerforex.com\/uy\/whatsappregiones\">Colonia del Sacramento<\/a><br \/>\n<a href=\"https:\/\/registerforex.com\/uy\/whatsappregiones\">Pando<\/a><br \/>\n<a href=\"https:\/\/registerforex.com\/uy\/whatsappregiones\">Rocha<\/a><br \/>\n<a href=\"https:\/\/registerforex.com\/uy\/whatsappregiones\">Fray Bentos \u200b<\/a><br \/>\n<a href=\"https:\/\/registerforex.com\/uy\/whatsappregiones\">Salinas \u200b<\/a><br \/>\n<a href=\"https:\/\/registerforex.com\/uy\/whatsappregiones\">Trinidad<\/a><br \/>\n<a href=\"https:\/\/registerforex.com\/uy\/whatsappregiones\">18 de Mayo<\/a><br \/>\n<a href=\"https:\/\/registerforex.com\/uy\/whatsappregiones\">La Paz<\/a><br \/>\n<a href=\"https:\/\/registerforex.com\/uy\/whatsappregiones\">Canelones<\/a><br \/>\n<a href=\"https:\/\/registerforex.com\/uy\/whatsappregiones\">Dolores \u200b<\/a><br \/>\n<a href=\"https:\/\/registerforex.com\/uy\/whatsappregiones\">Carmelo<\/a><br \/>\n<a href=\"https:\/\/registerforex.com\/uy\/whatsappregiones\">Bella Uni\u00f3n \u200b<\/a><br \/>\n<a href=\"https:\/\/registerforex.com\/uy\/whatsappregiones\">Young<\/a><br \/>\n<a href=\"https:\/\/registerforex.com\/uy\/whatsappregiones\">Santa Luc\u00eda<\/a><br \/>\n<a href=\"https:\/\/registerforex.com\/uy\/whatsappregiones\">Progreso<\/a><br \/>\n<a href=\"https:\/\/registerforex.com\/uy\/whatsappregiones\">Paso Carrasco<\/a><br \/>\n<a href=\"https:\/\/registerforex.com\/uy\/whatsappregiones\">Joaqu\u00edn Su\u00e1rez \u200b<\/a><br \/>\n<a href=\"https:\/\/registerforex.com\/uy\/whatsappregiones\">Nueva Helvecia \u200b<\/a><br \/>\n<a href=\"https:\/\/registerforex.com\/uy\/whatsappregiones\">General L\u00edber Seregni \u200b<\/a><br \/>\n<a href=\"https:\/\/registerforex.com\/uy\/whatsappregiones\">R\u00edo Branco<\/a><br \/>\n<a href=\"https:\/\/registerforex.com\/uy\/whatsappregiones\">Toledo \u200b<\/a><br \/>\n<a href=\"https:\/\/registerforex.com\/uy\/whatsappregiones\">Paso de los Toros<\/a><br \/>\n<a href=\"https:\/\/registerforex.com\/uy\/whatsappregiones\">Juan Lacaze<\/a><br \/>\n<a href=\"https:\/\/registerforex.com\/uy\/whatsappregiones\">Punta del Este \u200b<\/a><br \/>\n<a href=\"https:\/\/registerforex.com\/uy\/whatsappregiones\">Parque del Plata \u200b<\/a><br \/>\n<a href=\"https:\/\/registerforex.com\/uy\/whatsappregiones\">Piri\u00e1polis \u200b<\/a><br \/>\n<a href=\"https:\/\/registerforex.com\/uy\/whatsappregiones\">Libertad<\/a><br \/>\n<a href=\"https:\/\/registerforex.com\/uy\/whatsappregiones\">Rosario \u200b<\/a><br \/>\n<a href=\"https:\/\/registerforex.com\/uy\/whatsappregiones\">Nueva Palmira<\/a><br \/>\n<a href=\"https:\/\/registerforex.com\/uy\/whatsappregiones\">Chuy<\/a><br \/>\n<a href=\"https:\/\/registerforex.com\/uy\/whatsappregiones\">Atl\u00e1ntida \u200b<\/a><br \/>\n<a href=\"https:\/\/registerforex.com\/uy\/whatsappregiones\">Cardona \u200b<\/a><br \/>\n<a href=\"https:\/\/registerforex.com\/uy\/whatsappregiones\">Lascano<\/a><br \/>\n<a href=\"https:\/\/registerforex.com\/uy\/whatsappregiones\">Castillos<\/a><br \/>\n<a href=\"https:\/\/registerforex.com\/uy\/whatsappregiones\">Pan de Az\u00facar<\/a><br \/>\n<a href=\"https:\/\/registerforex.com\/uy\/whatsappregiones\">Tranqueras<\/a><br \/>\n<a href=\"https:\/\/registerforex.com\/uy\/whatsappregiones\">Sarand\u00ed del Y\u00ed<\/a><br \/>\n<a href=\"https:\/\/registerforex.com\/uy\/whatsappregiones\">San Ram\u00f3n<\/a><br \/>\n<a href=\"https:\/\/registerforex.com\/uy\/whatsappregiones\">Tarariras<\/a><br \/>\n<a href=\"https:\/\/registerforex.com\/uy\/whatsappregiones\">Sauce<\/a><br \/>\n<a href=\"https:\/\/registerforex.com\/uy\/whatsappregiones\">Sarand\u00ed Grande<\/a><br \/>\n<a href=\"https:\/\/registerforex.com\/uy\/whatsappregiones\">Jos\u00e9 Pedro Varela<\/a><br \/>\n<a href=\"https:\/\/registerforex.com\/uy\/whatsappregiones\">Tala<\/a><br \/>\n<a href=\"https:\/\/registerforex.com\/uy\/whatsappregiones\">Guich\u00f3n<\/a><br \/>\n<a href=\"https:\/\/registerforex.com\/uy\/whatsappregiones\">La Paloma \u200b<\/a><\/h4>\n[\/vc_column_text][\/vc_column_inner][\/vc_row_inner][\/vc_tta_section][\/vc_tta_tabs][\/vc_column][vc_column width=\u00bb1\/6&#8243;][\/vc_column][\/vc_row]\n","protected":false},"excerpt":{"rendered":"<p>[vc_row][vc_column width=\u00bb1\/6&#8243;][\/vc_column][vc_column width=\u00bb2\/3&#8243;][vc_custom_heading source=\u00bbpost_title\u00bb font_container=\u00bbtag:h1|font_size:40|text_align:center|color:%234c962e\u00bb google_fonts=\u00bbfont_family:Nunito%3A300%2Cregular%2C700|font_style:700%20bold%20regular%3A700%3Anormal\u00bb][vc_row_inner][vc_column_inner width=\u00bb1\/3&#8243;][\/vc_column_inner][vc_column_inner width=\u00bb1\/3&#8243;][vc_single_image image=\u00bb3411&#8243; alignment=\u00bbcenter\u00bb css_animation=\u00bbslideInUp\u00bb][\/vc_column_inner][vc_column_inner width=\u00bb1\/3&#8243;][\/vc_column_inner][\/vc_row_inner][vc_row_inner][vc_column_inner][vc_custom_heading text=\u00bbEncuentre un grupo de WhatsApp en su estado o regi\u00f3n\u00bb font_container=\u00bbtag:h1|font_size:30|text_align:center\u00bb google_fonts=\u00bbfont_family:Nunito%3A300%2Cregular%2C700|font_style:700%20bold%20regular%3A700%3Anormal\u00bb css_animation=\u00bbslideInRight\u00bb][\/vc_column_inner][\/vc_row_inner][vc_tta_tabs title_tag=\u00bbh3&#8243; style=\u00bboutline\u00bb shape=\u00bbround\u00bb color=\u00bbgreen\u00bb spacing=\u00bb\u00bb alignment=\u00bbcenter\u00bb active_section=\u00bb1&#8243;][vc_tta_section i_icon_fontawesome=\u00bbfas fa-globe-asia\u00bb add_icon=\u00bbtrue\u00bb title=\u00bbRegi\u00f3nes\u00bb tab_id=\u00bbNortheast\u00bb][vc_row_inner css=\u00bb.vc_custom_1658339094969{background-image: url(https:\/\/registerforex.com\/uy\/wp-content\/uploads\/2022\/07\/united-states-map-regions-whatsapp-register-omegapro-world.png?id=3672) !important;background-position: center !important;background-repeat: no-repeat !important;background-size: contain !important;}\u00bb][vc_column_inner css=\u00bb.vc_custom_1657110784089{background-color: rgba(0,0,0,0.75) !important;*background-color: rgb(0,0,0) !important;border-radius: 25px !important;}\u00bb][vc_column_text] Montevideo Ciudad de la Costa Salto \u200b Paysand\u00fa \u200b Maldonado \u200b Rivera \u200b Las Piedras \u200b Tacuaremb\u00f3 Melo \u200b Artigas \u200b Mercedes Minas San Jos\u00e9 de Mayo Durazno \u200b Florida Treinta y Tres \u200b Barros Blancos \u200b Ciudad del Plata \u200b San Carlos Colonia del Sacramento Pando\u2026<\/p>\n","protected":false},"author":1,"featured_media":3874,"parent":0,"menu_order":0,"comment_status":"closed","ping_status":"closed","template":"elementor_header_footer","meta":[],"tags":[],"blocksy_meta":{"styles_descriptor":{"styles":{"desktop":"","tablet":"","mobile":""},"google_fonts":[],"version":5}},"yoast_head":"<!-- This site is optimized with the Yoast SEO plugin v20.6 - https:\/\/yoast.com\/wordpress\/plugins\/seo\/ -->\n<title>Grupos de WhatsApp - OmegaPRO | Registro | Omega PRO World | Uruguay<\/title>\n<meta name=\"description\" content=\"Grupos de WhatsApp - Registro OmegaPRO | \u00a1\u00danase a un grupo ahora mismo y sea atendido por un consultor cerca de usted en su regi\u00f3n!\" \/>\n<meta name=\"robots\" content=\"index, follow, max-snippet:-1, max-image-preview:large, max-video-preview:-1\" \/>\n<link rel=\"canonical\" href=\"https:\/\/registerforex.com\/uy\/grupos-de-whatsapp\/\" \/>\n<meta property=\"og:locale\" content=\"es_ES\" \/>\n<meta property=\"og:type\" content=\"article\" \/>\n<meta property=\"og:title\" content=\"Grupos de WhatsApp - OmegaPRO | Registro | Omega PRO World | Uruguay\" \/>\n<meta property=\"og:description\" content=\"Grupos de WhatsApp - Registro OmegaPRO | \u00a1\u00danase a un grupo ahora mismo y sea atendido por un consultor cerca de usted en su regi\u00f3n!\" \/>\n<meta property=\"og:url\" content=\"https:\/\/registerforex.com\/uy\/grupos-de-whatsapp\/\" \/>\n<meta property=\"og:site_name\" content=\"OmegaPRO | Registro | Omega PRO World | Uruguay\" \/>\n<meta property=\"article:modified_time\" content=\"2022-08-04T13:43:45+00:00\" \/>\n<meta property=\"og:image\" content=\"https:\/\/registerforex.com\/uy\/wp-content\/uploads\/2022\/07\/portada-de-pagina-grupos-de-whatsapp-Registro-OmegaPro-World.jpg\" \/>\n\t<meta property=\"og:image:width\" content=\"1124\" \/>\n\t<meta property=\"og:image:height\" content=\"1124\" \/>\n\t<meta property=\"og:image:type\" content=\"image\/jpeg\" \/>\n<meta name=\"twitter:card\" content=\"summary_large_image\" \/>\n<meta name=\"twitter:label1\" content=\"Tiempo de lectura\" \/>\n\t<meta name=\"twitter:data1\" content=\"1 minuto\" \/>\n<script type=\"application\/ld+json\" class=\"yoast-schema-graph\">{\"@context\":\"https:\/\/schema.org\",\"@graph\":[{\"@type\":\"WebPage\",\"@id\":\"https:\/\/registerforex.com\/uy\/grupos-de-whatsapp\/\",\"url\":\"https:\/\/registerforex.com\/uy\/grupos-de-whatsapp\/\",\"name\":\"Grupos de WhatsApp - OmegaPRO | Registro | Omega PRO World | Uruguay\",\"isPartOf\":{\"@id\":\"https:\/\/registerforex.com\/uy\/#website\"},\"datePublished\":\"2017-07-06T18:23:04+00:00\",\"dateModified\":\"2022-08-04T13:43:45+00:00\",\"description\":\"Grupos de WhatsApp - Registro OmegaPRO | \u00a1\u00danase a un grupo ahora mismo y sea atendido por un consultor cerca de usted en su regi\u00f3n!\",\"breadcrumb\":{\"@id\":\"https:\/\/registerforex.com\/uy\/grupos-de-whatsapp\/#breadcrumb\"},\"inLanguage\":\"es-UY\",\"potentialAction\":[{\"@type\":\"ReadAction\",\"target\":[\"https:\/\/registerforex.com\/uy\/grupos-de-whatsapp\/\"]}]},{\"@type\":\"BreadcrumbList\",\"@id\":\"https:\/\/registerforex.com\/uy\/grupos-de-whatsapp\/#breadcrumb\",\"itemListElement\":[{\"@type\":\"ListItem\",\"position\":1,\"name\":\"Home\",\"item\":\"https:\/\/registerforex.com\/uy\/\"},{\"@type\":\"ListItem\",\"position\":2,\"name\":\"Grupos de WhatsApp\"}]},{\"@type\":\"WebSite\",\"@id\":\"https:\/\/registerforex.com\/uy\/#website\",\"url\":\"https:\/\/registerforex.com\/uy\/\",\"name\":\"OmegaPRO | Registro | Omega PRO World | Uruguay\",\"description\":\"OmegaPRO | Registro | Uruguay | Aprende todo sobre c\u00f3mo funciona Omega Pro y reg\u00edstrate aqu\u00ed y obt\u00e9n ganancias de forma segura en el mercado de inversi\u00f3n.\",\"publisher\":{\"@id\":\"https:\/\/registerforex.com\/uy\/#organization\"},\"potentialAction\":[{\"@type\":\"SearchAction\",\"target\":{\"@type\":\"EntryPoint\",\"urlTemplate\":\"https:\/\/registerforex.com\/uy\/?s={search_term_string}\"},\"query-input\":\"required name=search_term_string\"}],\"inLanguage\":\"es-UY\"},{\"@type\":\"Organization\",\"@id\":\"https:\/\/registerforex.com\/uy\/#organization\",\"name\":\"OmegaPRO | Registro | Omega PRO World | Uruguay\",\"url\":\"https:\/\/registerforex.com\/uy\/\",\"logo\":{\"@type\":\"ImageObject\",\"inLanguage\":\"es-UY\",\"@id\":\"https:\/\/registerforex.com\/uy\/#\/schema\/logo\/image\/\",\"url\":\"https:\/\/registerforex.com\/uy\/wp-content\/uploads\/2022\/08\/logo-uruguay-registro-omegapro-world.png\",\"contentUrl\":\"https:\/\/registerforex.com\/uy\/wp-content\/uploads\/2022\/08\/logo-uruguay-registro-omegapro-world.png\",\"width\":390,\"height\":95,\"caption\":\"OmegaPRO | Registro | Omega PRO World | Uruguay\"},\"image\":{\"@id\":\"https:\/\/registerforex.com\/uy\/#\/schema\/logo\/image\/\"}}]}<\/script>\n<!-- \/ Yoast SEO plugin. -->","yoast_head_json":{"title":"Grupos de WhatsApp - OmegaPRO | Registro | Omega PRO World | Uruguay","description":"Grupos de WhatsApp - Registro OmegaPRO | \u00a1\u00danase a un grupo ahora mismo y sea atendido por un consultor cerca de usted en su regi\u00f3n!","robots":{"index":"index","follow":"follow","max-snippet":"max-snippet:-1","max-image-preview":"max-image-preview:large","max-video-preview":"max-video-preview:-1"},"canonical":"https:\/\/registerforex.com\/uy\/grupos-de-whatsapp\/","og_locale":"es_ES","og_type":"article","og_title":"Grupos de WhatsApp - OmegaPRO | Registro | Omega PRO World | Uruguay","og_description":"Grupos de WhatsApp - Registro OmegaPRO | \u00a1\u00danase a un grupo ahora mismo y sea atendido por un consultor cerca de usted en su regi\u00f3n!","og_url":"https:\/\/registerforex.com\/uy\/grupos-de-whatsapp\/","og_site_name":"OmegaPRO | Registro | Omega PRO World | Uruguay","article_modified_time":"2022-08-04T13:43:45+00:00","og_image":[{"width":1124,"height":1124,"url":"https:\/\/registerforex.com\/uy\/wp-content\/uploads\/2022\/07\/portada-de-pagina-grupos-de-whatsapp-Registro-OmegaPro-World.jpg","type":"image\/jpeg"}],"twitter_card":"summary_large_image","twitter_misc":{"Tiempo de lectura":"1 minuto"},"schema":{"@context":"https:\/\/schema.org","@graph":[{"@type":"WebPage","@id":"https:\/\/registerforex.com\/uy\/grupos-de-whatsapp\/","url":"https:\/\/registerforex.com\/uy\/grupos-de-whatsapp\/","name":"Grupos de WhatsApp - OmegaPRO | Registro | Omega PRO World | Uruguay","isPartOf":{"@id":"https:\/\/registerforex.com\/uy\/#website"},"datePublished":"2017-07-06T18:23:04+00:00","dateModified":"2022-08-04T13:43:45+00:00","description":"Grupos de WhatsApp - Registro OmegaPRO | \u00a1\u00danase a un grupo ahora mismo y sea atendido por un consultor cerca de usted en su regi\u00f3n!","breadcrumb":{"@id":"https:\/\/registerforex.com\/uy\/grupos-de-whatsapp\/#breadcrumb"},"inLanguage":"es-UY","potentialAction":[{"@type":"ReadAction","target":["https:\/\/registerforex.com\/uy\/grupos-de-whatsapp\/"]}]},{"@type":"BreadcrumbList","@id":"https:\/\/registerforex.com\/uy\/grupos-de-whatsapp\/#breadcrumb","itemListElement":[{"@type":"ListItem","position":1,"name":"Home","item":"https:\/\/registerforex.com\/uy\/"},{"@type":"ListItem","position":2,"name":"Grupos de WhatsApp"}]},{"@type":"WebSite","@id":"https:\/\/registerforex.com\/uy\/#website","url":"https:\/\/registerforex.com\/uy\/","name":"OmegaPRO | Registro | Omega PRO World | Uruguay","description":"OmegaPRO | Registro | Uruguay | Aprende todo sobre c\u00f3mo funciona Omega Pro y reg\u00edstrate aqu\u00ed y obt\u00e9n ganancias de forma segura en el mercado de inversi\u00f3n.","publisher":{"@id":"https:\/\/registerforex.com\/uy\/#organization"},"potentialAction":[{"@type":"SearchAction","target":{"@type":"EntryPoint","urlTemplate":"https:\/\/registerforex.com\/uy\/?s={search_term_string}"},"query-input":"required name=search_term_string"}],"inLanguage":"es-UY"},{"@type":"Organization","@id":"https:\/\/registerforex.com\/uy\/#organization","name":"OmegaPRO | Registro | Omega PRO World | Uruguay","url":"https:\/\/registerforex.com\/uy\/","logo":{"@type":"ImageObject","inLanguage":"es-UY","@id":"https:\/\/registerforex.com\/uy\/#\/schema\/logo\/image\/","url":"https:\/\/registerforex.com\/uy\/wp-content\/uploads\/2022\/08\/logo-uruguay-registro-omegapro-world.png","contentUrl":"https:\/\/registerforex.com\/uy\/wp-content\/uploads\/2022\/08\/logo-uruguay-registro-omegapro-world.png","width":390,"height":95,"caption":"OmegaPRO | Registro | Omega PRO World | Uruguay"},"image":{"@id":"https:\/\/registerforex.com\/uy\/#\/schema\/logo\/image\/"}}]}},"_links":{"self":[{"href":"https:\/\/registerforex.com\/uy\/wp-json\/wp\/v2\/pages\/2294"}],"collection":[{"href":"https:\/\/registerforex.com\/uy\/wp-json\/wp\/v2\/pages"}],"about":[{"href":"https:\/\/registerforex.com\/uy\/wp-json\/wp\/v2\/types\/page"}],"author":[{"embeddable":true,"href":"https:\/\/registerforex.com\/uy\/wp-json\/wp\/v2\/users\/1"}],"replies":[{"embeddable":true,"href":"https:\/\/registerforex.com\/uy\/wp-json\/wp\/v2\/comments?post=2294"}],"version-history":[{"count":19,"href":"https:\/\/registerforex.com\/uy\/wp-json\/wp\/v2\/pages\/2294\/revisions"}],"predecessor-version":[{"id":3918,"href":"https:\/\/registerforex.com\/uy\/wp-json\/wp\/v2\/pages\/2294\/revisions\/3918"}],"wp:featuredmedia":[{"embeddable":true,"href":"https:\/\/registerforex.com\/uy\/wp-json\/wp\/v2\/media\/3874"}],"wp:attachment":[{"href":"https:\/\/registerforex.com\/uy\/wp-json\/wp\/v2\/media?parent=2294"}],"wp:term":[{"taxonomy":"post_tag","embeddable":true,"href":"https:\/\/registerforex.com\/uy\/wp-json\/wp\/v2\/tags?post=2294"}],"curies":[{"name":"wp","href":"https:\/\/api.w.org\/{rel}","templated":true}]}}