{"id":451,"date":"2017-07-03T05:10:04","date_gmt":"2017-07-03T05:10:04","guid":{"rendered":"http:\/\/bandeiracoin.com.br\/?page_id=451"},"modified":"2022-07-27T12:12:02","modified_gmt":"2022-07-27T12:12:02","slug":"encuentre-un-consultor-omegapro","status":"publish","type":"page","link":"https:\/\/registerforex.com\/uy\/encuentre-un-consultor-omegapro\/","title":{"rendered":"Encuentre un Consultor OmegaPRO"},"content":{"rendered":"[vc_row][vc_column][vc_row_inner][vc_column_inner width=\u00bb1\/4&#8243;][\/vc_column_inner][vc_column_inner width=\u00bb1\/2&#8243;][vc_single_image image=\u00bb3345&#8243; img_size=\u00bbfull\u00bb alignment=\u00bbcenter\u00bb css_animation=\u00bbflipInX\u00bb][\/vc_column_inner][vc_column_inner width=\u00bb1\/4&#8243;][\/vc_column_inner][\/vc_row_inner][vc_row_inner][vc_column_inner width=\u00bb1\/6&#8243;][\/vc_column_inner][vc_column_inner width=\u00bb2\/3&#8243;][vc_custom_heading text=\u00bb\u00a1Encuentra un <b> Consultor OmegaPRO <\/b> cerca de ti!\u00bb font_container=\u00bbtag:h2|font_size:28|text_align:center|color:%2327f7f7&#8243; google_fonts=\u00bbfont_family:Nunito%3A300%2Cregular%2C700|font_style:700%20bold%20regular%3A700%3Anormal\u00bb][vc_custom_heading text=\u00bbSi est\u00e1 interesado en invertir su dinero para ganar m\u00e1s de lo que paga el mercado convencional,<br \/>\n\u00a1elija uno de nuestros Consultores que est\u00e9 cerca de usted a continuaci\u00f3n!\u00bb font_container=\u00bbtag:h2|font_size:24|text_align:center|color:%2300fc75&#8243; google_fonts=\u00bbfont_family:Quantico%3Aregular%2Citalic%2C700%2C700italic|font_style:700%20bold%20italic%3A700%3Aitalic\u00bb][vc_custom_heading text=\u00bbSi a\u00fan no hay uno pr\u00f3ximo, \u00a1s\u00e9 el primero en tu regi\u00f3n!<br \/>\n\u00bb font_container=\u00bbtag:h2|font_size:30|text_align:center|color:%23ddb500&#8243; google_fonts=\u00bbfont_family:Quantico%3Aregular%2Citalic%2C700%2C700italic|font_style:700%20bold%20italic%3A700%3Aitalic\u00bb][\/vc_column_inner][vc_column_inner width=\u00bb1\/6&#8243;][\/vc_column_inner][\/vc_row_inner][vc_row_inner][vc_column_inner width=\u00bb1\/3&#8243;][\/vc_column_inner][vc_column_inner width=\u00bb1\/3&#8243;][vc_column_text]Elija su estado y condado de la lista a continuaci\u00f3n:<br \/>\n[\/vc_column_text][vc_wp_categories title=\u00bbEstados \/ Ciudades\u00bb options=\u00bbdropdown,hierarchical\u00bb][vc_column_text]Haga clic en Buscar despu\u00e9s de seleccionar el estado o la ciudad<br \/>\n[\/vc_column_text][\/vc_column_inner][vc_column_inner width=\u00bb1\/3&#8243;][\/vc_column_inner][\/vc_row_inner][\/vc_column][\/vc_row]\n","protected":false},"excerpt":{"rendered":"<p>[vc_row][vc_column][vc_row_inner][vc_column_inner width=\u00bb1\/4&#8243;][\/vc_column_inner][vc_column_inner width=\u00bb1\/2&#8243;][vc_single_image image=\u00bb3345&#8243; img_size=\u00bbfull\u00bb alignment=\u00bbcenter\u00bb css_animation=\u00bbflipInX\u00bb][\/vc_column_inner][vc_column_inner width=\u00bb1\/4&#8243;][\/vc_column_inner][\/vc_row_inner][vc_row_inner][vc_column_inner width=\u00bb1\/6&#8243;][\/vc_column_inner][vc_column_inner width=\u00bb2\/3&#8243;][vc_custom_heading text=\u00bb\u00a1Encuentra un Consultor OmegaPRO cerca de ti!\u00bb font_container=\u00bbtag:h2|font_size:28|text_align:center|color:%2327f7f7&#8243; google_fonts=\u00bbfont_family:Nunito%3A300%2Cregular%2C700|font_style:700%20bold%20regular%3A700%3Anormal\u00bb][vc_custom_heading text=\u00bbSi est\u00e1 interesado en invertir su dinero para ganar m\u00e1s de lo que paga el mercado convencional, \u00a1elija uno de nuestros Consultores que est\u00e9 cerca de usted a continuaci\u00f3n!\u00bb font_container=\u00bbtag:h2|font_size:24|text_align:center|color:%2300fc75&#8243; google_fonts=\u00bbfont_family:Quantico%3Aregular%2Citalic%2C700%2C700italic|font_style:700%20bold%20italic%3A700%3Aitalic\u00bb][vc_custom_heading text=\u00bbSi a\u00fan no hay uno pr\u00f3ximo, \u00a1s\u00e9 el primero en tu regi\u00f3n! \u00bb font_container=\u00bbtag:h2|font_size:30|text_align:center|color:%23ddb500&#8243; google_fonts=\u00bbfont_family:Quantico%3Aregular%2Citalic%2C700%2C700italic|font_style:700%20bold%20italic%3A700%3Aitalic\u00bb][\/vc_column_inner][vc_column_inner width=\u00bb1\/6&#8243;][\/vc_column_inner][\/vc_row_inner][vc_row_inner][vc_column_inner width=\u00bb1\/3&#8243;][\/vc_column_inner][vc_column_inner width=\u00bb1\/3&#8243;][vc_column_text]Elija su estado y condado de la lista a continuaci\u00f3n: [\/vc_column_text][vc_wp_categories title=\u00bbEstados \/ Ciudades\u00bb options=\u00bbdropdown,hierarchical\u00bb][vc_column_text]Haga clic en Buscar despu\u00e9s de seleccionar el estado o la ciudad [\/vc_column_text][\/vc_column_inner][vc_column_inner width=\u00bb1\/3&#8243;][\/vc_column_inner][\/vc_row_inner][\/vc_column][\/vc_row]<\/p>\n","protected":false},"author":1,"featured_media":3873,"parent":0,"menu_order":0,"comment_status":"closed","ping_status":"closed","template":"elementor_header_footer","meta":[],"tags":[],"blocksy_meta":{"styles_descriptor":{"styles":{"desktop":"","tablet":"","mobile":""},"google_fonts":[],"version":5}},"yoast_head":"<!-- This site is optimized with the Yoast SEO plugin v20.6 - https:\/\/yoast.com\/wordpress\/plugins\/seo\/ -->\n<title>Encuentre un Consultor OmegaPRO<\/title>\n<meta name=\"description\" content=\"Encuentre un Consultor OmegaPRO cerca de su Regi\u00f3n para registrarse y comprender mejor c\u00f3mo obtener mejores resultados.\" \/>\n<meta name=\"robots\" content=\"index, follow, max-snippet:-1, max-image-preview:large, max-video-preview:-1\" \/>\n<link rel=\"canonical\" href=\"https:\/\/registerforex.com\/uy\/encuentre-un-consultor-omegapro\/\" \/>\n<meta property=\"og:locale\" content=\"es_ES\" \/>\n<meta property=\"og:type\" content=\"article\" \/>\n<meta property=\"og:title\" content=\"Encuentre un Consultor OmegaPRO\" \/>\n<meta property=\"og:description\" content=\"Encuentre un Consultor OmegaPRO cerca de su Regi\u00f3n para registrarse y comprender mejor c\u00f3mo obtener mejores resultados.\" \/>\n<meta property=\"og:url\" content=\"https:\/\/registerforex.com\/uy\/encuentre-un-consultor-omegapro\/\" \/>\n<meta property=\"og:site_name\" content=\"OmegaPRO | Registro | Omega PRO World | Uruguay\" \/>\n<meta property=\"article:modified_time\" content=\"2022-07-27T12:12:02+00:00\" \/>\n<meta property=\"og:image\" content=\"https:\/\/registerforex.com\/uy\/wp-content\/uploads\/2022\/07\/portada-de-pagina-encontrar-un-consultor-Registro-OmegaPro-World.jpg\" \/>\n\t<meta property=\"og:image:width\" content=\"1124\" \/>\n\t<meta property=\"og:image:height\" content=\"1124\" \/>\n\t<meta property=\"og:image:type\" content=\"image\/jpeg\" \/>\n<meta name=\"twitter:card\" content=\"summary_large_image\" \/>\n<meta name=\"twitter:label1\" content=\"Tiempo de lectura\" \/>\n\t<meta name=\"twitter:data1\" content=\"1 minuto\" \/>\n<script type=\"application\/ld+json\" class=\"yoast-schema-graph\">{\"@context\":\"https:\/\/schema.org\",\"@graph\":[{\"@type\":\"WebPage\",\"@id\":\"https:\/\/registerforex.com\/uy\/encuentre-un-consultor-omegapro\/\",\"url\":\"https:\/\/registerforex.com\/uy\/encuentre-un-consultor-omegapro\/\",\"name\":\"Encuentre un Consultor OmegaPRO\",\"isPartOf\":{\"@id\":\"https:\/\/registerforex.com\/uy\/#website\"},\"datePublished\":\"2017-07-03T05:10:04+00:00\",\"dateModified\":\"2022-07-27T12:12:02+00:00\",\"description\":\"Encuentre un Consultor OmegaPRO cerca de su Regi\u00f3n para registrarse y comprender mejor c\u00f3mo obtener mejores resultados.\",\"breadcrumb\":{\"@id\":\"https:\/\/registerforex.com\/uy\/encuentre-un-consultor-omegapro\/#breadcrumb\"},\"inLanguage\":\"es-UY\",\"potentialAction\":[{\"@type\":\"ReadAction\",\"target\":[\"https:\/\/registerforex.com\/uy\/encuentre-un-consultor-omegapro\/\"]}]},{\"@type\":\"BreadcrumbList\",\"@id\":\"https:\/\/registerforex.com\/uy\/encuentre-un-consultor-omegapro\/#breadcrumb\",\"itemListElement\":[{\"@type\":\"ListItem\",\"position\":1,\"name\":\"Home\",\"item\":\"https:\/\/registerforex.com\/uy\/\"},{\"@type\":\"ListItem\",\"position\":2,\"name\":\"Encuentre un Consultor OmegaPRO\"}]},{\"@type\":\"WebSite\",\"@id\":\"https:\/\/registerforex.com\/uy\/#website\",\"url\":\"https:\/\/registerforex.com\/uy\/\",\"name\":\"OmegaPRO | Registro | Omega PRO World | Uruguay\",\"description\":\"OmegaPRO | Registro | Uruguay | Aprende todo sobre c\u00f3mo funciona Omega Pro y reg\u00edstrate aqu\u00ed y obt\u00e9n ganancias de forma segura en el mercado de inversi\u00f3n.\",\"publisher\":{\"@id\":\"https:\/\/registerforex.com\/uy\/#organization\"},\"potentialAction\":[{\"@type\":\"SearchAction\",\"target\":{\"@type\":\"EntryPoint\",\"urlTemplate\":\"https:\/\/registerforex.com\/uy\/?s={search_term_string}\"},\"query-input\":\"required name=search_term_string\"}],\"inLanguage\":\"es-UY\"},{\"@type\":\"Organization\",\"@id\":\"https:\/\/registerforex.com\/uy\/#organization\",\"name\":\"OmegaPRO | Registro | Omega PRO World | Uruguay\",\"url\":\"https:\/\/registerforex.com\/uy\/\",\"logo\":{\"@type\":\"ImageObject\",\"inLanguage\":\"es-UY\",\"@id\":\"https:\/\/registerforex.com\/uy\/#\/schema\/logo\/image\/\",\"url\":\"https:\/\/registerforex.com\/uy\/wp-content\/uploads\/2022\/08\/logo-uruguay-registro-omegapro-world.png\",\"contentUrl\":\"https:\/\/registerforex.com\/uy\/wp-content\/uploads\/2022\/08\/logo-uruguay-registro-omegapro-world.png\",\"width\":390,\"height\":95,\"caption\":\"OmegaPRO | Registro | Omega PRO World | Uruguay\"},\"image\":{\"@id\":\"https:\/\/registerforex.com\/uy\/#\/schema\/logo\/image\/\"}}]}<\/script>\n<!-- \/ Yoast SEO plugin. -->","yoast_head_json":{"title":"Encuentre un Consultor OmegaPRO","description":"Encuentre un Consultor OmegaPRO cerca de su Regi\u00f3n para registrarse y comprender mejor c\u00f3mo obtener mejores resultados.","robots":{"index":"index","follow":"follow","max-snippet":"max-snippet:-1","max-image-preview":"max-image-preview:large","max-video-preview":"max-video-preview:-1"},"canonical":"https:\/\/registerforex.com\/uy\/encuentre-un-consultor-omegapro\/","og_locale":"es_ES","og_type":"article","og_title":"Encuentre un Consultor OmegaPRO","og_description":"Encuentre un Consultor OmegaPRO cerca de su Regi\u00f3n para registrarse y comprender mejor c\u00f3mo obtener mejores resultados.","og_url":"https:\/\/registerforex.com\/uy\/encuentre-un-consultor-omegapro\/","og_site_name":"OmegaPRO | Registro | Omega PRO World | Uruguay","article_modified_time":"2022-07-27T12:12:02+00:00","og_image":[{"width":1124,"height":1124,"url":"https:\/\/registerforex.com\/uy\/wp-content\/uploads\/2022\/07\/portada-de-pagina-encontrar-un-consultor-Registro-OmegaPro-World.jpg","type":"image\/jpeg"}],"twitter_card":"summary_large_image","twitter_misc":{"Tiempo de lectura":"1 minuto"},"schema":{"@context":"https:\/\/schema.org","@graph":[{"@type":"WebPage","@id":"https:\/\/registerforex.com\/uy\/encuentre-un-consultor-omegapro\/","url":"https:\/\/registerforex.com\/uy\/encuentre-un-consultor-omegapro\/","name":"Encuentre un Consultor OmegaPRO","isPartOf":{"@id":"https:\/\/registerforex.com\/uy\/#website"},"datePublished":"2017-07-03T05:10:04+00:00","dateModified":"2022-07-27T12:12:02+00:00","description":"Encuentre un Consultor OmegaPRO cerca de su Regi\u00f3n para registrarse y comprender mejor c\u00f3mo obtener mejores resultados.","breadcrumb":{"@id":"https:\/\/registerforex.com\/uy\/encuentre-un-consultor-omegapro\/#breadcrumb"},"inLanguage":"es-UY","potentialAction":[{"@type":"ReadAction","target":["https:\/\/registerforex.com\/uy\/encuentre-un-consultor-omegapro\/"]}]},{"@type":"BreadcrumbList","@id":"https:\/\/registerforex.com\/uy\/encuentre-un-consultor-omegapro\/#breadcrumb","itemListElement":[{"@type":"ListItem","position":1,"name":"Home","item":"https:\/\/registerforex.com\/uy\/"},{"@type":"ListItem","position":2,"name":"Encuentre un Consultor OmegaPRO"}]},{"@type":"WebSite","@id":"https:\/\/registerforex.com\/uy\/#website","url":"https:\/\/registerforex.com\/uy\/","name":"OmegaPRO | Registro | Omega PRO World | Uruguay","description":"OmegaPRO | Registro | Uruguay | Aprende todo sobre c\u00f3mo funciona Omega Pro y reg\u00edstrate aqu\u00ed y obt\u00e9n ganancias de forma segura en el mercado de inversi\u00f3n.","publisher":{"@id":"https:\/\/registerforex.com\/uy\/#organization"},"potentialAction":[{"@type":"SearchAction","target":{"@type":"EntryPoint","urlTemplate":"https:\/\/registerforex.com\/uy\/?s={search_term_string}"},"query-input":"required name=search_term_string"}],"inLanguage":"es-UY"},{"@type":"Organization","@id":"https:\/\/registerforex.com\/uy\/#organization","name":"OmegaPRO | Registro | Omega PRO World | Uruguay","url":"https:\/\/registerforex.com\/uy\/","logo":{"@type":"ImageObject","inLanguage":"es-UY","@id":"https:\/\/registerforex.com\/uy\/#\/schema\/logo\/image\/","url":"https:\/\/registerforex.com\/uy\/wp-content\/uploads\/2022\/08\/logo-uruguay-registro-omegapro-world.png","contentUrl":"https:\/\/registerforex.com\/uy\/wp-content\/uploads\/2022\/08\/logo-uruguay-registro-omegapro-world.png","width":390,"height":95,"caption":"OmegaPRO | Registro | Omega PRO World | Uruguay"},"image":{"@id":"https:\/\/registerforex.com\/uy\/#\/schema\/logo\/image\/"}}]}},"_links":{"self":[{"href":"https:\/\/registerforex.com\/uy\/wp-json\/wp\/v2\/pages\/451"}],"collection":[{"href":"https:\/\/registerforex.com\/uy\/wp-json\/wp\/v2\/pages"}],"about":[{"href":"https:\/\/registerforex.com\/uy\/wp-json\/wp\/v2\/types\/page"}],"author":[{"embeddable":true,"href":"https:\/\/registerforex.com\/uy\/wp-json\/wp\/v2\/users\/1"}],"replies":[{"embeddable":true,"href":"https:\/\/registerforex.com\/uy\/wp-json\/wp\/v2\/comments?post=451"}],"version-history":[{"count":6,"href":"https:\/\/registerforex.com\/uy\/wp-json\/wp\/v2\/pages\/451\/revisions"}],"predecessor-version":[{"id":3813,"href":"https:\/\/registerforex.com\/uy\/wp-json\/wp\/v2\/pages\/451\/revisions\/3813"}],"wp:featuredmedia":[{"embeddable":true,"href":"https:\/\/registerforex.com\/uy\/wp-json\/wp\/v2\/media\/3873"}],"wp:attachment":[{"href":"https:\/\/registerforex.com\/uy\/wp-json\/wp\/v2\/media?parent=451"}],"wp:term":[{"taxonomy":"post_tag","embeddable":true,"href":"https:\/\/registerforex.com\/uy\/wp-json\/wp\/v2\/tags?post=451"}],"curies":[{"name":"wp","href":"https:\/\/api.w.org\/{rel}","templated":true}]}}